{"id":17512,"date":"2021-10-01T08:34:51","date_gmt":"2021-10-01T08:34:51","guid":{"rendered":"https:\/\/genekor.com\/patient-experiences\/"},"modified":"2025-10-10T09:47:52","modified_gmt":"2025-10-10T09:47:52","slug":"patient-experiences","status":"publish","type":"page","link":"https:\/\/genekor.com\/sk\/patient-experiences\/","title":{"rendered":"Sk\u00fasenosti pacientov"},"content":{"rendered":"\n<svg xmlns=\"http:\/\/www.w3.org\/2000\/svg\" id=\"Layer_3\" data-name=\"Layer 1\" viewbox=\"0 0 345.83 392.13\">\n                        <path d=\"M292.71,355.91a32.43,32.43,0,0,1-20.56-7c-4.77-3.86-8.54-8.85-11.91-13.67-9-12.82-11.49-23.46-8.75-36.73,3.39-16.43,9.68-27.95,19.23-35.23,6-4.58,13.46-8.22,23.47-11.45,8.58-2.77,19.74-5.47,30-1.76,8.39,3,15.74,10.49,20.7,21a57.65,57.65,0,0,1-5.6,59.37,61.32,61.32,0,0,1-18.46,16.31,80.56,80.56,0,0,1-17.55,7.67A38.19,38.19,0,0,1,292.71,355.91ZM252.39,298.7h0Z\" class=\"header-svg\" transform=\"translate(-127.08 -103.93)\" style=\"fill:none;stroke:#1d1d1b;stroke-miterlimit:10\"><\/path>\n                        <path d=\"M303,341.58a20.88,20.88,0,0,1-5-.61,45,45,0,0,1-11.38-5c-9.19-5.31-14-11.39-16.15-20.35h0c-2.66-11.2-2.09-20.2,1.73-27.52,2.41-4.59,6-9,11.26-13.92,4.53-4.22,10.7-9.15,18.18-9.82,6.14-.55,12.9,1.95,19.05,7a39.61,39.61,0,0,1,13.78,38.58,42.32,42.32,0,0,1-6.74,15.52,56.43,56.43,0,0,1-8.67,9.85A24.58,24.58,0,0,1,303,341.58Z\" class=\"header-svg\" transform=\"translate(-127.08 -103.93)\" style=\"fill:none;stroke:#1d1d1b;stroke-miterlimit:10\"><\/path>\n                        <path d=\"M300,313.44a9.83,9.83,0,0,1-4.5-1,16,16,0,0,1-4.37-3.42c-1.35-1.4-2.93-3.32-3.18-5.73a8.65,8.65,0,0,1,2.14-6.18,12.45,12.45,0,0,1,12-4.5,13.16,13.16,0,0,1,4.88,2,16.8,16.8,0,0,1,3.09,2.64,7.67,7.67,0,0,1,1.93,6.81,14.26,14.26,0,0,1-1.51,3.57,9.58,9.58,0,0,1-6.38,5.21h0A16.89,16.89,0,0,1,300,313.44Z\" class=\"header-svg\" transform=\"translate(-127.08 -103.93)\" style=\"fill:none;stroke:#1d1d1b;stroke-miterlimit:10\"><\/path>\n                        <path d=\"M312.67,375.94a109.49,109.49,0,0,1-19.24-2.1C272.13,370,259.26,362,249,346.33h0c-12.71-19.45-17.78-36.91-15.52-53.36,1.43-10.36,5.22-21.22,11.91-34.19,5.72-11.09,14-24.63,27.67-30.95,11.18-5.19,25.63-5,40.71.41,28.26,10.22,48.36,34.66,52.44,63.78a85.13,85.13,0,0,1-2.21,34,112.68,112.68,0,0,1-9.77,24.69c-7.87,14.13-21.25,23.44-35.78,24.91C316.54,375.85,314.6,375.94,312.67,375.94Z\" class=\"header-svg\" transform=\"translate(-127.08 -103.93)\" style=\"fill:none;stroke:#1d1d1b;stroke-miterlimit:10\"><\/path>\n                        <path d=\"M281.06,443.62c-19.51,0-38-6.12-52.42-17.81-12.22-9.92-21.93-22.77-30.59-35.16-23-32.89-29.5-60.18-22.48-94.17h0c8.73-42.25,24.87-71.86,49.33-90.53,15.44-11.77,34.65-21.13,60.47-29.46,22-7.11,50.67-14.05,76.79-4.59,21.41,7.76,40.19,26.81,52.88,53.65,23.83,50.42,18.32,108.87-14.38,152.53A157.93,157.93,0,0,1,353.22,420c-15.4,8.85-31,15.68-45.2,19.76A97.59,97.59,0,0,1,281.06,443.62ZM176.47,296.67h0Z\" class=\"header-svg\" transform=\"translate(-127.08 -103.93)\" style=\"fill:none;stroke:#1d1d1b;stroke-miterlimit:10\"><\/path>\n                        <path d=\"M307.87,414.82A57.11,57.11,0,0,1,294,413.14c-11.34-2.84-21.91-8.43-31.63-14-25.82-14.91-38.79-31.23-44.76-56.33h0c-7.41-31.16-5.86-56.16,4.74-76.43,6.68-12.77,16.66-25.11,31.4-38.82,12.59-11.71,29.68-25.39,50.27-27.24,16.88-1.51,35.52,5.4,52.51,19.48,31.89,26.43,46.56,67.5,38.29,107.16a117.29,117.29,0,0,1-18.74,43.13,155.69,155.69,0,0,1-24.19,27.49C339.05,408.77,323.3,414.82,307.87,414.82Z\" class=\"header-svg\" transform=\"translate(-127.08 -103.93)\" style=\"fill:none;stroke:#1d1d1b;stroke-miterlimit:10\"><\/path>\n                        <path d=\"M300.79,326.66a19.69,19.69,0,0,1-9.05-2,33.09,33.09,0,0,1-8.93-7c-2.72-2.83-5.92-6.7-6.42-11.49-.42-3.93,1.11-8.29,4.3-12.26a25.14,25.14,0,0,1,24.38-9.13,26.82,26.82,0,0,1,9.91,4.12,35.19,35.19,0,0,1,6.32,5.4,15.11,15.11,0,0,1,3.83,13.45,28.29,28.29,0,0,1-3.08,7.26c-3.29,5.9-7.12,9-12.81,10.49h0A34.36,34.36,0,0,1,300.79,326.66Z\" class=\"header-svg\" transform=\"translate(-127.08 -103.93)\" style=\"fill:none;stroke:#1d1d1b;stroke-miterlimit:10\"><\/path>\n                        <path d=\"M332.84,495.57c-16.85,0-33.68-2.54-49.65-5.42-54.81-9.9-87.91-30.39-114.25-70.72-32.76-50.17-45.84-95.12-40-137.43,3.69-26.71,13.45-54.75,30.74-88.23,14.74-28.56,36.14-63.41,71.1-79.64,28.64-13.3,65.74-12.9,104.48,1.11,72.82,26.34,124.59,89.3,135.11,164.3a219.46,219.46,0,0,1-5.71,87.72c-6.52,23.79-15.23,45.83-25.2,63.72-20.19,36.24-54.47,60.12-91.7,63.86A148.69,148.69,0,0,1,332.84,495.57Z\" class=\"header-svg\" transform=\"translate(-127.08 -103.93)\" style=\"fill:none;stroke:#1d1d1b;stroke-miterlimit:10\"><\/path><\/svg>\n","protected":false},"excerpt":{"rendered":"","protected":false},"author":1,"featured_media":0,"parent":0,"menu_order":0,"comment_status":"closed","ping_status":"closed","template":"patient-experience.php","meta":{"_acf_changed":false,"footnotes":""},"class_list":["post-17512","page","type-page","status-publish","hentry"],"acf":[],"yoast_head":"<!-- This site is optimized with the Yoast SEO Premium plugin v24.0 (Yoast SEO v24.0) - https:\/\/yoast.com\/wordpress\/plugins\/seo\/ -->\n<title>Sk\u00fasenosti pacientov - Genekor<\/title>\n<meta name=\"description\" content=\"Sk\u00fasenosti pacientov - Pozrite si a pre\u010d\u00edtajte pr\u00edbehy pacientov - Genekor\" \/>\n<meta name=\"robots\" content=\"index, follow, max-snippet:-1, max-image-preview:large, max-video-preview:-1\" \/>\n<link rel=\"canonical\" href=\"https:\/\/genekor.com\/sk\/patient-experiences\/\" \/>\n<meta property=\"og:locale\" content=\"sk_SK\" \/>\n<meta property=\"og:type\" content=\"article\" \/>\n<meta property=\"og:title\" content=\"Sk\u00fasenosti pacientov\" \/>\n<meta property=\"og:description\" content=\"Sk\u00fasenosti pacientov - Pozrite si a pre\u010d\u00edtajte pr\u00edbehy pacientov - Genekor\" \/>\n<meta property=\"og:url\" content=\"https:\/\/genekor.com\/sk\/patient-experiences\/\" \/>\n<meta property=\"og:site_name\" content=\"Genekor\" \/>\n<meta property=\"article:publisher\" content=\"https:\/\/www.facebook.com\/genekorbiotechnology\/\" \/>\n<meta property=\"article:modified_time\" content=\"2025-10-10T09:47:52+00:00\" \/>\n<meta name=\"twitter:card\" content=\"summary_large_image\" \/>\n<meta name=\"twitter:label1\" content=\"Predpokladan\u00fd \u010das \u010d\u00edtania\" \/>\n\t<meta name=\"twitter:data1\" content=\"1 min\u00fata\" \/>\n<script type=\"application\/ld+json\" class=\"yoast-schema-graph\">{\"@context\":\"https:\/\/schema.org\",\"@graph\":[{\"@type\":\"WebPage\",\"@id\":\"https:\/\/genekor.com\/sk\/patient-experiences\/\",\"url\":\"https:\/\/genekor.com\/sk\/patient-experiences\/\",\"name\":\"Sk\u00fasenosti pacientov - Genekor\",\"isPartOf\":{\"@id\":\"https:\/\/genekor.com\/sk\/#website\"},\"datePublished\":\"2021-10-01T08:34:51+00:00\",\"dateModified\":\"2025-10-10T09:47:52+00:00\",\"description\":\"Sk\u00fasenosti pacientov - Pozrite si a pre\u010d\u00edtajte pr\u00edbehy pacientov - Genekor\",\"breadcrumb\":{\"@id\":\"https:\/\/genekor.com\/sk\/patient-experiences\/#breadcrumb\"},\"inLanguage\":\"sk-SK\",\"potentialAction\":[{\"@type\":\"ReadAction\",\"target\":[\"https:\/\/genekor.com\/sk\/patient-experiences\/\"]}]},{\"@type\":\"BreadcrumbList\",\"@id\":\"https:\/\/genekor.com\/sk\/patient-experiences\/#breadcrumb\",\"itemListElement\":[{\"@type\":\"ListItem\",\"position\":1,\"name\":\"Home\",\"item\":\"https:\/\/genekor.com\/sk\/\"},{\"@type\":\"ListItem\",\"position\":2,\"name\":\"Sk\u00fasenosti pacientov\"}]},{\"@type\":\"WebSite\",\"@id\":\"https:\/\/genekor.com\/sk\/#website\",\"url\":\"https:\/\/genekor.com\/sk\/\",\"name\":\"Genekor\",\"description\":\"\u039c\u03bf\u03c1\u03b9\u03b1\u03ba\u03ae \u0393\u03b5\u03bd\u03b5\u03c4\u03b9\u03ba\u03ae\",\"publisher\":{\"@id\":\"https:\/\/genekor.com\/sk\/#organization\"},\"potentialAction\":[{\"@type\":\"SearchAction\",\"target\":{\"@type\":\"EntryPoint\",\"urlTemplate\":\"https:\/\/genekor.com\/sk\/?s={search_term_string}\"},\"query-input\":{\"@type\":\"PropertyValueSpecification\",\"valueRequired\":true,\"valueName\":\"search_term_string\"}}],\"inLanguage\":\"sk-SK\"},{\"@type\":\"Organization\",\"@id\":\"https:\/\/genekor.com\/sk\/#organization\",\"name\":\"Genekor\",\"url\":\"https:\/\/genekor.com\/sk\/\",\"logo\":{\"@type\":\"ImageObject\",\"inLanguage\":\"sk-SK\",\"@id\":\"https:\/\/genekor.com\/sk\/#\/schema\/logo\/image\/\",\"url\":\"https:\/\/genekor.com\/wp-content\/uploads\/2021\/09\/logo-black.svg\",\"contentUrl\":\"https:\/\/genekor.com\/wp-content\/uploads\/2021\/09\/logo-black.svg\",\"width\":1,\"height\":1,\"caption\":\"Genekor\"},\"image\":{\"@id\":\"https:\/\/genekor.com\/sk\/#\/schema\/logo\/image\/\"},\"sameAs\":[\"https:\/\/www.facebook.com\/genekorbiotechnology\/\",\"https:\/\/gr.linkedin.com\/company\/genekor-sa\",\"https:\/\/www.youtube.com\/channel\/UCKC7sMFecVBY-OZAlRBHNzA\"]}]}<\/script>\n<!-- \/ Yoast SEO Premium plugin. -->","yoast_head_json":{"title":"Sk\u00fasenosti pacientov - Genekor","description":"Sk\u00fasenosti pacientov - Pozrite si a pre\u010d\u00edtajte pr\u00edbehy pacientov - Genekor","robots":{"index":"index","follow":"follow","max-snippet":"max-snippet:-1","max-image-preview":"max-image-preview:large","max-video-preview":"max-video-preview:-1"},"canonical":"https:\/\/genekor.com\/sk\/patient-experiences\/","og_locale":"sk_SK","og_type":"article","og_title":"Sk\u00fasenosti pacientov","og_description":"Sk\u00fasenosti pacientov - Pozrite si a pre\u010d\u00edtajte pr\u00edbehy pacientov - Genekor","og_url":"https:\/\/genekor.com\/sk\/patient-experiences\/","og_site_name":"Genekor","article_publisher":"https:\/\/www.facebook.com\/genekorbiotechnology\/","article_modified_time":"2025-10-10T09:47:52+00:00","twitter_card":"summary_large_image","twitter_misc":{"Predpokladan\u00fd \u010das \u010d\u00edtania":"1 min\u00fata"},"schema":{"@context":"https:\/\/schema.org","@graph":[{"@type":"WebPage","@id":"https:\/\/genekor.com\/sk\/patient-experiences\/","url":"https:\/\/genekor.com\/sk\/patient-experiences\/","name":"Sk\u00fasenosti pacientov - Genekor","isPartOf":{"@id":"https:\/\/genekor.com\/sk\/#website"},"datePublished":"2021-10-01T08:34:51+00:00","dateModified":"2025-10-10T09:47:52+00:00","description":"Sk\u00fasenosti pacientov - Pozrite si a pre\u010d\u00edtajte pr\u00edbehy pacientov - Genekor","breadcrumb":{"@id":"https:\/\/genekor.com\/sk\/patient-experiences\/#breadcrumb"},"inLanguage":"sk-SK","potentialAction":[{"@type":"ReadAction","target":["https:\/\/genekor.com\/sk\/patient-experiences\/"]}]},{"@type":"BreadcrumbList","@id":"https:\/\/genekor.com\/sk\/patient-experiences\/#breadcrumb","itemListElement":[{"@type":"ListItem","position":1,"name":"Home","item":"https:\/\/genekor.com\/sk\/"},{"@type":"ListItem","position":2,"name":"Sk\u00fasenosti pacientov"}]},{"@type":"WebSite","@id":"https:\/\/genekor.com\/sk\/#website","url":"https:\/\/genekor.com\/sk\/","name":"Genekor","description":"\u039c\u03bf\u03c1\u03b9\u03b1\u03ba\u03ae \u0393\u03b5\u03bd\u03b5\u03c4\u03b9\u03ba\u03ae","publisher":{"@id":"https:\/\/genekor.com\/sk\/#organization"},"potentialAction":[{"@type":"SearchAction","target":{"@type":"EntryPoint","urlTemplate":"https:\/\/genekor.com\/sk\/?s={search_term_string}"},"query-input":{"@type":"PropertyValueSpecification","valueRequired":true,"valueName":"search_term_string"}}],"inLanguage":"sk-SK"},{"@type":"Organization","@id":"https:\/\/genekor.com\/sk\/#organization","name":"Genekor","url":"https:\/\/genekor.com\/sk\/","logo":{"@type":"ImageObject","inLanguage":"sk-SK","@id":"https:\/\/genekor.com\/sk\/#\/schema\/logo\/image\/","url":"https:\/\/genekor.com\/wp-content\/uploads\/2021\/09\/logo-black.svg","contentUrl":"https:\/\/genekor.com\/wp-content\/uploads\/2021\/09\/logo-black.svg","width":1,"height":1,"caption":"Genekor"},"image":{"@id":"https:\/\/genekor.com\/sk\/#\/schema\/logo\/image\/"},"sameAs":["https:\/\/www.facebook.com\/genekorbiotechnology\/","https:\/\/gr.linkedin.com\/company\/genekor-sa","https:\/\/www.youtube.com\/channel\/UCKC7sMFecVBY-OZAlRBHNzA"]}]}},"_links":{"self":[{"href":"https:\/\/genekor.com\/sk\/wp-json\/wp\/v2\/pages\/17512","targetHints":{"allow":["GET"]}}],"collection":[{"href":"https:\/\/genekor.com\/sk\/wp-json\/wp\/v2\/pages"}],"about":[{"href":"https:\/\/genekor.com\/sk\/wp-json\/wp\/v2\/types\/page"}],"author":[{"embeddable":true,"href":"https:\/\/genekor.com\/sk\/wp-json\/wp\/v2\/users\/1"}],"replies":[{"embeddable":true,"href":"https:\/\/genekor.com\/sk\/wp-json\/wp\/v2\/comments?post=17512"}],"version-history":[{"count":2,"href":"https:\/\/genekor.com\/sk\/wp-json\/wp\/v2\/pages\/17512\/revisions"}],"predecessor-version":[{"id":17752,"href":"https:\/\/genekor.com\/sk\/wp-json\/wp\/v2\/pages\/17512\/revisions\/17752"}],"wp:attachment":[{"href":"https:\/\/genekor.com\/sk\/wp-json\/wp\/v2\/media?parent=17512"}],"curies":[{"name":"wp","href":"https:\/\/api.w.org\/{rel}","templated":true}]}}