{"id":17245,"date":"2021-09-02T09:47:27","date_gmt":"2021-09-02T09:47:27","guid":{"rendered":"https:\/\/genekor.com\/testy\/"},"modified":"2025-09-26T11:03:29","modified_gmt":"2025-09-26T11:03:29","slug":"testy","status":"publish","type":"page","link":"https:\/\/genekor.com\/sk\/testy\/","title":{"rendered":"Testy"},"content":{"rendered":"\n<svg xmlns=\"http:\/\/www.w3.org\/2000\/svg\" id=\"Layer_3\" data-name=\"Layer 1\" viewbox=\"0 0 371 381.78\"><path d=\"M264.73,271.64a141.1,141.1,0,0,1-14.23.86,50.72,50.72,0,0,0,.58-15.36,10.59,10.59,0,0,0-2.37-6.14c-2.3-2.45-5.93-2.68-9.16-2.7h-.72l-2.1,0\" class=\"header-svg\" transform=\"translate(-114.5 -109.11)\" style=\"fill:none;stroke:#1d1d1b;stroke-miterlimit:10\"><\/path><path d=\"M184.5,271.5a388.43,388.43,0,0,0,1.75,39.42c.87,10.15-5.55,17.8-11.75,25.19-1.35,1.61-2.75,3.28-4,4.93-9.63,12.36-15.22,27.21-20.63,41.58-1.05,2.8-2.11,5.6-3.19,8.38a520.91,520.91,0,0,1-25.53,55.19l-.2.39c-2.15,4.05-4.37,8.24-5.22,12.83A16.94,16.94,0,0,0,119.62,474c6.51,7.71,19.32,11.59,28.6,11.48l9.91-.18c13.33-.27,27.12-.56,40.48.6,5.57.48,11.37,1.19,17,1.88,10.54,1.29,21.39,2.62,31.9,2.62,1.77,0,3.54,0,5.29-.12,12.42-.58,25.28-3.54,37.72-6.4,5.55-1.27,11.28-2.59,16.77-3.64v-.05c.66.2,1.29.4,2,.59,1.26.34,2.52.71,3.79,1.07,6.15,1.77,12.5,3.6,19,3.6.52,0,1,0,1.57,0,9.33-.43,17.86-4.34,26.84-12.28a76.7,76.7,0,0,0,17.78-22.37,58.41,58.41,0,0,0,4.22-10.62c4.77-16.69.36-34.79-10.95-45.05a75.58,75.58,0,0,0-7.56-5.74c-3.8-2.63-7.74-5.36-10.6-9-7.76-9.88-7.43-22.5-7.08-35.87.13-4.59.25-9.32,0-14,2.88,0,6.07,0,8.85-1.42s5.24-5,4.07-8.27l-.12-.31-60.38-3.08-.52,0,0,1.9.14,8.11.61-.15a27.5,27.5,0,0,1,9.35-.62l-.67,45.23c0,1.67-.05,3.56-1,5-1.27,2-3.85,2.71-6.34,3.37-.54.14-1.08.28-1.59.43a31.62,31.62,0,0,0-10.18,5.85c-12.62-21.22-23.58-44.78-33.72-66.65-3.73-8.05-7.12-16-7.6-24.3-.34-6,.87-12.15,2-18.06.24-1.22,1.05-3.75,1.28-5\" class=\"header-svg\" transform=\"translate(-114.5 -109.11)\" style=\"fill:none;stroke:#1d1d1b;stroke-miterlimit:10\"><\/path><path d=\"M236.5,248.5c.19-1.46,1.64-21.14.8-22.29-1.5-2.06-4.25-1.66-6.45-1.34l-1.13.15c-2.47.26-5,.38-7.47.49l-3.08.16c-6.76.38-13.92.91-20.71,2.83a3.32,3.32,0,0,0-2,1.17,3.51,3.51,0,0,0-.45,1.81,144.89,144.89,0,0,0,.28,19.3c-3,.26-4.93.44-5,.45-3.64.94-5.73,4.94-6.07,11.56-.14,2.85-.67,5.79-.74,8.71-5.88.33-11.24.82-16.85,1.39\" class=\"header-svg\" transform=\"translate(-114.5 -109.11)\" style=\"fill:none;stroke:#1d1d1b;stroke-miterlimit:10\"><\/path><path d=\"M336.36,432.87\" class=\"header-svg\" transform=\"translate(-114.5 -109.11)\" style=\"fill:none;stroke:#1d1d1b;stroke-miterlimit:10\"><\/path><path d=\"M237.5,248.5c-12.07.22-33.46,1.72-42.5,2.5\" class=\"header-svg\" transform=\"translate(-114.5 -109.11)\" style=\"fill:none;stroke:#1d1d1b;stroke-miterlimit:10\"><\/path><path d=\"M236.72,230.51\" class=\"header-svg\" transform=\"translate(-114.5 -109.11)\" style=\"fill:#1d1d1b\"><\/path><path d=\"M197.05,231.52a2.57,2.57,0,0,1,.28-1.29\" class=\"header-svg\" transform=\"translate(-114.5 -109.11)\" style=\"fill:#1d1d1b\"><\/path><path d=\"M288.81,386.38c-4.31,3.93-8,9.57-11.14,16.9-8.73,20.63-9.56,50.23,9.25,66.48,4.78,4.12,13,7.26,20.58,9.74\" class=\"header-svg\" transform=\"translate(-114.5 -109.11)\" style=\"fill:none;stroke:#1d1d1b;stroke-miterlimit:10\"><\/path><path d=\"M158.43,361.59A20.72,20.72,0,0,1,174,363.64a42.49,42.49,0,0,1,6,4.39c1.1.9,2.24,1.83,3.41,2.69,3.56,2.59,6.94,3.9,10,3.9a9.36,9.36,0,0,0,1.3-.08c4-.48,7.09-3.08,10.12-5.59,2.61-2.16,5.32-4.4,8.51-5.23,6.58-1.71,12.74,3,15.08,5.18l1,1c2.07,1.94,4.21,3.95,7,4.42,4,.66,7.52-2.13,9.28-3.85.87-.85,1.69-1.78,2.49-2.67a28.46,28.46,0,0,1,4.45-4.33c5.73-4.12,13.89-3.31,21.76-2.12h1\" class=\"header-svg\" transform=\"translate(-114.5 -109.11)\" style=\"fill:none;stroke:#1d1d1b;stroke-miterlimit:10\"><\/path><path d=\"M273.38,417.1c3.46-1.14,8.1,1.57,9.52,2.81.69.61,1.38,1.27,2,1.91a20.73,20.73,0,0,0,6,4.54c4.73,2,9.81.34,14.73-1.29,4.59-1.52,9.33-3.09,13.66-1.55,2.64.93,4.9,3,7.09,5,3,2.66,6,5.4,10,5.4h.29c3.28-.11,6-2.12,8.56-4.06.79-.58,1.6-1.19,2.4-1.72,10-6.62,24.08-4.69,36.69-2.08\" class=\"header-svg\" transform=\"translate(-114.5 -109.11)\" style=\"fill:none;stroke:#1d1d1b;stroke-miterlimit:10\"><\/path><path d=\"M143,240.17a25.06,25.06,0,0,0-6.63-2.15,21.3,21.3,0,0,0-10.14.14c-8.41,2.46-10,12.8-10.22,15.92-.74,8.61,2.68,16,9.15,19.76a18.6,18.6,0,0,0,9.33,2.44A19.19,19.19,0,0,0,147,271.75a19.65,19.65,0,0,0,5.3-21.31A19.39,19.39,0,0,0,143,240.17Z\" class=\"header-svg\" transform=\"translate(-114.5 -109.11)\" style=\"fill:none;stroke:#1d1d1b;stroke-miterlimit:10\"><\/path><path d=\"M155.58,191.33c-.2.46-4.92,11.26-2.31,15.88A11.9,11.9,0,0,0,163.53,213a11,11,0,0,0,3.58-.58,12,12,0,0,0,7.58-7.92,18.32,18.32,0,0,0,.59-5.22,16.57,16.57,0,0,0-1.36-7.2,10.44,10.44,0,0,0-18.34-.74Z\" class=\"header-svg\" transform=\"translate(-114.5 -109.11)\" style=\"fill:none;stroke:#1d1d1b;stroke-miterlimit:10\"><\/path><path d=\"M121.05,153c2.24,1.92,5.19,2.59,8.28,3.16a54.58,54.58,0,0,0,9.73,1.08,18.93,18.93,0,0,0,10.83-2.87,17.5,17.5,0,0,0,6.88-10.2,18.59,18.59,0,0,0-.46-11.4,14.09,14.09,0,0,0-8-8.09,22.85,22.85,0,0,0-6-1.1c-4.32-.36-8.71-.52-13-.49-2.56,0-5.78.28-7.8,2a13.18,13.18,0,0,0-5.94,7.74c-1.21,4.31-.59,9.28,1.85,14.79A14.86,14.86,0,0,0,121.05,153Z\" class=\"header-svg\" transform=\"translate(-114.5 -109.11)\" style=\"fill:none;stroke:#1d1d1b;stroke-miterlimit:10\"><\/path><path d=\"M232.75,165.25\" class=\"header-svg\" transform=\"translate(-114.5 -109.11)\" style=\"fill:none;stroke:#1d1d1b;stroke-miterlimit:10\"><\/path><path d=\"M349.23,306.73c-4-23.18-3.25-47.09-2.55-70.22q.12-3.85.23-7.69c.35-12.5.63-25.82-.11-39.18-.05-.9-.09-1.82-.13-2.75-.39-9-.83-19.15-10.52-23.21-3.84-1.6-8.09-1.8-12.48-1.88-5.19-.08-11,.69-16.17.7-.2-5.55.59-12.23,4.14-16.18,4-4.41,10.45-5.18,16.18-5.87l.35,0c14.58-1.74,29.15-1.19,43.25-.66,5.82.22,11.85.44,17.84.51a33.59,33.59,0,0,1,9.32,1c13.22,4,12.31,21.74,11.65,34.73-.14,2.58-.26,5-.26,7.1\" class=\"header-svg\" transform=\"translate(-114.5 -109.11)\" style=\"fill:none;stroke:#1d1d1b;stroke-miterlimit:10\"><\/path><path d=\"M308.14,162.7\" class=\"header-svg\" transform=\"translate(-114.5 -109.11)\" style=\"fill:none;stroke:#1d1d1b;stroke-miterlimit:10\"><\/path><path d=\"M234.28,204.25C232.71,192.3,231,180,231.5,166.5c24.31-2.3,50.82-3.94,76-4,0,.43,0,.58,0,1,0,1-.18,3.14-.17,4.37l0,2c.23,24.82.48,50.48.16,75.72-.2,16,.41,32.12,1,47.74.14,3.77.29,7.54.42,11.33\" class=\"header-svg\" transform=\"translate(-114.5 -109.11)\" style=\"fill:none;stroke:#1d1d1b;stroke-miterlimit:10\"><\/path><path d=\"M199.15,207.51c-4-12.06-6.7-25.47,3.93-33.46,6.84-5.15,15.82-6.43,24.43-7.3,1.39-.15,2.59-.12,4-.25\" class=\"header-svg\" transform=\"translate(-114.5 -109.11)\" style=\"fill:none;stroke:#1d1d1b;stroke-miterlimit:10\"><\/path><path d=\"M467.11,179.63c-.16-9.44.8-19.11,1.73-28.46l.38-3.84c.19-2,.67-4.48,1.17-7.09,1.32-6.82,2.82-14.55.53-19.5-3-6.59-16-7.21-24.65-7.61-1.9-.09-3.55-.17-4.82-.3-12.07-1.24-24.86-2.1-39.11-2.62-25.47-.93-51.38-.58-76.43-.25l-1.83,0c-19.45.26-39.14,2-58.17,3.74-5.45.49-10.9,1-16.35,1.44a17.86,17.86,0,0,0-7.07,1.6c-8.72,4.73-9.44,21.92-9.91,33.29-.08,2-.15,3.69-.26,5.12-.26,3.46-.68,8-.82,11.32\" class=\"header-svg\" transform=\"translate(-114.5 -109.11)\" style=\"fill:none;stroke:#1d1d1b;stroke-miterlimit:10\"><\/path><path d=\"M409.62,309.68c-.05-.61-.1-2.22-.14-2.82-2-26.2-4.09-53.29.5-79.46m56.3-2c3.57,0,8.15-.09,11.7-.1,1.77,0,4.15-.38,5.48-2.17a7.32,7.32,0,0,0,1.14-3.32,35.09,35.09,0,0,0-.42-12.84,14.71,14.71,0,0,0-.55-2,6.83,6.83,0,0,0-1.1-2c-1.54-1.89-4.09-2.48-6.61-2.84-10.88-1.56-22-1.62-32.3-1.45-3.22,0-6.44.14-9.65.22-10.1.26-20.55.52-30.81-.19-4-.28-8.81-.05-10.58,4.24-1.48,3.57-.89,7.51-.32,11.31a38.3,38.3,0,0,1,.59,5.74c0,2.54.27,5.07,2.21,6.38a6.26,6.26,0,0,0,3.53.84l.8,0c8.3-.21,16.75-.49,24.92-.75,13.77-.45,27.91-.9,42-1.1-1.44,26.35-1.56,54-1.15,80.37m1.37,53.7c.83,27.58,1.69,56.1,1.59,84.14,0,9.06-.47,17.74-5.41,24.3-3.55,4.71-9.36,8-16.36,9.17s-16.18.14-21.73-6.33c-3.22-3.75-4.65-8.77-5.75-13.19-6.86-27.71-6.88-56.87-6.9-85.08,0-11.74,0-23.88-.51-35.76-.38-9-1.06-18.13-1.74-27,6.89-1.74,14.1-2.35,21.08-2.92l1.13-.09c7.27-.6,14.77-1.23,22.17-1.29,4,0,7.61.1,11.08.39C465.44,323.83,466,341.78,466.5,359.48Z\" class=\"header-svg\" transform=\"translate(-114.5 -109.11)\" style=\"fill:none;stroke:#1d1d1b;stroke-miterlimit:10\"><\/path><path d=\"M427.28,362.63a2.19,2.19,0,0,0,1.1.27,6,6,0,0,0,1.44-.24l.4-.1.21,0c1.61-.35,3.28-.71,4.92-1a3.91,3.91,0,0,0,3.09-2.22,4.93,4.93,0,0,0-.16-3.16c0-.21-.11-.42-.16-.62s-.13-.57-.2-.86a18.73,18.73,0,0,0-.67-2.46,2.82,2.82,0,0,0-1-1.44h0a3,3,0,0,0-.5-.26,6.34,6.34,0,0,0-2.14-.31c-1.15,0-2.3-.11-3.44-.2l-.73-.08a10.21,10.21,0,0,0-2.42-.06c-1.43.28-2,1.42-1.8,3.39.14,1.2.3,2.4.45,3.6l.13,1c.05.35.07.7.09,1.05s.06,1,.14,1.45A3,3,0,0,0,427.28,362.63Z\" class=\"header-svg\" transform=\"translate(-114.5 -109.11)\" style=\"fill:none;stroke:#1d1d1b;stroke-miterlimit:10\"><\/path><path d=\"M448.66,372.56a1.7,1.7,0,0,0-1.17-.24c-.75.06-1.49.13-2.21.24a31.27,31.27,0,0,0-4.2.86c-1.16.32-3.88,1.07-3.52,3.15a8.22,8.22,0,0,0,.75,2c.17.36.34.71.47,1.07a18.72,18.72,0,0,1,.91,3.5,3.34,3.34,0,0,0,.35,1.16,1.55,1.55,0,0,0,1.4.77,3.52,3.52,0,0,0,.43,0l4.06-.58.57-.06a3.85,3.85,0,0,0,2.72-1,2.77,2.77,0,0,0,.53-1.62,22.49,22.49,0,0,0-.54-8.44A1.57,1.57,0,0,0,448.66,372.56Z\" class=\"header-svg\" transform=\"translate(-114.5 -109.11)\" style=\"fill:none;stroke:#1d1d1b;stroke-miterlimit:10\"><\/path><path d=\"M426.64,404.07a28.37,28.37,0,0,0,.89,3.93l.12.43c.3,1.05.67,2.36,1.7,3a3.11,3.11,0,0,0,1.54.38,7.4,7.4,0,0,0,2.55-.59l.44-.16c1-.33,2.43-.84,2.38-2.3a29.28,29.28,0,0,0-.86-6.28,25.56,25.56,0,0,0-1-3l-.07-.17a9.18,9.18,0,0,0-.62-1.35,3,3,0,0,0-1.57-1.31,6.11,6.11,0,0,0-2.09-.28h-.39c-1.14,0-3,0-3.54,1.26a2,2,0,0,0-.1.71,31.44,31.44,0,0,0,.49,5.07Z\" class=\"header-svg\" transform=\"translate(-114.5 -109.11)\" style=\"fill:none;stroke:#1d1d1b;stroke-miterlimit:10\"><\/path><path d=\"M449.06,430.38l-.06-.47q-.11-1-.27-2a30,30,0,0,0-.93-4,3,3,0,0,0-1.08-1.77,3.68,3.68,0,0,0-2.23-.43c-1.5,0-3,.1-4.5.16a1.53,1.53,0,0,0-1.31.56,1.73,1.73,0,0,0-.07,1.45,1.42,1.42,0,0,0,.05.22l.34,1.66c.47,2.24,1,4.59,1.72,7.42a1,1,0,0,0,.49.68.85.85,0,0,0,.37.08,2,2,0,0,0,.66-.16l.12,0a11.85,11.85,0,0,1,1.36-.39l.47-.11c.88-.23,1.76-.43,2.64-.62l1.33-.26.1,0A1.1,1.1,0,0,0,449,432a1.12,1.12,0,0,0,.16-1C449.13,430.85,449.1,430.62,449.06,430.38Z\" class=\"header-svg\" transform=\"translate(-114.5 -109.11)\" style=\"fill:none;stroke:#1d1d1b;stroke-miterlimit:10\"><\/path><path d=\"M427.07,452.46c.07.49.15,1,.23,1.47a20.71,20.71,0,0,1,.38,3.48,3.15,3.15,0,0,0,.9,2.13,2.43,2.43,0,0,0,1.6.49A7.54,7.54,0,0,0,431,460l5.46-.61a2.63,2.63,0,0,0,1.68-.63,2.6,2.6,0,0,0,.48-2.26,50.89,50.89,0,0,0-1.66-7.9,3.61,3.61,0,0,0-1.47-2.29,3.87,3.87,0,0,0-1.89-.33l-1.51,0-1.39,0c-1,0-1.92,0-2.81-.07l-.35,0a1.11,1.11,0,0,0-1,.39,1.07,1.07,0,0,0-.16.62,12.88,12.88,0,0,0,.2,2.09l.09.58c.06.44.13.87.19,1.31s.15.92.21,1.38m.31-5.38\" class=\"header-svg\" transform=\"translate(-114.5 -109.11)\" style=\"fill:none;stroke:#1d1d1b;stroke-miterlimit:10\"><\/path><path d=\"M154.68,436.76c-3.39-2.14-7.74-4.35-11.44-2.48-3,1.54-5.06,5.73-5.88,8.85a12,12,0,0,0,5,12.62,16.44,16.44,0,0,0,7.49,2.38c.89.09,1.75.14,2.55.14a15.29,15.29,0,0,0,4.44-.6,9.69,9.69,0,0,0,5.64-4.23c1.59-2.77,1.38-6.64-.52-9.86A21.28,21.28,0,0,0,154.68,436.76Z\" class=\"header-svg\" transform=\"translate(-114.5 -109.11)\" style=\"fill:none;stroke:#1d1d1b;stroke-miterlimit:10\"><\/path><path d=\"M209,427.78a16.18,16.18,0,0,0-10.45-5c-4-.19-9,3.4-9.25,3.61-3.17,3.25-4.33,11.48-2.18,15.45a9,9,0,0,0,5,3.88c2.47.94,5.55,2.11,8.62,2.11a9.62,9.62,0,0,0,4.21-.9,12.79,12.79,0,0,0,5.48-5.81c1.33-2.49,2.62-6.18,1.25-9.59A11.17,11.17,0,0,0,209,427.78Z\" class=\"header-svg\" transform=\"translate(-114.5 -109.11)\" style=\"fill:none;stroke:#1d1d1b;stroke-miterlimit:10\"><\/path><path d=\"M251,406.62h0c-2.25-5.83-11.51-7.18-11.9-7.23h-.15c-3.84.63-7,4.2-8.6,9.55-1,3.49-.84,6.28.48,8.28a10.68,10.68,0,0,0,3.44,3,11.87,11.87,0,0,0,6,2.11l.54,0c2.86-.24,5.16-2.31,7-4.31s3.57-4.12,3.9-6.78A9.56,9.56,0,0,0,251,406.62Z\" class=\"header-svg\" transform=\"translate(-114.5 -109.11)\" style=\"fill:none;stroke:#1d1d1b;stroke-miterlimit:10\"><\/path><path d=\"M184.48,399.85h0a3.48,3.48,0,0,0-2.47-.59h-.44c-1.13,0-2.23-.08-3.28-.19-.66-.07-1.32-.17-2-.28a1.67,1.67,0,0,0-2,1.24,4.43,4.43,0,0,0-.11,1.44c0,.2,0,.4,0,.59a35.38,35.38,0,0,0,.53,9,1.81,1.81,0,0,0,2.12,1.66h6.71a2.12,2.12,0,0,0,1.56-.47,2.09,2.09,0,0,0,.51-1.4,41,41,0,0,0-.31-8.92A3.1,3.1,0,0,0,184.48,399.85Z\" class=\"header-svg\" transform=\"translate(-114.5 -109.11)\" style=\"fill:none;stroke:#1d1d1b;stroke-miterlimit:10\"><\/path><path d=\"M233.14,456.12h0a3.27,3.27,0,0,0-2.13-.57h-4.86a13.84,13.84,0,0,0-1.44,0,1.32,1.32,0,0,0-1,.48c-.62.74-.48,2.11-.39,2.93l0,.2a32.13,32.13,0,0,1,.13,4.35c0,.17,0,.38-.05.6-.13,1-.31,2.58.9,3.13a4.49,4.49,0,0,0,2,.25,5.9,5.9,0,0,1,.95,0l3.45.39a6.37,6.37,0,0,0,.8.06,2.49,2.49,0,0,0,1.26-.3,3.22,3.22,0,0,0,1.22-2.7,48.82,48.82,0,0,0,0-6.4A3.29,3.29,0,0,0,233.14,456.12Z\" class=\"header-svg\" transform=\"translate(-114.5 -109.11)\" style=\"fill:none;stroke:#1d1d1b;stroke-miterlimit:10\"><\/path><path d=\"M246.57,449.41a25.39,25.39,0,0,0-1.81-5.42,3.2,3.2,0,0,0-1.41-1.68h0a3.28,3.28,0,0,0-1.81-.15l-3.19.32-.48,0c-.8,0-1.9,0-2.38.78a2.09,2.09,0,0,0-.26,1c-.16,2.49-.28,5-.36,7.47,0,.19,0,.4-.05.61a2.7,2.7,0,0,0,.31,2.1,1.59,1.59,0,0,0,1.19.5H237a37.56,37.56,0,0,0,4.51-.36c1-.12,2-.24,3-.3H245a3.46,3.46,0,0,0,1.46-.16c1-.49.66-2.43.19-4.37C246.62,449.62,246.59,449.49,246.57,449.41ZM236.36,454\" class=\"header-svg\" transform=\"translate(-114.5 -109.11)\" style=\"fill:none;stroke:#1d1d1b;stroke-miterlimit:10\"><\/path><path d=\"M259.68,464.19c0-.3-.06-.59-.08-.88-.05-.56-.1-1.11-.18-1.66l-.24-1.7c-.23-1.71-.48-3.48-.87-5.21l-.05-.25a1.13,1.13,0,0,0-.5-.89h0a1.52,1.52,0,0,0-.41-.16,3.45,3.45,0,0,0-1.62.2l-.4.1-.82.18c-.59.13-1.19.26-1.79.37-.39.07-.79.13-1.18.18l-.33,0a1.54,1.54,0,0,0-1.62,1,4.75,4.75,0,0,0-.17,1.28c0,.14,0,.28,0,.41,0,.58,0,1.15-.06,1.72l0,.71c-.05,1.63,0,3.25,0,4.82a1.53,1.53,0,0,0,1.41,1.73,44.74,44.74,0,0,0,7.32.74h.05a1.73,1.73,0,0,0,1.36-.47,2.23,2.23,0,0,0,.25-1.84C259.71,464.47,259.69,464.33,259.68,464.19Z\" class=\"header-svg\" transform=\"translate(-114.5 -109.11)\" style=\"fill:none;stroke:#1d1d1b;stroke-miterlimit:10\"><\/path><\/svg>\n","protected":false},"excerpt":{"rendered":"","protected":false},"author":1,"featured_media":0,"parent":0,"menu_order":0,"comment_status":"closed","ping_status":"closed","template":"content-page.php","meta":{"_acf_changed":false,"footnotes":""},"class_list":["post-17245","page","type-page","status-publish","hentry"],"acf":[],"yoast_head":"<!-- This site is optimized with the Yoast SEO Premium plugin v24.0 (Yoast SEO v24.0) - https:\/\/yoast.com\/wordpress\/plugins\/seo\/ -->\n<title>Testy - Genekor<\/title>\n<meta name=\"robots\" content=\"index, follow, max-snippet:-1, max-image-preview:large, max-video-preview:-1\" \/>\n<link rel=\"canonical\" href=\"https:\/\/genekor.com\/sk\/testy\/\" \/>\n<meta property=\"og:locale\" content=\"sk_SK\" \/>\n<meta property=\"og:type\" content=\"article\" \/>\n<meta property=\"og:title\" content=\"Testy\" \/>\n<meta property=\"og:url\" content=\"https:\/\/genekor.com\/sk\/testy\/\" \/>\n<meta property=\"og:site_name\" content=\"Genekor\" \/>\n<meta property=\"article:publisher\" content=\"https:\/\/www.facebook.com\/genekorbiotechnology\/\" \/>\n<meta property=\"article:modified_time\" content=\"2025-09-26T11:03:29+00:00\" \/>\n<meta name=\"twitter:card\" content=\"summary_large_image\" \/>\n<meta name=\"twitter:label1\" content=\"Predpokladan\u00fd \u010das \u010d\u00edtania\" \/>\n\t<meta name=\"twitter:data1\" content=\"6 min\u00fat\" \/>\n<script type=\"application\/ld+json\" class=\"yoast-schema-graph\">{\"@context\":\"https:\/\/schema.org\",\"@graph\":[{\"@type\":\"WebPage\",\"@id\":\"https:\/\/genekor.com\/sk\/testy\/\",\"url\":\"https:\/\/genekor.com\/sk\/testy\/\",\"name\":\"Testy - Genekor\",\"isPartOf\":{\"@id\":\"https:\/\/genekor.com\/sk\/#website\"},\"datePublished\":\"2021-09-02T09:47:27+00:00\",\"dateModified\":\"2025-09-26T11:03:29+00:00\",\"breadcrumb\":{\"@id\":\"https:\/\/genekor.com\/sk\/testy\/#breadcrumb\"},\"inLanguage\":\"sk-SK\",\"potentialAction\":[{\"@type\":\"ReadAction\",\"target\":[\"https:\/\/genekor.com\/sk\/testy\/\"]}]},{\"@type\":\"BreadcrumbList\",\"@id\":\"https:\/\/genekor.com\/sk\/testy\/#breadcrumb\",\"itemListElement\":[{\"@type\":\"ListItem\",\"position\":1,\"name\":\"Home\",\"item\":\"https:\/\/genekor.com\/sk\/\"},{\"@type\":\"ListItem\",\"position\":2,\"name\":\"Testy\"}]},{\"@type\":\"WebSite\",\"@id\":\"https:\/\/genekor.com\/sk\/#website\",\"url\":\"https:\/\/genekor.com\/sk\/\",\"name\":\"Genekor\",\"description\":\"\u039c\u03bf\u03c1\u03b9\u03b1\u03ba\u03ae \u0393\u03b5\u03bd\u03b5\u03c4\u03b9\u03ba\u03ae\",\"publisher\":{\"@id\":\"https:\/\/genekor.com\/sk\/#organization\"},\"potentialAction\":[{\"@type\":\"SearchAction\",\"target\":{\"@type\":\"EntryPoint\",\"urlTemplate\":\"https:\/\/genekor.com\/sk\/?s={search_term_string}\"},\"query-input\":{\"@type\":\"PropertyValueSpecification\",\"valueRequired\":true,\"valueName\":\"search_term_string\"}}],\"inLanguage\":\"sk-SK\"},{\"@type\":\"Organization\",\"@id\":\"https:\/\/genekor.com\/sk\/#organization\",\"name\":\"Genekor\",\"url\":\"https:\/\/genekor.com\/sk\/\",\"logo\":{\"@type\":\"ImageObject\",\"inLanguage\":\"sk-SK\",\"@id\":\"https:\/\/genekor.com\/sk\/#\/schema\/logo\/image\/\",\"url\":\"https:\/\/genekor.com\/wp-content\/uploads\/2021\/09\/logo-black.svg\",\"contentUrl\":\"https:\/\/genekor.com\/wp-content\/uploads\/2021\/09\/logo-black.svg\",\"width\":1,\"height\":1,\"caption\":\"Genekor\"},\"image\":{\"@id\":\"https:\/\/genekor.com\/sk\/#\/schema\/logo\/image\/\"},\"sameAs\":[\"https:\/\/www.facebook.com\/genekorbiotechnology\/\",\"https:\/\/gr.linkedin.com\/company\/genekor-sa\",\"https:\/\/www.youtube.com\/channel\/UCKC7sMFecVBY-OZAlRBHNzA\"]}]}<\/script>\n<!-- \/ Yoast SEO Premium plugin. -->","yoast_head_json":{"title":"Testy - Genekor","robots":{"index":"index","follow":"follow","max-snippet":"max-snippet:-1","max-image-preview":"max-image-preview:large","max-video-preview":"max-video-preview:-1"},"canonical":"https:\/\/genekor.com\/sk\/testy\/","og_locale":"sk_SK","og_type":"article","og_title":"Testy","og_url":"https:\/\/genekor.com\/sk\/testy\/","og_site_name":"Genekor","article_publisher":"https:\/\/www.facebook.com\/genekorbiotechnology\/","article_modified_time":"2025-09-26T11:03:29+00:00","twitter_card":"summary_large_image","twitter_misc":{"Predpokladan\u00fd \u010das \u010d\u00edtania":"6 min\u00fat"},"schema":{"@context":"https:\/\/schema.org","@graph":[{"@type":"WebPage","@id":"https:\/\/genekor.com\/sk\/testy\/","url":"https:\/\/genekor.com\/sk\/testy\/","name":"Testy - Genekor","isPartOf":{"@id":"https:\/\/genekor.com\/sk\/#website"},"datePublished":"2021-09-02T09:47:27+00:00","dateModified":"2025-09-26T11:03:29+00:00","breadcrumb":{"@id":"https:\/\/genekor.com\/sk\/testy\/#breadcrumb"},"inLanguage":"sk-SK","potentialAction":[{"@type":"ReadAction","target":["https:\/\/genekor.com\/sk\/testy\/"]}]},{"@type":"BreadcrumbList","@id":"https:\/\/genekor.com\/sk\/testy\/#breadcrumb","itemListElement":[{"@type":"ListItem","position":1,"name":"Home","item":"https:\/\/genekor.com\/sk\/"},{"@type":"ListItem","position":2,"name":"Testy"}]},{"@type":"WebSite","@id":"https:\/\/genekor.com\/sk\/#website","url":"https:\/\/genekor.com\/sk\/","name":"Genekor","description":"\u039c\u03bf\u03c1\u03b9\u03b1\u03ba\u03ae \u0393\u03b5\u03bd\u03b5\u03c4\u03b9\u03ba\u03ae","publisher":{"@id":"https:\/\/genekor.com\/sk\/#organization"},"potentialAction":[{"@type":"SearchAction","target":{"@type":"EntryPoint","urlTemplate":"https:\/\/genekor.com\/sk\/?s={search_term_string}"},"query-input":{"@type":"PropertyValueSpecification","valueRequired":true,"valueName":"search_term_string"}}],"inLanguage":"sk-SK"},{"@type":"Organization","@id":"https:\/\/genekor.com\/sk\/#organization","name":"Genekor","url":"https:\/\/genekor.com\/sk\/","logo":{"@type":"ImageObject","inLanguage":"sk-SK","@id":"https:\/\/genekor.com\/sk\/#\/schema\/logo\/image\/","url":"https:\/\/genekor.com\/wp-content\/uploads\/2021\/09\/logo-black.svg","contentUrl":"https:\/\/genekor.com\/wp-content\/uploads\/2021\/09\/logo-black.svg","width":1,"height":1,"caption":"Genekor"},"image":{"@id":"https:\/\/genekor.com\/sk\/#\/schema\/logo\/image\/"},"sameAs":["https:\/\/www.facebook.com\/genekorbiotechnology\/","https:\/\/gr.linkedin.com\/company\/genekor-sa","https:\/\/www.youtube.com\/channel\/UCKC7sMFecVBY-OZAlRBHNzA"]}]}},"_links":{"self":[{"href":"https:\/\/genekor.com\/sk\/wp-json\/wp\/v2\/pages\/17245","targetHints":{"allow":["GET"]}}],"collection":[{"href":"https:\/\/genekor.com\/sk\/wp-json\/wp\/v2\/pages"}],"about":[{"href":"https:\/\/genekor.com\/sk\/wp-json\/wp\/v2\/types\/page"}],"author":[{"embeddable":true,"href":"https:\/\/genekor.com\/sk\/wp-json\/wp\/v2\/users\/1"}],"replies":[{"embeddable":true,"href":"https:\/\/genekor.com\/sk\/wp-json\/wp\/v2\/comments?post=17245"}],"version-history":[{"count":2,"href":"https:\/\/genekor.com\/sk\/wp-json\/wp\/v2\/pages\/17245\/revisions"}],"predecessor-version":[{"id":17250,"href":"https:\/\/genekor.com\/sk\/wp-json\/wp\/v2\/pages\/17245\/revisions\/17250"}],"wp:attachment":[{"href":"https:\/\/genekor.com\/sk\/wp-json\/wp\/v2\/media?parent=17245"}],"curies":[{"name":"wp","href":"https:\/\/api.w.org\/{rel}","templated":true}]}}