{"id":17156,"date":"2021-11-01T19:11:35","date_gmt":"2021-11-01T19:11:35","guid":{"rendered":"https:\/\/genekor.com\/tmb-tumor-mutational-burden\/"},"modified":"2025-09-25T10:29:35","modified_gmt":"2025-09-25T10:29:35","slug":"tmb-tumor-mutational-burden","status":"publish","type":"page","link":"https:\/\/genekor.com\/sk\/testy\/tmb-tumor-mutational-burden\/","title":{"rendered":"TMB \u2013 Tumor Mutational Burden"},"content":{"rendered":"\n<svg xmlns=\"http:\/\/www.w3.org\/2000\/svg\" id=\"Layer_3\" data-name=\"Layer 1\" viewbox=\"0 0 254.46 347.25\"><path d=\"M222.29,131.42l.15,0c.1,0,10.17-2.93,43.51-2l5.71,73.75c0,.07,0,7.38-2.27,30.9-1.4,14.85-8.36,30.78-14.51,44.83-1.27,2.91-2.51,5.75-3.68,8.52-13.52,32.06-29.23,63.33-41.41,87-6.1,11.86-12.54,24.1-19.13,36.35-1.6,3-3.36,5.92-5.06,8.77-3.29,5.49-6.69,11.18-9.07,17.29-3.05,7.87-4,15.21-2.69,21.23a6.59,6.59,0,0,0,1,2.51,4.63,4.63,0,0,0,.4.48,7.71,7.71,0,0,0,3.24,1.81c12.08,4.16,25.81,5.35,39.09,6.5,3,.26,6,.52,8.9.81,20.15,2,40.51,3,60.86,3q20.19,0,40.3-1.33A168.77,168.77,0,0,0,347,470.28c1.89-.22,3.76-.44,5.62-.64l.43,0c3.24-.35,6.6-.71,9.9-1.12,4.21-.53,8.55-1.13,12.89-1.8,4.17-.64,8.49-1.36,12.85-2.13,4.15-.74,8.46-1.56,12.81-2.43,4.11-.82,8.39-1.72,12.74-2.67l1.29-.28.84-.18,2.48-.58.93-.22c.73-.18,1.47-.36,2.21-.52s1.7-.35,2.58-.45a2.48,2.48,0,0,0,1.79-.81,2.68,2.68,0,0,0,.21-2.11l0-.12a11.5,11.5,0,0,0-.48-1.81,25.85,25.85,0,0,0-1.64-3.53c-.36-.68-.73-1.38-1-2.08l-4.25-9.29c-2.32-5.07-5.4-11.76-8.59-18.56-3.34-7.13-6.79-14.35-10.12-21.34-3.94-8.25-8-16.78-11.93-25.2-13.78-29.62-27.55-60.56-42.12-94.6-5-11.72-10.32-24.2-15.1-36.67-.51-1.32-1.06-2.67-1.63-4-2.08-5.07-4.23-10.31-4.65-15.42-1.45-18,7.94-82.11,9.5-92.46l.16-1.05\" class=\"header-svg \" transform=\"translate(-172.77 -126.37)\" style=\"fill:none;stroke:#1d1d1b;stroke-miterlimit:10\"><\/path><path d=\"M380.26,128.18c-12.18-2.86-44.45-.15-46,0L266,129.5\" class=\"header-svg \" transform=\"translate(-172.77 -126.37)\" style=\"fill:none;stroke:#1d1d1b;stroke-miterlimit:10\"><\/path><path d=\"M211.64,371a298.6,298.6,0,0,0,45.51,3.78c2.18,0,4.39,0,6.61-.1,26.51-.83,35.9-1.57,36-1.58a.5.5,0,0,0,.46-.54\" class=\"header-svg \" transform=\"translate(-172.77 -126.37)\" style=\"fill:none;stroke:#1d1d1b;stroke-miterlimit:10\"><\/path><path d=\"M312.47,405.84c-10.46-1.53-21.91-2-37.12-1.57-14.37.42-33.3,1.17-52.3,3.27-10.71,1.17-21.39,2.58-31.8,4.17\" class=\"header-svg \" transform=\"translate(-172.77 -126.37)\" style=\"fill:none;stroke:#1d1d1b;stroke-miterlimit:10\"><\/path><path d=\"M297.27,331.37a.5.5,0,0,0-.61-.36c-9.12,2.32-18.78,1.59-28.12.89-3.23-.25-6.57-.5-9.84-.62a158.44,158.44,0,0,0-28.15,1.79\" class=\"header-svg \" transform=\"translate(-172.77 -126.37)\" style=\"fill:none;stroke:#1d1d1b;stroke-miterlimit:10\"><\/path><\/svg>\n\n\n\n<p><\/p>\n","protected":false},"excerpt":{"rendered":"","protected":false},"author":1,"featured_media":0,"parent":17245,"menu_order":0,"comment_status":"closed","ping_status":"closed","template":"content-page.php","meta":{"_acf_changed":false,"footnotes":""},"class_list":["post-17156","page","type-page","status-publish","hentry"],"acf":[],"yoast_head":"<!-- This site is optimized with the Yoast SEO Premium plugin v24.0 (Yoast SEO v24.0) - https:\/\/yoast.com\/wordpress\/plugins\/seo\/ -->\n<title>TMB \u2013 N\u00e1dorov\u00e1 muta\u010dn\u00e1 z\u00e1\u0165a\u017e | Genekor<\/title>\n<meta name=\"description\" content=\"TMB \u2013 test n\u00e1dorovej muta\u010dnej z\u00e1\u0165a\u017ee. Presn\u00fd biomarker schv\u00e1len\u00fd FDA na predikciu odpovede na imunoterapiu.\" \/>\n<meta name=\"robots\" content=\"index, follow, max-snippet:-1, max-image-preview:large, max-video-preview:-1\" \/>\n<link rel=\"canonical\" href=\"https:\/\/genekor.com\/sk\/testy\/tmb-tumor-mutational-burden\/\" \/>\n<meta property=\"og:locale\" content=\"sk_SK\" \/>\n<meta property=\"og:type\" content=\"article\" \/>\n<meta property=\"og:title\" content=\"TMB - Tumor Mutational Burden\" \/>\n<meta property=\"og:description\" content=\"TMB \u2013 test n\u00e1dorovej muta\u010dnej z\u00e1\u0165a\u017ee. Presn\u00fd biomarker schv\u00e1len\u00fd FDA na predikciu odpovede na imunoterapiu.\" \/>\n<meta property=\"og:url\" content=\"https:\/\/genekor.com\/sk\/testy\/tmb-tumor-mutational-burden\/\" \/>\n<meta property=\"og:site_name\" content=\"Genekor\" \/>\n<meta property=\"article:publisher\" content=\"https:\/\/www.facebook.com\/genekorbiotechnology\/\" \/>\n<meta property=\"article:modified_time\" content=\"2025-09-25T10:29:35+00:00\" \/>\n<meta name=\"twitter:card\" content=\"summary_large_image\" \/>\n<meta name=\"twitter:label1\" content=\"Predpokladan\u00fd \u010das \u010d\u00edtania\" \/>\n\t<meta name=\"twitter:data1\" content=\"2 min\u00faty\" \/>\n<script type=\"application\/ld+json\" class=\"yoast-schema-graph\">{\"@context\":\"https:\/\/schema.org\",\"@graph\":[{\"@type\":\"WebPage\",\"@id\":\"https:\/\/genekor.com\/sk\/testy\/tmb-tumor-mutational-burden\/\",\"url\":\"https:\/\/genekor.com\/sk\/testy\/tmb-tumor-mutational-burden\/\",\"name\":\"TMB \u2013 N\u00e1dorov\u00e1 muta\u010dn\u00e1 z\u00e1\u0165a\u017e | Genekor\",\"isPartOf\":{\"@id\":\"https:\/\/genekor.com\/sk\/#website\"},\"datePublished\":\"2021-11-01T19:11:35+00:00\",\"dateModified\":\"2025-09-25T10:29:35+00:00\",\"description\":\"TMB \u2013 test n\u00e1dorovej muta\u010dnej z\u00e1\u0165a\u017ee. Presn\u00fd biomarker schv\u00e1len\u00fd FDA na predikciu odpovede na imunoterapiu.\",\"breadcrumb\":{\"@id\":\"https:\/\/genekor.com\/sk\/testy\/tmb-tumor-mutational-burden\/#breadcrumb\"},\"inLanguage\":\"sk-SK\",\"potentialAction\":[{\"@type\":\"ReadAction\",\"target\":[\"https:\/\/genekor.com\/sk\/testy\/tmb-tumor-mutational-burden\/\"]}]},{\"@type\":\"BreadcrumbList\",\"@id\":\"https:\/\/genekor.com\/sk\/testy\/tmb-tumor-mutational-burden\/#breadcrumb\",\"itemListElement\":[{\"@type\":\"ListItem\",\"position\":1,\"name\":\"Home\",\"item\":\"https:\/\/genekor.com\/sk\/\"},{\"@type\":\"ListItem\",\"position\":2,\"name\":\"TMB &#8211; Tumor Mutational Burden\"}]},{\"@type\":\"WebSite\",\"@id\":\"https:\/\/genekor.com\/sk\/#website\",\"url\":\"https:\/\/genekor.com\/sk\/\",\"name\":\"Genekor\",\"description\":\"\u039c\u03bf\u03c1\u03b9\u03b1\u03ba\u03ae \u0393\u03b5\u03bd\u03b5\u03c4\u03b9\u03ba\u03ae\",\"publisher\":{\"@id\":\"https:\/\/genekor.com\/sk\/#organization\"},\"potentialAction\":[{\"@type\":\"SearchAction\",\"target\":{\"@type\":\"EntryPoint\",\"urlTemplate\":\"https:\/\/genekor.com\/sk\/?s={search_term_string}\"},\"query-input\":{\"@type\":\"PropertyValueSpecification\",\"valueRequired\":true,\"valueName\":\"search_term_string\"}}],\"inLanguage\":\"sk-SK\"},{\"@type\":\"Organization\",\"@id\":\"https:\/\/genekor.com\/sk\/#organization\",\"name\":\"Genekor\",\"url\":\"https:\/\/genekor.com\/sk\/\",\"logo\":{\"@type\":\"ImageObject\",\"inLanguage\":\"sk-SK\",\"@id\":\"https:\/\/genekor.com\/sk\/#\/schema\/logo\/image\/\",\"url\":\"https:\/\/genekor.com\/wp-content\/uploads\/2021\/09\/logo-black.svg\",\"contentUrl\":\"https:\/\/genekor.com\/wp-content\/uploads\/2021\/09\/logo-black.svg\",\"width\":1,\"height\":1,\"caption\":\"Genekor\"},\"image\":{\"@id\":\"https:\/\/genekor.com\/sk\/#\/schema\/logo\/image\/\"},\"sameAs\":[\"https:\/\/www.facebook.com\/genekorbiotechnology\/\",\"https:\/\/gr.linkedin.com\/company\/genekor-sa\",\"https:\/\/www.youtube.com\/channel\/UCKC7sMFecVBY-OZAlRBHNzA\"]}]}<\/script>\n<!-- \/ Yoast SEO Premium plugin. -->","yoast_head_json":{"title":"TMB \u2013 N\u00e1dorov\u00e1 muta\u010dn\u00e1 z\u00e1\u0165a\u017e | Genekor","description":"TMB \u2013 test n\u00e1dorovej muta\u010dnej z\u00e1\u0165a\u017ee. Presn\u00fd biomarker schv\u00e1len\u00fd FDA na predikciu odpovede na imunoterapiu.","robots":{"index":"index","follow":"follow","max-snippet":"max-snippet:-1","max-image-preview":"max-image-preview:large","max-video-preview":"max-video-preview:-1"},"canonical":"https:\/\/genekor.com\/sk\/testy\/tmb-tumor-mutational-burden\/","og_locale":"sk_SK","og_type":"article","og_title":"TMB - Tumor Mutational Burden","og_description":"TMB \u2013 test n\u00e1dorovej muta\u010dnej z\u00e1\u0165a\u017ee. Presn\u00fd biomarker schv\u00e1len\u00fd FDA na predikciu odpovede na imunoterapiu.","og_url":"https:\/\/genekor.com\/sk\/testy\/tmb-tumor-mutational-burden\/","og_site_name":"Genekor","article_publisher":"https:\/\/www.facebook.com\/genekorbiotechnology\/","article_modified_time":"2025-09-25T10:29:35+00:00","twitter_card":"summary_large_image","twitter_misc":{"Predpokladan\u00fd \u010das \u010d\u00edtania":"2 min\u00faty"},"schema":{"@context":"https:\/\/schema.org","@graph":[{"@type":"WebPage","@id":"https:\/\/genekor.com\/sk\/testy\/tmb-tumor-mutational-burden\/","url":"https:\/\/genekor.com\/sk\/testy\/tmb-tumor-mutational-burden\/","name":"TMB \u2013 N\u00e1dorov\u00e1 muta\u010dn\u00e1 z\u00e1\u0165a\u017e | Genekor","isPartOf":{"@id":"https:\/\/genekor.com\/sk\/#website"},"datePublished":"2021-11-01T19:11:35+00:00","dateModified":"2025-09-25T10:29:35+00:00","description":"TMB \u2013 test n\u00e1dorovej muta\u010dnej z\u00e1\u0165a\u017ee. Presn\u00fd biomarker schv\u00e1len\u00fd FDA na predikciu odpovede na imunoterapiu.","breadcrumb":{"@id":"https:\/\/genekor.com\/sk\/testy\/tmb-tumor-mutational-burden\/#breadcrumb"},"inLanguage":"sk-SK","potentialAction":[{"@type":"ReadAction","target":["https:\/\/genekor.com\/sk\/testy\/tmb-tumor-mutational-burden\/"]}]},{"@type":"BreadcrumbList","@id":"https:\/\/genekor.com\/sk\/testy\/tmb-tumor-mutational-burden\/#breadcrumb","itemListElement":[{"@type":"ListItem","position":1,"name":"Home","item":"https:\/\/genekor.com\/sk\/"},{"@type":"ListItem","position":2,"name":"TMB &#8211; Tumor Mutational Burden"}]},{"@type":"WebSite","@id":"https:\/\/genekor.com\/sk\/#website","url":"https:\/\/genekor.com\/sk\/","name":"Genekor","description":"\u039c\u03bf\u03c1\u03b9\u03b1\u03ba\u03ae \u0393\u03b5\u03bd\u03b5\u03c4\u03b9\u03ba\u03ae","publisher":{"@id":"https:\/\/genekor.com\/sk\/#organization"},"potentialAction":[{"@type":"SearchAction","target":{"@type":"EntryPoint","urlTemplate":"https:\/\/genekor.com\/sk\/?s={search_term_string}"},"query-input":{"@type":"PropertyValueSpecification","valueRequired":true,"valueName":"search_term_string"}}],"inLanguage":"sk-SK"},{"@type":"Organization","@id":"https:\/\/genekor.com\/sk\/#organization","name":"Genekor","url":"https:\/\/genekor.com\/sk\/","logo":{"@type":"ImageObject","inLanguage":"sk-SK","@id":"https:\/\/genekor.com\/sk\/#\/schema\/logo\/image\/","url":"https:\/\/genekor.com\/wp-content\/uploads\/2021\/09\/logo-black.svg","contentUrl":"https:\/\/genekor.com\/wp-content\/uploads\/2021\/09\/logo-black.svg","width":1,"height":1,"caption":"Genekor"},"image":{"@id":"https:\/\/genekor.com\/sk\/#\/schema\/logo\/image\/"},"sameAs":["https:\/\/www.facebook.com\/genekorbiotechnology\/","https:\/\/gr.linkedin.com\/company\/genekor-sa","https:\/\/www.youtube.com\/channel\/UCKC7sMFecVBY-OZAlRBHNzA"]}]}},"_links":{"self":[{"href":"https:\/\/genekor.com\/sk\/wp-json\/wp\/v2\/pages\/17156","targetHints":{"allow":["GET"]}}],"collection":[{"href":"https:\/\/genekor.com\/sk\/wp-json\/wp\/v2\/pages"}],"about":[{"href":"https:\/\/genekor.com\/sk\/wp-json\/wp\/v2\/types\/page"}],"author":[{"embeddable":true,"href":"https:\/\/genekor.com\/sk\/wp-json\/wp\/v2\/users\/1"}],"replies":[{"embeddable":true,"href":"https:\/\/genekor.com\/sk\/wp-json\/wp\/v2\/comments?post=17156"}],"version-history":[{"count":2,"href":"https:\/\/genekor.com\/sk\/wp-json\/wp\/v2\/pages\/17156\/revisions"}],"predecessor-version":[{"id":17161,"href":"https:\/\/genekor.com\/sk\/wp-json\/wp\/v2\/pages\/17156\/revisions\/17161"}],"up":[{"embeddable":true,"href":"https:\/\/genekor.com\/sk\/wp-json\/wp\/v2\/pages\/17245"}],"wp:attachment":[{"href":"https:\/\/genekor.com\/sk\/wp-json\/wp\/v2\/media?parent=17156"}],"curies":[{"name":"wp","href":"https:\/\/api.w.org\/{rel}","templated":true}]}}