{"id":17138,"date":"2021-12-23T08:25:17","date_gmt":"2021-12-23T08:25:17","guid":{"rendered":"https:\/\/genekor.com\/single-genes\/"},"modified":"2025-09-25T08:05:42","modified_gmt":"2025-09-25T08:05:42","slug":"single-genes","status":"publish","type":"page","link":"https:\/\/genekor.com\/sk\/testy\/single-genes\/","title":{"rendered":"Single Genes"},"content":{"rendered":"\n<svg xmlns=\"http:\/\/www.w3.org\/2000\/svg\" id=\"Layer_3\" data-name=\"Layer 1\" viewbox=\"0 0 455.58 208.17\"><path d=\"M251.85,397.52l-.23.24c-1.49,1.61-3,3.26-4.68,4.77a1.67,1.67,0,0,1-.92.54,1.75,1.75,0,0,1-1.06-.43,51.85,51.85,0,0,1-4.81-3.75l-.65-.62c-.31-.29-.63-.6-.93-.92-.5-.53-1-1.11-1.38-1.65l-.2-.24c-.24-.27-.56-.64-.53-.9h0a.16.16,0,0,1,0-.09,1.46,1.46,0,0,1,.47-.53,6.71,6.71,0,0,1,.71-.47l.57-.37.8-.57,1.63-1.17a26,26,0,0,0,4.44-4c1.1-1.29,2.15-2.66,3.16-4,1.25-1.64,2.54-3.33,3.94-4.88a135.78,135.78,0,0,1,10.47-10.06c2.16-1.93,4.39-3.92,6.5-6,2.66-2.58,5.25-5.34,7.75-8,4.49-4.81,9.14-9.78,14.43-13.85a1.75,1.75,0,0,1,1-.47h0a1.64,1.64,0,0,1,.91.52,67.86,67.86,0,0,1,7.65,8.25c-16.93,15.47-33.46,31.82-49.11,48.58m41.68-57.07a2,2,0,0,0-1.1-.61,2,2,0,0,0-1.27.54c-5.31,4.09-10,9.07-14.47,13.89-2.5,2.67-5.08,5.43-7.74,8-2.1,2-4.33,4-6.48,6A138.5,138.5,0,0,0,252,378.32c-1.41,1.57-2.7,3.26-4,4.9-1,1.32-2,2.68-3.15,4a25.68,25.68,0,0,1-4.38,3.89c-.54.4-1.08.79-1.63,1.17l-.8.58-.55.35a6,6,0,0,0-.74.5,1.72,1.72,0,0,0-.57.66.48.48,0,0,0-.05.17c-.06.41.31.83.61,1.16l.19.23a20.83,20.83,0,0,0,1.39,1.67c.31.33.63.64.95.94s.43.4.65.62a53.42,53.42,0,0,0,4.84,3.77,2.14,2.14,0,0,0,1.18.5H246a2,2,0,0,0,1.12-.62c1.65-1.52,3.2-3.18,4.7-4.78l.22-.25c15.69-16.79,32.25-33.16,49.21-48.66l.11-.11-.09-.11a68.86,68.86,0,0,0-7.78-8.41\" class=\"header-svg\" transform=\"translate(-72.71 -195.73)\" style=\"fill:#231f20;stroke:#231f20;stroke-miterlimit:10\"><\/path><path d=\"M332.76,352a34,34,0,0,1-15.35-3.62,59.63,59.63,0,0,1-14.56-10.61,22.32,22.32,0,0,0-4.51,5.86l-.16.33-1-.47.17-.33a23.78,23.78,0,0,1,4.72-6.16,34.84,34.84,0,0,1-5.37-7.06c-3.59-6.43-5.4-14.51-5.72-25.42-.39-13.14,5.41-23.84,17.22-31.81,10.17-6.87,22.29-9.54,33.25-7.32,12.52,2.53,23.24,10.9,28,21.83.66,1.53,1.25,3.1,1.75,4.67a51,51,0,0,1,1.26,25.58A44,44,0,0,1,360.54,340c-7.85,7.74-17.72,12-27.78,12\" class=\"header-svg\" transform=\"translate(-72.71 -195.73)\" style=\"fill:none;stroke:#231f20;stroke-miterlimit:10\"><\/path><path d=\"M361.43,327.59l.2.26c3.58-2.81,5.53-7.78,5.65-14.36a48.27,48.27,0,0,0-2.71-16c-4-11.35-12.61-20.43-21.86-23.14\" transform=\"translate(-72.71 -195.73)\" style=\"fill:none;stroke:#231f20;stroke-miterlimit:10;stroke-width:0.75px\"><\/path><path d=\"M342.71,274.33c-9.74-2.85-22.17-1.24-31.68,4.1-11.06,6.2-15.78,17.13-14.44,33.4.85,10.29,3.58,24.58,17.34,29.8a37.12,37.12,0,0,0,4.7,1.41\" class=\"header-svg\" transform=\"translate(-72.71 -195.73)\" style=\"fill:none;stroke:#231f20;stroke-miterlimit:10;stroke-width:0.75px\"><\/path><path d=\"M341.27,342.44a67.55,67.55,0,0,0,6.63-1.91l-.1-.31c-2.47.85-4.62,1.59-6.53,2.22\" transform=\"translate(-72.71 -195.73)\" style=\"fill:#231f20\"><\/path><path d=\"M341.36,342.81l-.2-.72c1.89-.63,4-1.36,6.47-2.2l.35-.12.28.64.12.36-.35.12c-2.19.75-4.43,1.39-6.67,1.92\" class=\"header-svg\" transform=\"translate(-72.71 -195.73)\" style=\"fill:#231f20\"><\/path><path d=\"M470.7,344.35c-7.19,0-15-2.08-23.74-6.26-10.11-4.85-15.83-11.86-19.76-24.18a54.29,54.29,0,0,1-3-14.7c-.26-8.72,4.22-17.37,12-23.13a68.08,68.08,0,0,1,13.89-7.7,51,51,0,0,1,20-3.95A47.81,47.81,0,0,1,512,290.57c4.4,8.51,5.61,17.06,3.4,24.08-2.7,8.57-10.08,14.54-16.22,18.79-7.17,5-13.33,8.06-19.36,9.71a34.41,34.41,0,0,1-9.12,1.2\" class=\"header-svg\" transform=\"translate(-72.71 -195.73)\" style=\"fill:none;stroke:#231f20;stroke-miterlimit:10\"><\/path><path d=\"M485.38,363.7a88.17,88.17,0,0,1-15.26-1.54c-11.94-2.12-21-5.1-28.57-9.37-12-6.77-20.93-18.89-27.37-37.06-5.18-14.62-3.95-27.1,4.23-43.05,3.09-6,6.6-12.29,11.42-17.42,8.25-8.81,21.1-12.93,34.35-11a94,94,0,0,1,21.22,6A70.89,70.89,0,0,1,509,265.91c17.14,17.34,23.14,42.87,15.65,66.63-4,12.66-11.16,22.24-20.18,27a40.76,40.76,0,0,1-19.06,4.18\" class=\"header-svg\" transform=\"translate(-72.71 -195.73)\" style=\"fill:none;stroke:#231f20;stroke-miterlimit:10\"><\/path><path d=\"M465.4,297.49c-2.09,1.66-3.27,3.35-3.62,5.18a12.37,12.37,0,0,0,.06,4.19,7.34,7.34,0,0,0,1.81,4.27,5.9,5.9,0,0,0,4.27,1.36,9.1,9.1,0,0,0,8-5,9.58,9.58,0,0,0,1-3.76,12.59,12.59,0,0,0-.16-3.07,5.12,5.12,0,0,0-2.81-3.8,10.48,10.48,0,0,0-2.8-.71,6.78,6.78,0,0,0-5.71,1.33\" class=\"header-svg\" transform=\"translate(-72.71 -195.73)\" style=\"fill:none;stroke:#231f20;stroke-miterlimit:10\"><\/path><path d=\"M167.39,335.93\" class=\"header-svg\" transform=\"translate(-72.71 -195.73)\" style=\"fill:none;stroke:#231f20;stroke-miterlimit:10\"><\/path><path d=\"M322.15,288.34l-.35.13c-8.19,3.17-9.88,13.17-8.84,20.78,0,0,.21,1.26.33,1.69.79,2.88,2.18,7.51-3.55,9.62-6.57,2.43-18.65,4.19-47.55-8.49-15.81-6.93-26.57-.92-40.21,6.69-12.89,7.21-28.93,16.17-54.59,16.17h-.2c-19.52,0-41.43-13.69-62.61-26.89-11.13-6.94-21.65-13.5-31.66-18\" class=\"header-svg\" transform=\"translate(-72.71 -195.73)\" style=\"fill:none;stroke:#231f20;stroke-miterlimit:10\"><\/path><path d=\"M487.41,219.11a6.28,6.28,0,0,1,1.73,0l.9.15a10.22,10.22,0,0,0,2.89.21,6.47,6.47,0,0,0,3.53-1.44,1.8,1.8,0,0,0,.7-1.53,3,3,0,0,0-1.46-2,6.86,6.86,0,0,0-3-1.12,3.86,3.86,0,0,0-2.84.94,13.28,13.28,0,0,0-2.22,2.28,12.8,12.8,0,0,0-.87,1.27l-.11.2a1,1,0,0,1-.13.23.51.51,0,0,0-.27.54.49.49,0,0,0,0,.11c.06.21.36,1.43.62,2.51.55,2.25,1,3.87,1.08,4.23a23.1,23.1,0,0,0,1.18,2.86,17.87,17.87,0,0,0,1.73,2.72c-.46.25-.94.46-1.46.69l-.35.15a4.14,4.14,0,0,1-.93.36,7.46,7.46,0,0,1-1.23.18c-1.24.13-2.41.24-2.42,2.71,0,5.65,4.65,10.29,9,12.22a3.06,3.06,0,0,0,2.58,0c2.63-1.18,4.34-5.75,5.4-9.08a34.5,34.5,0,0,0,1.09-14.14\" class=\"header-svg\" transform=\"translate(-72.71 -195.73)\" style=\"fill:none;stroke:#231f20;stroke-miterlimit:10\"><\/path><path d=\"M351.62,298.29\" class=\"header-svg\" transform=\"translate(-72.71 -195.73)\" style=\"fill:none;stroke:#231f20;stroke-miterlimit:10\"><\/path><path d=\"M502.64,224.3c-.19-1.8-.54-3.58-.88-5.31-.28-1.46-.57-3-.77-4.47s-.36-3.2-.51-4.77l-.13-1.47a20.5,20.5,0,0,0-.76-4.56c-2.26-6.85-10-8.45-16.76-7a26.73,26.73,0,0,0-7.88,3.14c-4.28,2.51-6.76,7.7-7.36,15.4a63.91,63.91,0,0,0,.61,14.45l.11.71c.64,4.32,1.36,9.21,3.35,13.13a14.46,14.46,0,0,0,2,2.74c1.35,1.56,2.63,3,2.3,5.14-.38,2.43-3.11,4.25-5.48,4.91a24.59,24.59,0,0,1-7,.49,25.84,25.84,0,0,0-7,.44c-.12,0-11.64,3.29-10.52,17.35.28,3.54.51,6,.7,8,.43,4.55.64,6.84.79,15,.21,11.68-7.13,39.24-9.49,43.48-12.49,22.52-36.66,21.7-49.86,15.65-7.27-3.33-13.24-7.54-19-11.6-9.23-6.49-18.79-13-33.94-16.62a22.23,22.23,0,0,0,15-7.7,21.35,21.35,0,0,0,2.54-23A20.24,20.24,0,0,0,332,287.39l-.37.06\" class=\"header-svg\" transform=\"translate(-72.71 -195.73)\" style=\"fill:none;stroke:#231f20;stroke-miterlimit:10\"><\/path><\/svg>\n","protected":false},"excerpt":{"rendered":"","protected":false},"author":1,"featured_media":0,"parent":17245,"menu_order":0,"comment_status":"closed","ping_status":"closed","template":"content-page.php","meta":{"_acf_changed":false,"footnotes":""},"class_list":["post-17138","page","type-page","status-publish","hentry"],"acf":[],"yoast_head":"<!-- This site is optimized with the Yoast SEO Premium plugin v24.0 (Yoast SEO v24.0) - https:\/\/yoast.com\/wordpress\/plugins\/seo\/ -->\n<title>KRAS, NRAS, EGFR, BRAF \u2013 Jednog\u00e9nov\u00fd screening | Genekor<\/title>\n<meta name=\"description\" content=\"Jednog\u00e9nov\u00fd screening KRAS, NRAS, EGFR, BRAF a \u010fal\u0161\u00edch biomarkerov pre v\u00fdber personalizovanej lie\u010dby rakoviny.\" \/>\n<meta name=\"robots\" content=\"index, follow, max-snippet:-1, max-image-preview:large, max-video-preview:-1\" \/>\n<link rel=\"canonical\" href=\"https:\/\/genekor.com\/sk\/testy\/single-genes\/\" \/>\n<meta property=\"og:locale\" content=\"sk_SK\" \/>\n<meta property=\"og:type\" content=\"article\" \/>\n<meta property=\"og:title\" content=\"Single Genes\" \/>\n<meta property=\"og:description\" content=\"Jednog\u00e9nov\u00fd screening KRAS, NRAS, EGFR, BRAF a \u010fal\u0161\u00edch biomarkerov pre v\u00fdber personalizovanej lie\u010dby rakoviny.\" \/>\n<meta property=\"og:url\" content=\"https:\/\/genekor.com\/sk\/testy\/single-genes\/\" \/>\n<meta property=\"og:site_name\" content=\"Genekor\" \/>\n<meta property=\"article:publisher\" content=\"https:\/\/www.facebook.com\/genekorbiotechnology\/\" \/>\n<meta property=\"article:modified_time\" content=\"2025-09-25T08:05:42+00:00\" \/>\n<meta name=\"twitter:card\" content=\"summary_large_image\" \/>\n<meta name=\"twitter:label1\" content=\"Predpokladan\u00fd \u010das \u010d\u00edtania\" \/>\n\t<meta name=\"twitter:data1\" content=\"2 min\u00faty\" \/>\n<script type=\"application\/ld+json\" class=\"yoast-schema-graph\">{\"@context\":\"https:\/\/schema.org\",\"@graph\":[{\"@type\":\"WebPage\",\"@id\":\"https:\/\/genekor.com\/sk\/testy\/single-genes\/\",\"url\":\"https:\/\/genekor.com\/sk\/testy\/single-genes\/\",\"name\":\"KRAS, NRAS, EGFR, BRAF \u2013 Jednog\u00e9nov\u00fd screening | Genekor\",\"isPartOf\":{\"@id\":\"https:\/\/genekor.com\/sk\/#website\"},\"datePublished\":\"2021-12-23T08:25:17+00:00\",\"dateModified\":\"2025-09-25T08:05:42+00:00\",\"description\":\"Jednog\u00e9nov\u00fd screening KRAS, NRAS, EGFR, BRAF a \u010fal\u0161\u00edch biomarkerov pre v\u00fdber personalizovanej lie\u010dby rakoviny.\",\"breadcrumb\":{\"@id\":\"https:\/\/genekor.com\/sk\/testy\/single-genes\/#breadcrumb\"},\"inLanguage\":\"sk-SK\",\"potentialAction\":[{\"@type\":\"ReadAction\",\"target\":[\"https:\/\/genekor.com\/sk\/testy\/single-genes\/\"]}]},{\"@type\":\"BreadcrumbList\",\"@id\":\"https:\/\/genekor.com\/sk\/testy\/single-genes\/#breadcrumb\",\"itemListElement\":[{\"@type\":\"ListItem\",\"position\":1,\"name\":\"Home\",\"item\":\"https:\/\/genekor.com\/sk\/\"},{\"@type\":\"ListItem\",\"position\":2,\"name\":\"Single Genes\"}]},{\"@type\":\"WebSite\",\"@id\":\"https:\/\/genekor.com\/sk\/#website\",\"url\":\"https:\/\/genekor.com\/sk\/\",\"name\":\"Genekor\",\"description\":\"\u039c\u03bf\u03c1\u03b9\u03b1\u03ba\u03ae \u0393\u03b5\u03bd\u03b5\u03c4\u03b9\u03ba\u03ae\",\"publisher\":{\"@id\":\"https:\/\/genekor.com\/sk\/#organization\"},\"potentialAction\":[{\"@type\":\"SearchAction\",\"target\":{\"@type\":\"EntryPoint\",\"urlTemplate\":\"https:\/\/genekor.com\/sk\/?s={search_term_string}\"},\"query-input\":{\"@type\":\"PropertyValueSpecification\",\"valueRequired\":true,\"valueName\":\"search_term_string\"}}],\"inLanguage\":\"sk-SK\"},{\"@type\":\"Organization\",\"@id\":\"https:\/\/genekor.com\/sk\/#organization\",\"name\":\"Genekor\",\"url\":\"https:\/\/genekor.com\/sk\/\",\"logo\":{\"@type\":\"ImageObject\",\"inLanguage\":\"sk-SK\",\"@id\":\"https:\/\/genekor.com\/sk\/#\/schema\/logo\/image\/\",\"url\":\"https:\/\/genekor.com\/wp-content\/uploads\/2021\/09\/logo-black.svg\",\"contentUrl\":\"https:\/\/genekor.com\/wp-content\/uploads\/2021\/09\/logo-black.svg\",\"width\":1,\"height\":1,\"caption\":\"Genekor\"},\"image\":{\"@id\":\"https:\/\/genekor.com\/sk\/#\/schema\/logo\/image\/\"},\"sameAs\":[\"https:\/\/www.facebook.com\/genekorbiotechnology\/\",\"https:\/\/gr.linkedin.com\/company\/genekor-sa\",\"https:\/\/www.youtube.com\/channel\/UCKC7sMFecVBY-OZAlRBHNzA\"]}]}<\/script>\n<!-- \/ Yoast SEO Premium plugin. -->","yoast_head_json":{"title":"KRAS, NRAS, EGFR, BRAF \u2013 Jednog\u00e9nov\u00fd screening | Genekor","description":"Jednog\u00e9nov\u00fd screening KRAS, NRAS, EGFR, BRAF a \u010fal\u0161\u00edch biomarkerov pre v\u00fdber personalizovanej lie\u010dby rakoviny.","robots":{"index":"index","follow":"follow","max-snippet":"max-snippet:-1","max-image-preview":"max-image-preview:large","max-video-preview":"max-video-preview:-1"},"canonical":"https:\/\/genekor.com\/sk\/testy\/single-genes\/","og_locale":"sk_SK","og_type":"article","og_title":"Single Genes","og_description":"Jednog\u00e9nov\u00fd screening KRAS, NRAS, EGFR, BRAF a \u010fal\u0161\u00edch biomarkerov pre v\u00fdber personalizovanej lie\u010dby rakoviny.","og_url":"https:\/\/genekor.com\/sk\/testy\/single-genes\/","og_site_name":"Genekor","article_publisher":"https:\/\/www.facebook.com\/genekorbiotechnology\/","article_modified_time":"2025-09-25T08:05:42+00:00","twitter_card":"summary_large_image","twitter_misc":{"Predpokladan\u00fd \u010das \u010d\u00edtania":"2 min\u00faty"},"schema":{"@context":"https:\/\/schema.org","@graph":[{"@type":"WebPage","@id":"https:\/\/genekor.com\/sk\/testy\/single-genes\/","url":"https:\/\/genekor.com\/sk\/testy\/single-genes\/","name":"KRAS, NRAS, EGFR, BRAF \u2013 Jednog\u00e9nov\u00fd screening | Genekor","isPartOf":{"@id":"https:\/\/genekor.com\/sk\/#website"},"datePublished":"2021-12-23T08:25:17+00:00","dateModified":"2025-09-25T08:05:42+00:00","description":"Jednog\u00e9nov\u00fd screening KRAS, NRAS, EGFR, BRAF a \u010fal\u0161\u00edch biomarkerov pre v\u00fdber personalizovanej lie\u010dby rakoviny.","breadcrumb":{"@id":"https:\/\/genekor.com\/sk\/testy\/single-genes\/#breadcrumb"},"inLanguage":"sk-SK","potentialAction":[{"@type":"ReadAction","target":["https:\/\/genekor.com\/sk\/testy\/single-genes\/"]}]},{"@type":"BreadcrumbList","@id":"https:\/\/genekor.com\/sk\/testy\/single-genes\/#breadcrumb","itemListElement":[{"@type":"ListItem","position":1,"name":"Home","item":"https:\/\/genekor.com\/sk\/"},{"@type":"ListItem","position":2,"name":"Single Genes"}]},{"@type":"WebSite","@id":"https:\/\/genekor.com\/sk\/#website","url":"https:\/\/genekor.com\/sk\/","name":"Genekor","description":"\u039c\u03bf\u03c1\u03b9\u03b1\u03ba\u03ae \u0393\u03b5\u03bd\u03b5\u03c4\u03b9\u03ba\u03ae","publisher":{"@id":"https:\/\/genekor.com\/sk\/#organization"},"potentialAction":[{"@type":"SearchAction","target":{"@type":"EntryPoint","urlTemplate":"https:\/\/genekor.com\/sk\/?s={search_term_string}"},"query-input":{"@type":"PropertyValueSpecification","valueRequired":true,"valueName":"search_term_string"}}],"inLanguage":"sk-SK"},{"@type":"Organization","@id":"https:\/\/genekor.com\/sk\/#organization","name":"Genekor","url":"https:\/\/genekor.com\/sk\/","logo":{"@type":"ImageObject","inLanguage":"sk-SK","@id":"https:\/\/genekor.com\/sk\/#\/schema\/logo\/image\/","url":"https:\/\/genekor.com\/wp-content\/uploads\/2021\/09\/logo-black.svg","contentUrl":"https:\/\/genekor.com\/wp-content\/uploads\/2021\/09\/logo-black.svg","width":1,"height":1,"caption":"Genekor"},"image":{"@id":"https:\/\/genekor.com\/sk\/#\/schema\/logo\/image\/"},"sameAs":["https:\/\/www.facebook.com\/genekorbiotechnology\/","https:\/\/gr.linkedin.com\/company\/genekor-sa","https:\/\/www.youtube.com\/channel\/UCKC7sMFecVBY-OZAlRBHNzA"]}]}},"_links":{"self":[{"href":"https:\/\/genekor.com\/sk\/wp-json\/wp\/v2\/pages\/17138","targetHints":{"allow":["GET"]}}],"collection":[{"href":"https:\/\/genekor.com\/sk\/wp-json\/wp\/v2\/pages"}],"about":[{"href":"https:\/\/genekor.com\/sk\/wp-json\/wp\/v2\/types\/page"}],"author":[{"embeddable":true,"href":"https:\/\/genekor.com\/sk\/wp-json\/wp\/v2\/users\/1"}],"replies":[{"embeddable":true,"href":"https:\/\/genekor.com\/sk\/wp-json\/wp\/v2\/comments?post=17138"}],"version-history":[{"count":3,"href":"https:\/\/genekor.com\/sk\/wp-json\/wp\/v2\/pages\/17138\/revisions"}],"predecessor-version":[{"id":17148,"href":"https:\/\/genekor.com\/sk\/wp-json\/wp\/v2\/pages\/17138\/revisions\/17148"}],"up":[{"embeddable":true,"href":"https:\/\/genekor.com\/sk\/wp-json\/wp\/v2\/pages\/17245"}],"wp:attachment":[{"href":"https:\/\/genekor.com\/sk\/wp-json\/wp\/v2\/media?parent=17138"}],"curies":[{"name":"wp","href":"https:\/\/api.w.org\/{rel}","templated":true}]}}