{"id":17128,"date":"2021-09-13T11:16:48","date_gmt":"2021-09-13T11:16:48","guid":{"rendered":"https:\/\/genekor.com\/mikrosatelitni-nestabilita-msi\/"},"modified":"2025-09-25T07:37:30","modified_gmt":"2025-09-25T07:37:30","slug":"mikrosatelitni-nestabilita-msi","status":"publish","type":"page","link":"https:\/\/genekor.com\/sk\/testy\/mikrosatelitni-nestabilita-msi\/","title":{"rendered":"Mikrosatelitn\u00ed nestabilita (MSI)"},"content":{"rendered":"\n<svg xmlns=\"http:\/\/www.w3.org\/2000\/svg\" id=\"Layer_3\" data-name=\"Layer 1\" viewbox=\"0 0 406.21 392.39\"><path d=\"M497.29,429.9c-6.87-10.37-18.16-13.45-30.11-16.71-12.43-3.39-21.42-5.84-31.84-1.75-18.44,7.24-23,27.8-23.17,28.67a41.79,41.79,0,0,0,2.71,25.06c6.48,14,23,25.53,42.11,29.32a60.76,60.76,0,0,0,11.76,1.21c9.56,0,17.67-2.63,23.11-7.67,9.49-8.79,10.21-24.29,10.56-31.74C502.78,448.53,503.23,438.88,497.29,429.9Z\" class=\"header-svg\" transform=\"translate(-96.9 -103.8)\" style=\"fill:none;stroke:#1d1d1b;stroke-miterlimit:10\"><\/path><path d=\"M271.5,245.5c-9.21,6.14-14.2,15.07-22,31.05-8.65,17.65-13.41,27.37-11.42,39.61a37.25,37.25,0,0,0,5.84,14.71c-27.89,27.27-46.61,58.26-52.78,68.47-.75,1.24-1.39,2.29-1.78,2.91-11.38-13.9-32.08-17-43.91-16.43-21,1-45.16,14.47-47.8,32.85-1,7.13,1.47,12.83,3.29,17a77,77,0,0,0,21.86,28c6.69,5.24,16.49,10.71,28.29,10.71A39,39,0,0,0,161.19,473c13.08-3.5,24.72-13.64,31.13-27.13,5.86-12.34,6.49-25.47,1.73-36.05a42.61,42.61,0,0,0-4.55-7.33\" class=\"header-svg\" transform=\"translate(-96.9 -103.8)\" style=\"fill:none;stroke:#1d1d1b;stroke-miterlimit:10\"><\/path><path d=\"M348.5,248.5c-15.65-8.81-35.65-9.6-45.83-9.58-9,0-20.86.07-31.17,6.58l-52-41c5-7,8.63-14.07,8.31-21.42-.41-9.78-7.27-19.83-17.89-26.23-10.37-6.25-21.69-7.55-30.28-3.46-11.1,5.27-20,22.56-15,41.29,1.39,5.2,5.83,17.74,17.12,21.91a23.86,23.86,0,0,0,8.31,1.41c7.25,0,15.31-2.81,22.53-8.06,2-1.44,5.9-3.44,6.9-5.44\" class=\"header-svg\" transform=\"translate(-96.9 -103.8)\" style=\"fill:none;stroke:#1d1d1b;stroke-miterlimit:10\"><\/path><path d=\"M419.49,422.92a98.47,98.47,0,0,0-8.07-7.26c-2.56-2.05-5.23-4-7.82-6-1.23-.92-2.46-1.83-3.69-2.76a126.47,126.47,0,0,1-17-15.6c-8.11-8.83-15.43-18.58-22.51-28-2.33-3.09-4.59-5.76-6.94-8.83,8.07-16.58,14.69-27.18,16.37-36.14,2.54-13.57,7.28-38.82-8.7-58.69a48.71,48.71,0,0,0-13.58-11.6l.47.08c.12-.63,12-63,28.15-72.92a34.84,34.84,0,0,0,14.25,5,35.67,35.67,0,0,0,4.08.24c19.83,0,31.63-17.47,32.16-18.27,8.31-12.58,10.75-32.38-.67-45.87-10.88-12.84-28-13.68-39.29-10.49A40.78,40.78,0,0,0,359.92,131a34.54,34.54,0,0,0-2.12,15.66c1.1,10.19,8.83,22.21,18.7,28.81\" class=\"header-svg\" transform=\"translate(-96.9 -103.8)\" style=\"fill:none;stroke:#1d1d1b;stroke-miterlimit:10\"><\/path><path d=\"M243.5,330.5a116.92,116.92,0,0,0,9.39,11.31,102.88,102.88,0,0,0,22.66,17.78c12.41,7.19,24.73,10.8,36.79,10.8a59.75,59.75,0,0,0,12.9-1.4c4-.87,19.26-3.49,28.26-14.49\" class=\"header-svg\" transform=\"translate(-96.9 -103.8)\" style=\"fill:none;stroke:#1d1d1b;stroke-miterlimit:10\"><\/path><\/svg>\n","protected":false},"excerpt":{"rendered":"","protected":false},"author":1,"featured_media":0,"parent":17245,"menu_order":0,"comment_status":"closed","ping_status":"closed","template":"content-page.php","meta":{"_acf_changed":false,"footnotes":""},"class_list":["post-17128","page","type-page","status-publish","hentry"],"acf":[],"yoast_head":"<!-- This site is optimized with the Yoast SEO Premium plugin v24.0 (Yoast SEO v24.0) - https:\/\/yoast.com\/wordpress\/plugins\/seo\/ -->\n<title>Mikrosatelitn\u00e1 nestabilita (MSI) \u2013 Anal\u00fdza | Genekor<\/title>\n<meta name=\"description\" content=\"Mikrosatelitn\u00e1 nestabilita (MSI) je biomarker pri rakovine hrub\u00e9ho \u010dreva, endometria a Lynchovom syndr\u00f3me.\" \/>\n<meta name=\"robots\" content=\"index, follow, max-snippet:-1, max-image-preview:large, max-video-preview:-1\" \/>\n<link rel=\"canonical\" href=\"https:\/\/genekor.com\/sk\/testy\/mikrosatelitni-nestabilita-msi\/\" \/>\n<meta property=\"og:locale\" content=\"sk_SK\" \/>\n<meta property=\"og:type\" content=\"article\" \/>\n<meta property=\"og:title\" content=\"Mikrosatelitn\u00ed nestabilita (MSI)\" \/>\n<meta property=\"og:description\" content=\"Mikrosatelitn\u00e1 nestabilita (MSI) je biomarker pri rakovine hrub\u00e9ho \u010dreva, endometria a Lynchovom syndr\u00f3me.\" \/>\n<meta property=\"og:url\" content=\"https:\/\/genekor.com\/sk\/testy\/mikrosatelitni-nestabilita-msi\/\" \/>\n<meta property=\"og:site_name\" content=\"Genekor\" \/>\n<meta property=\"article:publisher\" content=\"https:\/\/www.facebook.com\/genekorbiotechnology\/\" \/>\n<meta property=\"article:modified_time\" content=\"2025-09-25T07:37:30+00:00\" \/>\n<meta name=\"twitter:card\" content=\"summary_large_image\" \/>\n<meta name=\"twitter:label1\" content=\"Predpokladan\u00fd \u010das \u010d\u00edtania\" \/>\n\t<meta name=\"twitter:data1\" content=\"2 min\u00faty\" \/>\n<script type=\"application\/ld+json\" class=\"yoast-schema-graph\">{\"@context\":\"https:\/\/schema.org\",\"@graph\":[{\"@type\":\"WebPage\",\"@id\":\"https:\/\/genekor.com\/sk\/testy\/mikrosatelitni-nestabilita-msi\/\",\"url\":\"https:\/\/genekor.com\/sk\/testy\/mikrosatelitni-nestabilita-msi\/\",\"name\":\"Mikrosatelitn\u00e1 nestabilita (MSI) \u2013 Anal\u00fdza | Genekor\",\"isPartOf\":{\"@id\":\"https:\/\/genekor.com\/sk\/#website\"},\"datePublished\":\"2021-09-13T11:16:48+00:00\",\"dateModified\":\"2025-09-25T07:37:30+00:00\",\"description\":\"Mikrosatelitn\u00e1 nestabilita (MSI) je biomarker pri rakovine hrub\u00e9ho \u010dreva, endometria a Lynchovom syndr\u00f3me.\",\"breadcrumb\":{\"@id\":\"https:\/\/genekor.com\/sk\/testy\/mikrosatelitni-nestabilita-msi\/#breadcrumb\"},\"inLanguage\":\"sk-SK\",\"potentialAction\":[{\"@type\":\"ReadAction\",\"target\":[\"https:\/\/genekor.com\/sk\/testy\/mikrosatelitni-nestabilita-msi\/\"]}]},{\"@type\":\"BreadcrumbList\",\"@id\":\"https:\/\/genekor.com\/sk\/testy\/mikrosatelitni-nestabilita-msi\/#breadcrumb\",\"itemListElement\":[{\"@type\":\"ListItem\",\"position\":1,\"name\":\"Home\",\"item\":\"https:\/\/genekor.com\/sk\/\"},{\"@type\":\"ListItem\",\"position\":2,\"name\":\"Mikrosatelitn\u00ed nestabilita (MSI)\"}]},{\"@type\":\"WebSite\",\"@id\":\"https:\/\/genekor.com\/sk\/#website\",\"url\":\"https:\/\/genekor.com\/sk\/\",\"name\":\"Genekor\",\"description\":\"\u039c\u03bf\u03c1\u03b9\u03b1\u03ba\u03ae \u0393\u03b5\u03bd\u03b5\u03c4\u03b9\u03ba\u03ae\",\"publisher\":{\"@id\":\"https:\/\/genekor.com\/sk\/#organization\"},\"potentialAction\":[{\"@type\":\"SearchAction\",\"target\":{\"@type\":\"EntryPoint\",\"urlTemplate\":\"https:\/\/genekor.com\/sk\/?s={search_term_string}\"},\"query-input\":{\"@type\":\"PropertyValueSpecification\",\"valueRequired\":true,\"valueName\":\"search_term_string\"}}],\"inLanguage\":\"sk-SK\"},{\"@type\":\"Organization\",\"@id\":\"https:\/\/genekor.com\/sk\/#organization\",\"name\":\"Genekor\",\"url\":\"https:\/\/genekor.com\/sk\/\",\"logo\":{\"@type\":\"ImageObject\",\"inLanguage\":\"sk-SK\",\"@id\":\"https:\/\/genekor.com\/sk\/#\/schema\/logo\/image\/\",\"url\":\"https:\/\/genekor.com\/wp-content\/uploads\/2021\/09\/logo-black.svg\",\"contentUrl\":\"https:\/\/genekor.com\/wp-content\/uploads\/2021\/09\/logo-black.svg\",\"width\":1,\"height\":1,\"caption\":\"Genekor\"},\"image\":{\"@id\":\"https:\/\/genekor.com\/sk\/#\/schema\/logo\/image\/\"},\"sameAs\":[\"https:\/\/www.facebook.com\/genekorbiotechnology\/\",\"https:\/\/gr.linkedin.com\/company\/genekor-sa\",\"https:\/\/www.youtube.com\/channel\/UCKC7sMFecVBY-OZAlRBHNzA\"]}]}<\/script>\n<!-- \/ Yoast SEO Premium plugin. -->","yoast_head_json":{"title":"Mikrosatelitn\u00e1 nestabilita (MSI) \u2013 Anal\u00fdza | Genekor","description":"Mikrosatelitn\u00e1 nestabilita (MSI) je biomarker pri rakovine hrub\u00e9ho \u010dreva, endometria a Lynchovom syndr\u00f3me.","robots":{"index":"index","follow":"follow","max-snippet":"max-snippet:-1","max-image-preview":"max-image-preview:large","max-video-preview":"max-video-preview:-1"},"canonical":"https:\/\/genekor.com\/sk\/testy\/mikrosatelitni-nestabilita-msi\/","og_locale":"sk_SK","og_type":"article","og_title":"Mikrosatelitn\u00ed nestabilita (MSI)","og_description":"Mikrosatelitn\u00e1 nestabilita (MSI) je biomarker pri rakovine hrub\u00e9ho \u010dreva, endometria a Lynchovom syndr\u00f3me.","og_url":"https:\/\/genekor.com\/sk\/testy\/mikrosatelitni-nestabilita-msi\/","og_site_name":"Genekor","article_publisher":"https:\/\/www.facebook.com\/genekorbiotechnology\/","article_modified_time":"2025-09-25T07:37:30+00:00","twitter_card":"summary_large_image","twitter_misc":{"Predpokladan\u00fd \u010das \u010d\u00edtania":"2 min\u00faty"},"schema":{"@context":"https:\/\/schema.org","@graph":[{"@type":"WebPage","@id":"https:\/\/genekor.com\/sk\/testy\/mikrosatelitni-nestabilita-msi\/","url":"https:\/\/genekor.com\/sk\/testy\/mikrosatelitni-nestabilita-msi\/","name":"Mikrosatelitn\u00e1 nestabilita (MSI) \u2013 Anal\u00fdza | Genekor","isPartOf":{"@id":"https:\/\/genekor.com\/sk\/#website"},"datePublished":"2021-09-13T11:16:48+00:00","dateModified":"2025-09-25T07:37:30+00:00","description":"Mikrosatelitn\u00e1 nestabilita (MSI) je biomarker pri rakovine hrub\u00e9ho \u010dreva, endometria a Lynchovom syndr\u00f3me.","breadcrumb":{"@id":"https:\/\/genekor.com\/sk\/testy\/mikrosatelitni-nestabilita-msi\/#breadcrumb"},"inLanguage":"sk-SK","potentialAction":[{"@type":"ReadAction","target":["https:\/\/genekor.com\/sk\/testy\/mikrosatelitni-nestabilita-msi\/"]}]},{"@type":"BreadcrumbList","@id":"https:\/\/genekor.com\/sk\/testy\/mikrosatelitni-nestabilita-msi\/#breadcrumb","itemListElement":[{"@type":"ListItem","position":1,"name":"Home","item":"https:\/\/genekor.com\/sk\/"},{"@type":"ListItem","position":2,"name":"Mikrosatelitn\u00ed nestabilita (MSI)"}]},{"@type":"WebSite","@id":"https:\/\/genekor.com\/sk\/#website","url":"https:\/\/genekor.com\/sk\/","name":"Genekor","description":"\u039c\u03bf\u03c1\u03b9\u03b1\u03ba\u03ae \u0393\u03b5\u03bd\u03b5\u03c4\u03b9\u03ba\u03ae","publisher":{"@id":"https:\/\/genekor.com\/sk\/#organization"},"potentialAction":[{"@type":"SearchAction","target":{"@type":"EntryPoint","urlTemplate":"https:\/\/genekor.com\/sk\/?s={search_term_string}"},"query-input":{"@type":"PropertyValueSpecification","valueRequired":true,"valueName":"search_term_string"}}],"inLanguage":"sk-SK"},{"@type":"Organization","@id":"https:\/\/genekor.com\/sk\/#organization","name":"Genekor","url":"https:\/\/genekor.com\/sk\/","logo":{"@type":"ImageObject","inLanguage":"sk-SK","@id":"https:\/\/genekor.com\/sk\/#\/schema\/logo\/image\/","url":"https:\/\/genekor.com\/wp-content\/uploads\/2021\/09\/logo-black.svg","contentUrl":"https:\/\/genekor.com\/wp-content\/uploads\/2021\/09\/logo-black.svg","width":1,"height":1,"caption":"Genekor"},"image":{"@id":"https:\/\/genekor.com\/sk\/#\/schema\/logo\/image\/"},"sameAs":["https:\/\/www.facebook.com\/genekorbiotechnology\/","https:\/\/gr.linkedin.com\/company\/genekor-sa","https:\/\/www.youtube.com\/channel\/UCKC7sMFecVBY-OZAlRBHNzA"]}]}},"_links":{"self":[{"href":"https:\/\/genekor.com\/sk\/wp-json\/wp\/v2\/pages\/17128","targetHints":{"allow":["GET"]}}],"collection":[{"href":"https:\/\/genekor.com\/sk\/wp-json\/wp\/v2\/pages"}],"about":[{"href":"https:\/\/genekor.com\/sk\/wp-json\/wp\/v2\/types\/page"}],"author":[{"embeddable":true,"href":"https:\/\/genekor.com\/sk\/wp-json\/wp\/v2\/users\/1"}],"replies":[{"embeddable":true,"href":"https:\/\/genekor.com\/sk\/wp-json\/wp\/v2\/comments?post=17128"}],"version-history":[{"count":5,"href":"https:\/\/genekor.com\/sk\/wp-json\/wp\/v2\/pages\/17128\/revisions"}],"predecessor-version":[{"id":17137,"href":"https:\/\/genekor.com\/sk\/wp-json\/wp\/v2\/pages\/17128\/revisions\/17137"}],"up":[{"embeddable":true,"href":"https:\/\/genekor.com\/sk\/wp-json\/wp\/v2\/pages\/17245"}],"wp:attachment":[{"href":"https:\/\/genekor.com\/sk\/wp-json\/wp\/v2\/media?parent=17128"}],"curies":[{"name":"wp","href":"https:\/\/api.w.org\/{rel}","templated":true}]}}