{"id":17099,"date":"2021-09-12T18:23:33","date_gmt":"2021-09-12T18:23:33","guid":{"rendered":"https:\/\/genekor.com\/brca-test\/brca-somatic\/"},"modified":"2025-09-24T09:06:13","modified_gmt":"2025-09-24T09:06:13","slug":"brca-somatic","status":"publish","type":"page","link":"https:\/\/genekor.com\/sk\/brca-test\/brca-somatic\/","title":{"rendered":"BRCA Somatic"},"content":{"rendered":"\n<svg xmlns=\"http:\/\/www.w3.org\/2000\/svg\" id=\"Layer_3\" data-name=\"Layer 1\" viewbox=\"0 0 175.68 461.74\"><path d=\"M281.67,96h.38c3.93,0,6.24-2,7.46-6.37a22.35,22.35,0,0,0,1.11-7.86c-.32-3.56-3.07-7.3-7.19-9.75s-8.56-3.09-11.85-1.67a4.83,4.83,0,0,0-1.43.89,6.09,6.09,0,0,0-1.1,1.7,38.77,38.77,0,0,0-2.43,5.82,12.37,12.37,0,0,0,.58,9.57C269.54,93,274.82,95.81,281.67,96Z\" class=\"header-svg\" transform=\"translate(-212.16 -69.13)\" style=\"fill:none;stroke:#1d1d1b;stroke-miterlimit:10\"><\/path><path d=\"M306.51,139.72q.62,0,1.23-.06c3.33-.3,6.74-1.68,10.73-4.32,4.75-3.16,10.73-8.48,12.24-15.87,1.34-6.55-2.14-14.92-9.29-16.44-6.72-1.43-13.6,2.27-18.2,5.18a16.85,16.85,0,0,0-4.41,3.91c-2.13,2.75-3.2,6.08-3.6,11.13-.35,4.49-.46,8.79,1.94,12.13A11.48,11.48,0,0,0,306.51,139.72Z\" class=\"header-svg\" transform=\"translate(-212.16 -69.13)\" style=\"fill:none;stroke:#1d1d1b;stroke-miterlimit:10\"><\/path><path d=\"M275.2,160.84l-.17.33c-2.16,5.75-.26,12.65,4.41,16.05a11.69,11.69,0,0,0,6.9,2.17,12.71,12.71,0,0,0,2-.16A10.73,10.73,0,0,0,295.5,175c3.14-4.38,2.41-11.14-1.67-15.37a17.63,17.63,0,0,0-10.55-5C278.73,154.26,276.94,157.61,275.2,160.84Z\" class=\"header-svg\" transform=\"translate(-212.16 -69.13)\" style=\"fill:none;stroke:#1d1d1b;stroke-miterlimit:10\"><\/path><path d=\"M320,364.43a6.86,6.86,0,0,1-3.4-2.06,6.56,6.56,0,0,1-.8-3.49q-.26-5.47-.53-11c-2-41.32-4.13-84.06,1-125.83a64.84,64.84,0,0,0,14.25-1.76c5.93-1.56,9.79-4.88,10.32-8.89.56-4.24-2.64-7.87-5.84-9.44-6-3-13.81-2-20.67-1.21-2.19.26-4.26.51-6.21.64l-5,.32c-11.07.75-22.52,1.52-33.62.23l-.62-.08c-2-.26-4.7-.61-6.19,1.36a3.39,3.39,0,0,0-.65,1.72,36,36,0,0,0,.17,7.9c.05.48.07,1,.08,1.63.05,1.69.1,3.61,1.09,4.87a5.8,5.8,0,0,0,3.7,1.74,90,90,0,0,0,11.81,1.29c.23,18.55.34,38.63.44,58,.1,18.58.21,37.73.42,55.59l0,0a.55.55,0,0,0,0,.22c0,.89,0,1.8,0,2.68a17.53,17.53,0,0,1-.58,5.88c-.88,2.58-2.94,4.58-4.8,6.26-3.82,3.44-7.79,6.62-11.62,9.7-7.87,6.32-15.3,12.29-21.82,20.42A137.16,137.16,0,0,0,218.7,421c-9.42,26.49-10.29,62.46,15.52,84,19.45,16.21,48,25.38,77.93,25.38,3.66,0,7.35-.14,11-.41a71,71,0,0,0,31.52-9.78c19.86-12.14,32.06-36,32.62-63.87C388.15,415.34,362.36,380.13,320,364.43Z\" class=\"header-svg\" transform=\"translate(-212.16 -69.13)\" style=\"fill:none;stroke:#1d1d1b;stroke-miterlimit:10\"><\/path><path d=\"M338.76,397.07\" class=\"header-svg\" transform=\"translate(-212.16 -69.13)\" style=\"fill:none;stroke:#1d1d1b;stroke-miterlimit:10\"><\/path><path d=\"M375.32,411.42\" class=\"header-svg\" transform=\"translate(-212.16 -69.13)\" style=\"fill:none;stroke:#1d1d1b;stroke-miterlimit:10\"><\/path><path d=\"M278.94,222.46c2.33.09,5.66.13,8,.13,2.85,0,5.68-.05,8.49-.1l16.11-.29c1.25,0,3.51,0,4.78-.09\" class=\"header-svg\" transform=\"translate(-212.16 -69.13)\" style=\"fill:none;stroke:#1d1d1b;stroke-miterlimit:10\"><\/path><path d=\"M279.23,254.51c3.82-.4,9.91-.6,13.12,0h.09\" class=\"header-svg\" transform=\"translate(-212.16 -69.13)\" style=\"fill:none;stroke:#1d1d1b;stroke-miterlimit:10\"><\/path><path d=\"M293,279.8H279.38\" class=\"header-svg\" transform=\"translate(-212.16 -69.13)\" style=\"fill:none;stroke:#1d1d1b;stroke-miterlimit:10\"><\/path><path d=\"M293.89,306.91c-4.09-1.45-10.72-.25-14.34,1.7\" class=\"header-svg\" transform=\"translate(-212.16 -69.13)\" style=\"fill:none;stroke:#1d1d1b;stroke-miterlimit:10\"><\/path><path d=\"M294.6,338l-14.8-2.28\" class=\"header-svg\" transform=\"translate(-212.16 -69.13)\" style=\"fill:none;stroke:#1d1d1b;stroke-miterlimit:10\"><\/path><path d=\"M280.81,336.76\" class=\"header-svg\" transform=\"translate(-212.16 -69.13)\" style=\"fill:none;stroke:#1d1d1b;stroke-miterlimit:10\"><\/path><path d=\"M226.14,404.26c4.48,4.09,12.42,3.4,19.14,2.72,6.38-.65,13-1.32,17.34,2.11a21.21,21.21,0,0,1,4.39,5.46c1.77,2.77,3.6,5.62,6.73,6.81a8.46,8.46,0,0,0,3,.56c4.26,0,8.18-3.23,12-6.39,1.13-.93,2.19-1.81,3.27-2.61a26.59,26.59,0,0,1,21.47-4.53l1.69.42a15.31,15.31,0,0,0,6.44.74c3.5-.59,6.05-3.32,8.52-6,2.65-2.83,5.15-5.51,8.62-5.51h.08c4.17.05,6.65,3.76,9.26,7.69a46.58,46.58,0,0,0,3.12,4.31c5.89,6.89,17.58,6.92,24.61,1.22\" class=\"header-svg\" transform=\"translate(-212.16 -69.13)\" style=\"fill:none;stroke:#1d1d1b;stroke-miterlimit:10\"><\/path><\/svg>\n","protected":false},"excerpt":{"rendered":"","protected":false},"author":1,"featured_media":0,"parent":17096,"menu_order":0,"comment_status":"closed","ping_status":"closed","template":"content-page.php","meta":{"_acf_changed":false,"footnotes":""},"class_list":["post-17099","page","type-page","status-publish","hentry"],"acf":[],"yoast_head":"<!-- This site is optimized with the Yoast SEO Premium plugin v24.0 (Yoast SEO v24.0) - https:\/\/yoast.com\/wordpress\/plugins\/seo\/ -->\n<title>Inhib\u00edtory PARP \u2013 somatick\u00fd BRCA test | Genekor<\/title>\n<meta name=\"description\" content=\"Somatick\u00fd BRCA test je navrhnut\u00fd na identifik\u00e1ciu pacientov s mut\u00e1ciami BRCA, ktor\u00ed m\u00f4\u017eu profitova\u0165 z lie\u010dby inhib\u00edtormi PARP.\" \/>\n<meta name=\"robots\" content=\"index, follow, max-snippet:-1, max-image-preview:large, max-video-preview:-1\" \/>\n<link rel=\"canonical\" href=\"https:\/\/genekor.com\/sk\/brca-test\/brca-somatic\/\" \/>\n<meta property=\"og:locale\" content=\"sk_SK\" \/>\n<meta property=\"og:type\" content=\"article\" \/>\n<meta property=\"og:title\" content=\"BRCA Somatic\" \/>\n<meta property=\"og:description\" content=\"Somatick\u00fd BRCA test je navrhnut\u00fd na identifik\u00e1ciu pacientov s mut\u00e1ciami BRCA, ktor\u00ed m\u00f4\u017eu profitova\u0165 z lie\u010dby inhib\u00edtormi PARP.\" \/>\n<meta property=\"og:url\" content=\"https:\/\/genekor.com\/sk\/brca-test\/brca-somatic\/\" \/>\n<meta property=\"og:site_name\" content=\"Genekor\" \/>\n<meta property=\"article:publisher\" content=\"https:\/\/www.facebook.com\/genekorbiotechnology\/\" \/>\n<meta property=\"article:modified_time\" content=\"2025-09-24T09:06:13+00:00\" \/>\n<meta name=\"twitter:card\" content=\"summary_large_image\" \/>\n<meta name=\"twitter:label1\" content=\"Predpokladan\u00fd \u010das \u010d\u00edtania\" \/>\n\t<meta name=\"twitter:data1\" content=\"2 min\u00faty\" \/>\n<script type=\"application\/ld+json\" class=\"yoast-schema-graph\">{\"@context\":\"https:\/\/schema.org\",\"@graph\":[{\"@type\":\"WebPage\",\"@id\":\"https:\/\/genekor.com\/sk\/brca-test\/brca-somatic\/\",\"url\":\"https:\/\/genekor.com\/sk\/brca-test\/brca-somatic\/\",\"name\":\"Inhib\u00edtory PARP \u2013 somatick\u00fd BRCA test | Genekor\",\"isPartOf\":{\"@id\":\"https:\/\/genekor.com\/sk\/#website\"},\"datePublished\":\"2021-09-12T18:23:33+00:00\",\"dateModified\":\"2025-09-24T09:06:13+00:00\",\"description\":\"Somatick\u00fd BRCA test je navrhnut\u00fd na identifik\u00e1ciu pacientov s mut\u00e1ciami BRCA, ktor\u00ed m\u00f4\u017eu profitova\u0165 z lie\u010dby inhib\u00edtormi PARP.\",\"breadcrumb\":{\"@id\":\"https:\/\/genekor.com\/sk\/brca-test\/brca-somatic\/#breadcrumb\"},\"inLanguage\":\"sk-SK\",\"potentialAction\":[{\"@type\":\"ReadAction\",\"target\":[\"https:\/\/genekor.com\/sk\/brca-test\/brca-somatic\/\"]}]},{\"@type\":\"BreadcrumbList\",\"@id\":\"https:\/\/genekor.com\/sk\/brca-test\/brca-somatic\/#breadcrumb\",\"itemListElement\":[{\"@type\":\"ListItem\",\"position\":1,\"name\":\"Home\",\"item\":\"https:\/\/genekor.com\/sk\/\"},{\"@type\":\"ListItem\",\"position\":2,\"name\":\"BRCA Test\",\"item\":\"https:\/\/genekor.com\/sk\/brca-test\/\"},{\"@type\":\"ListItem\",\"position\":3,\"name\":\"BRCA Somatic\"}]},{\"@type\":\"WebSite\",\"@id\":\"https:\/\/genekor.com\/sk\/#website\",\"url\":\"https:\/\/genekor.com\/sk\/\",\"name\":\"Genekor\",\"description\":\"\u039c\u03bf\u03c1\u03b9\u03b1\u03ba\u03ae \u0393\u03b5\u03bd\u03b5\u03c4\u03b9\u03ba\u03ae\",\"publisher\":{\"@id\":\"https:\/\/genekor.com\/sk\/#organization\"},\"potentialAction\":[{\"@type\":\"SearchAction\",\"target\":{\"@type\":\"EntryPoint\",\"urlTemplate\":\"https:\/\/genekor.com\/sk\/?s={search_term_string}\"},\"query-input\":{\"@type\":\"PropertyValueSpecification\",\"valueRequired\":true,\"valueName\":\"search_term_string\"}}],\"inLanguage\":\"sk-SK\"},{\"@type\":\"Organization\",\"@id\":\"https:\/\/genekor.com\/sk\/#organization\",\"name\":\"Genekor\",\"url\":\"https:\/\/genekor.com\/sk\/\",\"logo\":{\"@type\":\"ImageObject\",\"inLanguage\":\"sk-SK\",\"@id\":\"https:\/\/genekor.com\/sk\/#\/schema\/logo\/image\/\",\"url\":\"https:\/\/genekor.com\/wp-content\/uploads\/2021\/09\/logo-black.svg\",\"contentUrl\":\"https:\/\/genekor.com\/wp-content\/uploads\/2021\/09\/logo-black.svg\",\"width\":1,\"height\":1,\"caption\":\"Genekor\"},\"image\":{\"@id\":\"https:\/\/genekor.com\/sk\/#\/schema\/logo\/image\/\"},\"sameAs\":[\"https:\/\/www.facebook.com\/genekorbiotechnology\/\",\"https:\/\/gr.linkedin.com\/company\/genekor-sa\",\"https:\/\/www.youtube.com\/channel\/UCKC7sMFecVBY-OZAlRBHNzA\"]}]}<\/script>\n<!-- \/ Yoast SEO Premium plugin. -->","yoast_head_json":{"title":"Inhib\u00edtory PARP \u2013 somatick\u00fd BRCA test | Genekor","description":"Somatick\u00fd BRCA test je navrhnut\u00fd na identifik\u00e1ciu pacientov s mut\u00e1ciami BRCA, ktor\u00ed m\u00f4\u017eu profitova\u0165 z lie\u010dby inhib\u00edtormi PARP.","robots":{"index":"index","follow":"follow","max-snippet":"max-snippet:-1","max-image-preview":"max-image-preview:large","max-video-preview":"max-video-preview:-1"},"canonical":"https:\/\/genekor.com\/sk\/brca-test\/brca-somatic\/","og_locale":"sk_SK","og_type":"article","og_title":"BRCA Somatic","og_description":"Somatick\u00fd BRCA test je navrhnut\u00fd na identifik\u00e1ciu pacientov s mut\u00e1ciami BRCA, ktor\u00ed m\u00f4\u017eu profitova\u0165 z lie\u010dby inhib\u00edtormi PARP.","og_url":"https:\/\/genekor.com\/sk\/brca-test\/brca-somatic\/","og_site_name":"Genekor","article_publisher":"https:\/\/www.facebook.com\/genekorbiotechnology\/","article_modified_time":"2025-09-24T09:06:13+00:00","twitter_card":"summary_large_image","twitter_misc":{"Predpokladan\u00fd \u010das \u010d\u00edtania":"2 min\u00faty"},"schema":{"@context":"https:\/\/schema.org","@graph":[{"@type":"WebPage","@id":"https:\/\/genekor.com\/sk\/brca-test\/brca-somatic\/","url":"https:\/\/genekor.com\/sk\/brca-test\/brca-somatic\/","name":"Inhib\u00edtory PARP \u2013 somatick\u00fd BRCA test | Genekor","isPartOf":{"@id":"https:\/\/genekor.com\/sk\/#website"},"datePublished":"2021-09-12T18:23:33+00:00","dateModified":"2025-09-24T09:06:13+00:00","description":"Somatick\u00fd BRCA test je navrhnut\u00fd na identifik\u00e1ciu pacientov s mut\u00e1ciami BRCA, ktor\u00ed m\u00f4\u017eu profitova\u0165 z lie\u010dby inhib\u00edtormi PARP.","breadcrumb":{"@id":"https:\/\/genekor.com\/sk\/brca-test\/brca-somatic\/#breadcrumb"},"inLanguage":"sk-SK","potentialAction":[{"@type":"ReadAction","target":["https:\/\/genekor.com\/sk\/brca-test\/brca-somatic\/"]}]},{"@type":"BreadcrumbList","@id":"https:\/\/genekor.com\/sk\/brca-test\/brca-somatic\/#breadcrumb","itemListElement":[{"@type":"ListItem","position":1,"name":"Home","item":"https:\/\/genekor.com\/sk\/"},{"@type":"ListItem","position":2,"name":"BRCA Test","item":"https:\/\/genekor.com\/sk\/brca-test\/"},{"@type":"ListItem","position":3,"name":"BRCA Somatic"}]},{"@type":"WebSite","@id":"https:\/\/genekor.com\/sk\/#website","url":"https:\/\/genekor.com\/sk\/","name":"Genekor","description":"\u039c\u03bf\u03c1\u03b9\u03b1\u03ba\u03ae \u0393\u03b5\u03bd\u03b5\u03c4\u03b9\u03ba\u03ae","publisher":{"@id":"https:\/\/genekor.com\/sk\/#organization"},"potentialAction":[{"@type":"SearchAction","target":{"@type":"EntryPoint","urlTemplate":"https:\/\/genekor.com\/sk\/?s={search_term_string}"},"query-input":{"@type":"PropertyValueSpecification","valueRequired":true,"valueName":"search_term_string"}}],"inLanguage":"sk-SK"},{"@type":"Organization","@id":"https:\/\/genekor.com\/sk\/#organization","name":"Genekor","url":"https:\/\/genekor.com\/sk\/","logo":{"@type":"ImageObject","inLanguage":"sk-SK","@id":"https:\/\/genekor.com\/sk\/#\/schema\/logo\/image\/","url":"https:\/\/genekor.com\/wp-content\/uploads\/2021\/09\/logo-black.svg","contentUrl":"https:\/\/genekor.com\/wp-content\/uploads\/2021\/09\/logo-black.svg","width":1,"height":1,"caption":"Genekor"},"image":{"@id":"https:\/\/genekor.com\/sk\/#\/schema\/logo\/image\/"},"sameAs":["https:\/\/www.facebook.com\/genekorbiotechnology\/","https:\/\/gr.linkedin.com\/company\/genekor-sa","https:\/\/www.youtube.com\/channel\/UCKC7sMFecVBY-OZAlRBHNzA"]}]}},"_links":{"self":[{"href":"https:\/\/genekor.com\/sk\/wp-json\/wp\/v2\/pages\/17099","targetHints":{"allow":["GET"]}}],"collection":[{"href":"https:\/\/genekor.com\/sk\/wp-json\/wp\/v2\/pages"}],"about":[{"href":"https:\/\/genekor.com\/sk\/wp-json\/wp\/v2\/types\/page"}],"author":[{"embeddable":true,"href":"https:\/\/genekor.com\/sk\/wp-json\/wp\/v2\/users\/1"}],"replies":[{"embeddable":true,"href":"https:\/\/genekor.com\/sk\/wp-json\/wp\/v2\/comments?post=17099"}],"version-history":[{"count":2,"href":"https:\/\/genekor.com\/sk\/wp-json\/wp\/v2\/pages\/17099\/revisions"}],"predecessor-version":[{"id":17109,"href":"https:\/\/genekor.com\/sk\/wp-json\/wp\/v2\/pages\/17099\/revisions\/17109"}],"up":[{"embeddable":true,"href":"https:\/\/genekor.com\/sk\/wp-json\/wp\/v2\/pages\/17096"}],"wp:attachment":[{"href":"https:\/\/genekor.com\/sk\/wp-json\/wp\/v2\/media?parent=17099"}],"curies":[{"name":"wp","href":"https:\/\/api.w.org\/{rel}","templated":true}]}}