{"id":17030,"date":"2023-12-08T09:48:06","date_gmt":"2023-12-08T09:48:06","guid":{"rendered":"https:\/\/genekor.com\/com-pl-it-dx-liquid-breast\/"},"modified":"2026-01-21T08:31:59","modified_gmt":"2026-01-21T08:31:59","slug":"com-pl-it-dx-liquid-breast","status":"publish","type":"page","link":"https:\/\/genekor.com\/sk\/com-pi-it-dx-test\/com-pl-it-dx-liquid-breast\/","title":{"rendered":"Com.Pl.it DX\u00ae Liquid Breast"},"content":{"rendered":"\n<svg xmlns=\"http:\/\/www.w3.org\/2000\/svg\" id=\"Layer_3\" data-name=\"Layer 1\" viewbox=\"0 0 292.44 257.54\"><path d=\"M434.64,266.81c-6.93-13.4-16.93-27.72-28.9-41.4a161.7,161.7,0,0,0-51.56-39.19c-50.36-24-110.1-17.84-155.89,16.18-24.36,18.09-39.69,40.72-43.17,63.72-4.25,28.06,8.46,55.39,20,76.06,13.54,24.25,26.8,41.65,41.71,54.77,23.61,20.79,56.55,31,100.69,31.31h1c35,0,60.82-12,88.93-41.43,10.7-11.18,21.64-23.5,29.14-37.75C449.42,324.71,448.69,294,434.64,266.81Z\" class=\"header-svg\" transform=\"translate(-153.78 -171.23)\" style=\"fill:none;stroke:#1d1d1b;stroke-miterlimit:10\"><\/path><path d=\"M307.79,272.89a35.65,35.65,0,0,0-9.6-2A18.55,18.55,0,0,0,283,278.75a43.83,43.83,0,0,0-5,9,33,33,0,0,0-2.61,13.08,31.21,31.21,0,0,0,17,27.42,24.23,24.23,0,0,0,11,2.95,16,16,0,0,0,4.79-.7c5.64-1.76,9.56-6.58,12.35-10.58a41.48,41.48,0,0,0,6.36-12.62c1.73-6.26.67-13.29-3.25-21.48C320.44,279.24,315.85,275.48,307.79,272.89Z\" class=\"header-svg\" transform=\"translate(-153.78 -171.23)\" style=\"fill:none;stroke:#1d1d1b;stroke-miterlimit:10\"><\/path><path d=\"M310.37,291.67a8.35,8.35,0,0,0-7.16-2.93,19.12,19.12,0,0,0-4.48.9,14.91,14.91,0,0,0-5.16,2.88,13.89,13.89,0,0,0-4.33,13.67,8.36,8.36,0,0,0,8.92,7.3,20,20,0,0,0,2.11-.12,18,18,0,0,0,6.05-1.49c2.63-1.23,4.7-3.61,6.32-7.28,1.32-3,1.26-5.7-.18-9.13A15.92,15.92,0,0,0,310.37,291.67Z\" class=\"header-svg\" transform=\"translate(-153.78 -171.23)\" style=\"fill:none;stroke:#1d1d1b;stroke-miterlimit:10\"><\/path><\/svg>\n","protected":false},"excerpt":{"rendered":"","protected":false},"author":4,"featured_media":0,"parent":17248,"menu_order":0,"comment_status":"closed","ping_status":"closed","template":"content-page.php","meta":{"_acf_changed":false,"footnotes":""},"class_list":["post-17030","page","type-page","status-publish","hentry"],"acf":[],"yoast_head":"<!-- This site is optimized with the Yoast SEO Premium plugin v24.0 (Yoast SEO v24.0) - https:\/\/yoast.com\/wordpress\/plugins\/seo\/ -->\n<title>Metastatick\u00fd karcin\u00f3m prsn\u00edka \u2013 Com.Pl.it DX\u00ae Liquid Breast<\/title>\n<meta name=\"description\" content=\"Recidivuj\u00faci alebo metastatick\u00fd karcin\u00f3m prsn\u00edka ER+, HER2-. V\u00fdber lie\u010dby pomocou testu Com.Pl.it DX\u00ae Liquid Breast z tekutej biopsie.\" \/>\n<meta name=\"robots\" content=\"index, follow, max-snippet:-1, max-image-preview:large, max-video-preview:-1\" \/>\n<link rel=\"canonical\" href=\"https:\/\/genekor.com\/sk\/com-pi-it-dx-test\/com-pl-it-dx-liquid-breast\/\" \/>\n<meta property=\"og:locale\" content=\"sk_SK\" \/>\n<meta property=\"og:type\" content=\"article\" \/>\n<meta property=\"og:title\" content=\"Com.Pl.it DX\u00ae Liquid Breast\" \/>\n<meta property=\"og:description\" content=\"Recidivuj\u00faci alebo metastatick\u00fd karcin\u00f3m prsn\u00edka ER+, HER2-. V\u00fdber lie\u010dby pomocou testu Com.Pl.it DX\u00ae Liquid Breast z tekutej biopsie.\" \/>\n<meta property=\"og:url\" content=\"https:\/\/genekor.com\/sk\/com-pi-it-dx-test\/com-pl-it-dx-liquid-breast\/\" \/>\n<meta property=\"og:site_name\" content=\"Genekor\" \/>\n<meta property=\"article:publisher\" content=\"https:\/\/www.facebook.com\/genekorbiotechnology\/\" \/>\n<meta property=\"article:modified_time\" content=\"2026-01-21T08:31:59+00:00\" \/>\n<meta name=\"twitter:card\" content=\"summary_large_image\" \/>\n<meta name=\"twitter:label1\" content=\"Predpokladan\u00fd \u010das \u010d\u00edtania\" \/>\n\t<meta name=\"twitter:data1\" content=\"3 min\u00faty\" \/>\n<script type=\"application\/ld+json\" class=\"yoast-schema-graph\">{\"@context\":\"https:\/\/schema.org\",\"@graph\":[{\"@type\":\"WebPage\",\"@id\":\"https:\/\/genekor.com\/sk\/com-pi-it-dx-test\/com-pl-it-dx-liquid-breast\/\",\"url\":\"https:\/\/genekor.com\/sk\/com-pi-it-dx-test\/com-pl-it-dx-liquid-breast\/\",\"name\":\"Metastatick\u00fd karcin\u00f3m prsn\u00edka \u2013 Com.Pl.it DX\u00ae Liquid Breast\",\"isPartOf\":{\"@id\":\"https:\/\/genekor.com\/sk\/#website\"},\"datePublished\":\"2023-12-08T09:48:06+00:00\",\"dateModified\":\"2026-01-21T08:31:59+00:00\",\"description\":\"Recidivuj\u00faci alebo metastatick\u00fd karcin\u00f3m prsn\u00edka ER+, HER2-. V\u00fdber lie\u010dby pomocou testu Com.Pl.it DX\u00ae Liquid Breast z tekutej biopsie.\",\"breadcrumb\":{\"@id\":\"https:\/\/genekor.com\/sk\/com-pi-it-dx-test\/com-pl-it-dx-liquid-breast\/#breadcrumb\"},\"inLanguage\":\"sk-SK\",\"potentialAction\":[{\"@type\":\"ReadAction\",\"target\":[\"https:\/\/genekor.com\/sk\/com-pi-it-dx-test\/com-pl-it-dx-liquid-breast\/\"]}]},{\"@type\":\"BreadcrumbList\",\"@id\":\"https:\/\/genekor.com\/sk\/com-pi-it-dx-test\/com-pl-it-dx-liquid-breast\/#breadcrumb\",\"itemListElement\":[{\"@type\":\"ListItem\",\"position\":1,\"name\":\"Home\",\"item\":\"https:\/\/genekor.com\/sk\/\"},{\"@type\":\"ListItem\",\"position\":2,\"name\":\"Com.PI.it DX\u00ae Test\",\"item\":\"https:\/\/genekor.com\/sk\/com-pi-it-dx-test\/\"},{\"@type\":\"ListItem\",\"position\":3,\"name\":\"Com.Pl.it DX\u00ae Liquid Breast\"}]},{\"@type\":\"WebSite\",\"@id\":\"https:\/\/genekor.com\/sk\/#website\",\"url\":\"https:\/\/genekor.com\/sk\/\",\"name\":\"Genekor\",\"description\":\"\u039c\u03bf\u03c1\u03b9\u03b1\u03ba\u03ae \u0393\u03b5\u03bd\u03b5\u03c4\u03b9\u03ba\u03ae\",\"publisher\":{\"@id\":\"https:\/\/genekor.com\/sk\/#organization\"},\"potentialAction\":[{\"@type\":\"SearchAction\",\"target\":{\"@type\":\"EntryPoint\",\"urlTemplate\":\"https:\/\/genekor.com\/sk\/?s={search_term_string}\"},\"query-input\":{\"@type\":\"PropertyValueSpecification\",\"valueRequired\":true,\"valueName\":\"search_term_string\"}}],\"inLanguage\":\"sk-SK\"},{\"@type\":\"Organization\",\"@id\":\"https:\/\/genekor.com\/sk\/#organization\",\"name\":\"Genekor\",\"url\":\"https:\/\/genekor.com\/sk\/\",\"logo\":{\"@type\":\"ImageObject\",\"inLanguage\":\"sk-SK\",\"@id\":\"https:\/\/genekor.com\/sk\/#\/schema\/logo\/image\/\",\"url\":\"https:\/\/genekor.com\/wp-content\/uploads\/2021\/09\/logo-black.svg\",\"contentUrl\":\"https:\/\/genekor.com\/wp-content\/uploads\/2021\/09\/logo-black.svg\",\"width\":1,\"height\":1,\"caption\":\"Genekor\"},\"image\":{\"@id\":\"https:\/\/genekor.com\/sk\/#\/schema\/logo\/image\/\"},\"sameAs\":[\"https:\/\/www.facebook.com\/genekorbiotechnology\/\",\"https:\/\/gr.linkedin.com\/company\/genekor-sa\",\"https:\/\/www.youtube.com\/channel\/UCKC7sMFecVBY-OZAlRBHNzA\"]}]}<\/script>\n<!-- \/ Yoast SEO Premium plugin. -->","yoast_head_json":{"title":"Metastatick\u00fd karcin\u00f3m prsn\u00edka \u2013 Com.Pl.it DX\u00ae Liquid Breast","description":"Recidivuj\u00faci alebo metastatick\u00fd karcin\u00f3m prsn\u00edka ER+, HER2-. V\u00fdber lie\u010dby pomocou testu Com.Pl.it DX\u00ae Liquid Breast z tekutej biopsie.","robots":{"index":"index","follow":"follow","max-snippet":"max-snippet:-1","max-image-preview":"max-image-preview:large","max-video-preview":"max-video-preview:-1"},"canonical":"https:\/\/genekor.com\/sk\/com-pi-it-dx-test\/com-pl-it-dx-liquid-breast\/","og_locale":"sk_SK","og_type":"article","og_title":"Com.Pl.it DX\u00ae Liquid Breast","og_description":"Recidivuj\u00faci alebo metastatick\u00fd karcin\u00f3m prsn\u00edka ER+, HER2-. V\u00fdber lie\u010dby pomocou testu Com.Pl.it DX\u00ae Liquid Breast z tekutej biopsie.","og_url":"https:\/\/genekor.com\/sk\/com-pi-it-dx-test\/com-pl-it-dx-liquid-breast\/","og_site_name":"Genekor","article_publisher":"https:\/\/www.facebook.com\/genekorbiotechnology\/","article_modified_time":"2026-01-21T08:31:59+00:00","twitter_card":"summary_large_image","twitter_misc":{"Predpokladan\u00fd \u010das \u010d\u00edtania":"3 min\u00faty"},"schema":{"@context":"https:\/\/schema.org","@graph":[{"@type":"WebPage","@id":"https:\/\/genekor.com\/sk\/com-pi-it-dx-test\/com-pl-it-dx-liquid-breast\/","url":"https:\/\/genekor.com\/sk\/com-pi-it-dx-test\/com-pl-it-dx-liquid-breast\/","name":"Metastatick\u00fd karcin\u00f3m prsn\u00edka \u2013 Com.Pl.it DX\u00ae Liquid Breast","isPartOf":{"@id":"https:\/\/genekor.com\/sk\/#website"},"datePublished":"2023-12-08T09:48:06+00:00","dateModified":"2026-01-21T08:31:59+00:00","description":"Recidivuj\u00faci alebo metastatick\u00fd karcin\u00f3m prsn\u00edka ER+, HER2-. V\u00fdber lie\u010dby pomocou testu Com.Pl.it DX\u00ae Liquid Breast z tekutej biopsie.","breadcrumb":{"@id":"https:\/\/genekor.com\/sk\/com-pi-it-dx-test\/com-pl-it-dx-liquid-breast\/#breadcrumb"},"inLanguage":"sk-SK","potentialAction":[{"@type":"ReadAction","target":["https:\/\/genekor.com\/sk\/com-pi-it-dx-test\/com-pl-it-dx-liquid-breast\/"]}]},{"@type":"BreadcrumbList","@id":"https:\/\/genekor.com\/sk\/com-pi-it-dx-test\/com-pl-it-dx-liquid-breast\/#breadcrumb","itemListElement":[{"@type":"ListItem","position":1,"name":"Home","item":"https:\/\/genekor.com\/sk\/"},{"@type":"ListItem","position":2,"name":"Com.PI.it DX\u00ae Test","item":"https:\/\/genekor.com\/sk\/com-pi-it-dx-test\/"},{"@type":"ListItem","position":3,"name":"Com.Pl.it DX\u00ae Liquid Breast"}]},{"@type":"WebSite","@id":"https:\/\/genekor.com\/sk\/#website","url":"https:\/\/genekor.com\/sk\/","name":"Genekor","description":"\u039c\u03bf\u03c1\u03b9\u03b1\u03ba\u03ae \u0393\u03b5\u03bd\u03b5\u03c4\u03b9\u03ba\u03ae","publisher":{"@id":"https:\/\/genekor.com\/sk\/#organization"},"potentialAction":[{"@type":"SearchAction","target":{"@type":"EntryPoint","urlTemplate":"https:\/\/genekor.com\/sk\/?s={search_term_string}"},"query-input":{"@type":"PropertyValueSpecification","valueRequired":true,"valueName":"search_term_string"}}],"inLanguage":"sk-SK"},{"@type":"Organization","@id":"https:\/\/genekor.com\/sk\/#organization","name":"Genekor","url":"https:\/\/genekor.com\/sk\/","logo":{"@type":"ImageObject","inLanguage":"sk-SK","@id":"https:\/\/genekor.com\/sk\/#\/schema\/logo\/image\/","url":"https:\/\/genekor.com\/wp-content\/uploads\/2021\/09\/logo-black.svg","contentUrl":"https:\/\/genekor.com\/wp-content\/uploads\/2021\/09\/logo-black.svg","width":1,"height":1,"caption":"Genekor"},"image":{"@id":"https:\/\/genekor.com\/sk\/#\/schema\/logo\/image\/"},"sameAs":["https:\/\/www.facebook.com\/genekorbiotechnology\/","https:\/\/gr.linkedin.com\/company\/genekor-sa","https:\/\/www.youtube.com\/channel\/UCKC7sMFecVBY-OZAlRBHNzA"]}]}},"_links":{"self":[{"href":"https:\/\/genekor.com\/sk\/wp-json\/wp\/v2\/pages\/17030","targetHints":{"allow":["GET"]}}],"collection":[{"href":"https:\/\/genekor.com\/sk\/wp-json\/wp\/v2\/pages"}],"about":[{"href":"https:\/\/genekor.com\/sk\/wp-json\/wp\/v2\/types\/page"}],"author":[{"embeddable":true,"href":"https:\/\/genekor.com\/sk\/wp-json\/wp\/v2\/users\/4"}],"replies":[{"embeddable":true,"href":"https:\/\/genekor.com\/sk\/wp-json\/wp\/v2\/comments?post=17030"}],"version-history":[{"count":6,"href":"https:\/\/genekor.com\/sk\/wp-json\/wp\/v2\/pages\/17030\/revisions"}],"predecessor-version":[{"id":19373,"href":"https:\/\/genekor.com\/sk\/wp-json\/wp\/v2\/pages\/17030\/revisions\/19373"}],"up":[{"embeddable":true,"href":"https:\/\/genekor.com\/sk\/wp-json\/wp\/v2\/pages\/17248"}],"wp:attachment":[{"href":"https:\/\/genekor.com\/sk\/wp-json\/wp\/v2\/media?parent=17030"}],"curies":[{"name":"wp","href":"https:\/\/api.w.org\/{rel}","templated":true}]}}