{"id":7438,"date":"2023-10-12T08:13:47","date_gmt":"2023-10-12T08:13:47","guid":{"rendered":"https:\/\/genekor.dermtherapy.gr\/?page_id=7438"},"modified":"2024-10-29T07:23:34","modified_gmt":"2024-10-29T07:23:34","slug":"secure-transactions","status":"publish","type":"page","link":"https:\/\/genekor.com\/ro\/secure-transactions\/","title":{"rendered":"Transaction Security Notice"},"content":{"rendered":"\n<p><strong>Anun\u021b privind siguran\u021ba tranzac\u021biilor<\/strong><\/p>\n\n\n\n<p>Dragi clien\u021bi \u0219i parteneri,<\/p>\n\n\n\n<p>GENEKOR se dedic\u0103 prest\u0103rii de servicii de biologie molecular\u0103 \u0219i genetic\u0103 de \u00eenalt\u0103 calitate d\u00e2nd prioritate siguran\u021bei tranzac\u021biilor sale cu clien\u021bii \u0219i partenerii s\u0103i. Prin prezentul Anun\u021b dorim s\u0103 v\u0103 explic\u0103m modul \u00een care gestion\u0103m tranzac\u021biile dumneavoastr\u0103, precum \u0219i m\u0103surile pe care le lu\u0103m pentru a v\u0103 asigura siguran\u021ba.<\/p>\n\n\n\n<p><strong>Tipuri de tranzac\u021bii<\/strong><\/p>\n\n\n\n<p>\u00cen momentul de fa\u021b\u0103 GENEKOR nu ofer\u0103 posibilitatea efectu\u0103rii de tranzac\u021bii electronice prin intermediul Site-ului s\u0103u. Plata serviciilor sale se efectueaz\u0103 fie prin prezen\u021b\u0103 fizic\u0103 la sediul GENEKOR, fie prin transfer \u00een contul s\u0103u bancar prin folosire unor sisteme sigure de tranzac\u021bionare. Pute\u021bi afla detalii cu privire la pre\u021burile serviciilor noastre \u0219i a modalit\u0103\u021bilor de plat\u0103 disponibile vizit\u00e2ndu-ne la GENEKOR sau contact\u00e2ndu-i&nbsp; direct pe angaja\u021bii societ\u0103\u021bii GENEKOR.<\/p>\n\n\n\n<p><strong>Siguran\u021ba datelor<\/strong><\/p>\n\n\n\n<p>&nbsp;V\u0103 asigur\u0103m c\u0103 lu\u0103m toate m\u0103surile necesare pentru a asigura siguran\u021ba datelor dumneavoastr\u0103 \u00een cursul vizitelor pe care le face\u021bi la GENEKOR \u0219i \u00een cursul efectu\u0103rii pl\u0103\u021bilor. Toate informa\u021biile pe care ni le furniza\u021bi sau le declara\u021bi societ\u0103\u021bii GENEKOR, inclusiv date cu caracter personal, sunt p\u0103strate \u00een strict\u0103 confiden\u021bialitate \u0219i \u00een conformitate cu prevederile legale cu privire la protec\u021bia datelor cu caracter personal aplicabile.<\/p>\n\n\n\n<p>GENEKOR utilizeaz\u0103 protocolul SSL (Secure Sockets Layer) cu criptare 256bit pentru un mediu sigur \u0219i protec\u021bia oric\u0103rui punct al Site-ului prin care sunt introduse date cu caracter personal. Protocolul SSL reprezint\u0103 \u00een prezent standardul mondial de pe internet pentru autentificare site-urilor web c\u0103tre utilizatori \u0219i pentru criptarea datelor dintre utilizatorii de internet \u0219i serverele web. \u00cen acest mod, toate informa\u021biile dumneavoastr\u0103 personale sunt criptate astfel \u00eenc\u00e2t s\u0103 nu poat\u0103 fi citite sau modificate \u00een cursul transferului lor pe internet. \u00cen plus, toate informa\u021biile trimite prin folosirea protocolului SSL sunt protejate printr-un mecanism care verific\u0103 automat dac\u0103 datele au fost violate \u00een cursul transmiterii.<\/p>\n\n\n\n<p><strong>Confiden\u021bialitatea tranzac\u021biilor<\/strong><\/p>\n\n\n\n<p>Respectarea confiden\u021bialit\u0103\u021bii este extrem de important\u0103 pentru GENEKOR. Toate informa\u021biile transmise c\u0103tre GENEKOR sunt considerate confiden\u021biale \u0219i GENEKOR a luat toate m\u0103surile necesare pentru a se asigura c\u0103 acestea sunt utilizate doar \u00een m\u0103sura \u00een care sunt necesare pentru prestarea serviciilor. Acestea sunt c\u00e2teva dintre m\u0103surile luate:<\/p>\n\n\n\n<ul class=\"wp-block-list\">\n<li>Doar angaja\u021bii special desemna\u021bi au acces la informa\u021biile legate de tranzac\u021biile dumneavoastr\u0103 \u0219i numai c\u00e2nd este nevoie, de exemplu ca s\u0103 v\u0103 presteze serviciile.<\/li>\n\n\n\n<li>GENEKOR nu divulg\u0103 datele clien\u021bilor s\u0103i \u0219i ale tranzac\u021biilor acestora dec\u00e2t dac\u0103 are acordul dumneavoastr\u0103 scris sau dac\u0103 acestea sunt cerute prin hot\u0103r\u00e2re judec\u0103toreasc\u0103 sau de c\u0103tre alt\u0103 autoritate public\u0103<\/li>\n\n\n\n<li>\u00cen cazul \u00een care GENEKOR apeleaz\u0103 la ter\u021bi pentru sus\u021binerea sistemelor sale, are grij\u0103 s\u0103 asigure confiden\u021bialitatea datelor prin implementarea de m\u0103suri tehnice si organizatorice, atat online cat si offline, adaptate fiecarei situatii specifice in parte<\/li>\n\n\n\n<li><s><\/s>Pute\u021bi solicita accesul la orice date cu privire la dumneavoastr\u0103 pe care le de\u021binem \u0219i pute\u021bi solicita corectarea acestora dac\u0103 datele nu corespund realit\u0103\u021bii<\/li>\n\n\n\n<li>Pentru propria dumneavoastr\u0103 siguran\u021b\u0103, trebuie s\u0103 trata\u021bi toate informa\u021biile furnizate \u00een cadrul rela\u021biei cu GENEKOR drept confiden\u021biale \u0219i secrete \u0219i s\u0103 nu le divulge niciunui ter\u021b.<\/li>\n<\/ul>\n\n\n\n<p><strong>Contact \u0219i asisten\u021b\u0103<\/strong><\/p>\n\n\n\n<p>Dac\u0103 ave\u021bi \u00eentreb\u0103ri sau dori\u021bi s\u0103 ob\u021bine\u021bi mai multe informa\u021bii cu privire la procedura de plat\u0103, siguran\u021ba datelor dumneavoastr\u0103 sau orice alt\u0103 informa\u021bie v\u0103 rug\u0103m s\u0103 contacta\u021bi societatea GENEKOR.<\/p>\n\n\n\n<p>V\u0103 st\u0103m la dispozi\u021bie ca s\u0103 v\u0103 ajut\u0103m \u0219i s\u0103 v\u0103 r\u0103spundem la toate \u00eentreb\u0103rile. Ne pute\u021bi contacta:<\/p>\n\n\n\n<p>Prin email: ro@genekor.com<\/p>\n\n\n\n<p>Vizit\u00e2nd site-ul nostru: https:\/\/genekor.com\/ro\/contact\/<\/p>\n\n\n\n<p>La telefon: (+40) 31 228.98.00<\/p>\n\n\n\n<p>V\u0103 mul\u021bumim pentru \u00eencrederea pe care ne-o acorda\u021bi \u0219i v\u0103 st\u0103m tot timpul la dispozi\u021bie ca s\u0103 v\u0103 asigur\u0103m cea mai bun\u0103 asisten\u021b\u0103 cu putin\u021b\u0103.<\/p>\n\n\n\n<p><\/p>\n","protected":false},"excerpt":{"rendered":"<p>Anun\u021b privind siguran\u021ba tranzac\u021biilor Dragi clien\u021bi \u0219i parteneri, GENEKOR se dedic\u0103 prest\u0103rii de servicii de biologie molecular\u0103 \u0219i genetic\u0103 de \u00eenalt\u0103 calitate d\u00e2nd prioritate siguran\u021bei tranzac\u021biilor sale cu clien\u021bii \u0219i [&hellip;]<\/p>\n","protected":false},"author":5,"featured_media":0,"parent":0,"menu_order":0,"comment_status":"closed","ping_status":"closed","template":"page.php","meta":{"_acf_changed":false,"footnotes":""},"class_list":["post-7438","page","type-page","status-publish","hentry"],"acf":[],"yoast_head":"<!-- This site is optimized with the Yoast SEO Premium plugin v24.0 (Yoast SEO v24.0) - https:\/\/yoast.com\/wordpress\/plugins\/seo\/ -->\n<title>Transaction Security Notice - Genekor<\/title>\n<meta name=\"robots\" content=\"index, follow, max-snippet:-1, max-image-preview:large, max-video-preview:-1\" \/>\n<link rel=\"canonical\" href=\"https:\/\/genekor.com\/ro\/secure-transactions\/\" \/>\n<meta property=\"og:locale\" content=\"ro_RO\" \/>\n<meta property=\"og:type\" content=\"article\" \/>\n<meta property=\"og:title\" content=\"Transaction Security Notice\" \/>\n<meta property=\"og:description\" content=\"Anun\u021b privind siguran\u021ba tranzac\u021biilor Dragi clien\u021bi \u0219i parteneri, GENEKOR se dedic\u0103 prest\u0103rii de servicii de biologie molecular\u0103 \u0219i genetic\u0103 de \u00eenalt\u0103 calitate d\u00e2nd prioritate siguran\u021bei tranzac\u021biilor sale cu clien\u021bii \u0219i [&hellip;]\" \/>\n<meta property=\"og:url\" content=\"https:\/\/genekor.com\/ro\/secure-transactions\/\" \/>\n<meta property=\"og:site_name\" content=\"Genekor\" \/>\n<meta property=\"article:publisher\" content=\"https:\/\/www.facebook.com\/genekorbiotechnology\/\" \/>\n<meta property=\"article:modified_time\" content=\"2024-10-29T07:23:34+00:00\" \/>\n<meta name=\"twitter:card\" content=\"summary_large_image\" \/>\n<meta name=\"twitter:label1\" content=\"Timp estimat pentru citire\" \/>\n\t<meta name=\"twitter:data1\" content=\"3 minute\" \/>\n<script type=\"application\/ld+json\" class=\"yoast-schema-graph\">{\"@context\":\"https:\/\/schema.org\",\"@graph\":[{\"@type\":\"WebPage\",\"@id\":\"https:\/\/genekor.com\/ro\/secure-transactions\/\",\"url\":\"https:\/\/genekor.com\/ro\/secure-transactions\/\",\"name\":\"Transaction Security Notice - Genekor\",\"isPartOf\":{\"@id\":\"https:\/\/genekor.com\/ro\/#website\"},\"datePublished\":\"2023-10-12T08:13:47+00:00\",\"dateModified\":\"2024-10-29T07:23:34+00:00\",\"breadcrumb\":{\"@id\":\"https:\/\/genekor.com\/ro\/secure-transactions\/#breadcrumb\"},\"inLanguage\":\"ro-RO\",\"potentialAction\":[{\"@type\":\"ReadAction\",\"target\":[\"https:\/\/genekor.com\/ro\/secure-transactions\/\"]}]},{\"@type\":\"BreadcrumbList\",\"@id\":\"https:\/\/genekor.com\/ro\/secure-transactions\/#breadcrumb\",\"itemListElement\":[{\"@type\":\"ListItem\",\"position\":1,\"name\":\"Home\",\"item\":\"https:\/\/genekor.com\/ro\/\"},{\"@type\":\"ListItem\",\"position\":2,\"name\":\"Transaction Security Notice\"}]},{\"@type\":\"WebSite\",\"@id\":\"https:\/\/genekor.com\/ro\/#website\",\"url\":\"https:\/\/genekor.com\/ro\/\",\"name\":\"Genekor\",\"description\":\"Medicina personalizat\u0103\",\"publisher\":{\"@id\":\"https:\/\/genekor.com\/ro\/#organization\"},\"potentialAction\":[{\"@type\":\"SearchAction\",\"target\":{\"@type\":\"EntryPoint\",\"urlTemplate\":\"https:\/\/genekor.com\/ro\/?s={search_term_string}\"},\"query-input\":{\"@type\":\"PropertyValueSpecification\",\"valueRequired\":true,\"valueName\":\"search_term_string\"}}],\"inLanguage\":\"ro-RO\"},{\"@type\":\"Organization\",\"@id\":\"https:\/\/genekor.com\/ro\/#organization\",\"name\":\"Genekor\",\"url\":\"https:\/\/genekor.com\/ro\/\",\"logo\":{\"@type\":\"ImageObject\",\"inLanguage\":\"ro-RO\",\"@id\":\"https:\/\/genekor.com\/ro\/#\/schema\/logo\/image\/\",\"url\":\"https:\/\/genekor.com\/wp-content\/uploads\/2021\/09\/logo-black.svg\",\"contentUrl\":\"https:\/\/genekor.com\/wp-content\/uploads\/2021\/09\/logo-black.svg\",\"width\":1,\"height\":1,\"caption\":\"Genekor\"},\"image\":{\"@id\":\"https:\/\/genekor.com\/ro\/#\/schema\/logo\/image\/\"},\"sameAs\":[\"https:\/\/www.facebook.com\/genekorbiotechnology\/\",\"https:\/\/gr.linkedin.com\/company\/genekor-sa\",\"https:\/\/www.youtube.com\/channel\/UCKC7sMFecVBY-OZAlRBHNzA\"]}]}<\/script>\n<!-- \/ Yoast SEO Premium plugin. -->","yoast_head_json":{"title":"Transaction Security Notice - Genekor","robots":{"index":"index","follow":"follow","max-snippet":"max-snippet:-1","max-image-preview":"max-image-preview:large","max-video-preview":"max-video-preview:-1"},"canonical":"https:\/\/genekor.com\/ro\/secure-transactions\/","og_locale":"ro_RO","og_type":"article","og_title":"Transaction Security Notice","og_description":"Anun\u021b privind siguran\u021ba tranzac\u021biilor Dragi clien\u021bi \u0219i parteneri, GENEKOR se dedic\u0103 prest\u0103rii de servicii de biologie molecular\u0103 \u0219i genetic\u0103 de \u00eenalt\u0103 calitate d\u00e2nd prioritate siguran\u021bei tranzac\u021biilor sale cu clien\u021bii \u0219i [&hellip;]","og_url":"https:\/\/genekor.com\/ro\/secure-transactions\/","og_site_name":"Genekor","article_publisher":"https:\/\/www.facebook.com\/genekorbiotechnology\/","article_modified_time":"2024-10-29T07:23:34+00:00","twitter_card":"summary_large_image","twitter_misc":{"Timp estimat pentru citire":"3 minute"},"schema":{"@context":"https:\/\/schema.org","@graph":[{"@type":"WebPage","@id":"https:\/\/genekor.com\/ro\/secure-transactions\/","url":"https:\/\/genekor.com\/ro\/secure-transactions\/","name":"Transaction Security Notice - Genekor","isPartOf":{"@id":"https:\/\/genekor.com\/ro\/#website"},"datePublished":"2023-10-12T08:13:47+00:00","dateModified":"2024-10-29T07:23:34+00:00","breadcrumb":{"@id":"https:\/\/genekor.com\/ro\/secure-transactions\/#breadcrumb"},"inLanguage":"ro-RO","potentialAction":[{"@type":"ReadAction","target":["https:\/\/genekor.com\/ro\/secure-transactions\/"]}]},{"@type":"BreadcrumbList","@id":"https:\/\/genekor.com\/ro\/secure-transactions\/#breadcrumb","itemListElement":[{"@type":"ListItem","position":1,"name":"Home","item":"https:\/\/genekor.com\/ro\/"},{"@type":"ListItem","position":2,"name":"Transaction Security Notice"}]},{"@type":"WebSite","@id":"https:\/\/genekor.com\/ro\/#website","url":"https:\/\/genekor.com\/ro\/","name":"Genekor","description":"Medicina personalizat\u0103","publisher":{"@id":"https:\/\/genekor.com\/ro\/#organization"},"potentialAction":[{"@type":"SearchAction","target":{"@type":"EntryPoint","urlTemplate":"https:\/\/genekor.com\/ro\/?s={search_term_string}"},"query-input":{"@type":"PropertyValueSpecification","valueRequired":true,"valueName":"search_term_string"}}],"inLanguage":"ro-RO"},{"@type":"Organization","@id":"https:\/\/genekor.com\/ro\/#organization","name":"Genekor","url":"https:\/\/genekor.com\/ro\/","logo":{"@type":"ImageObject","inLanguage":"ro-RO","@id":"https:\/\/genekor.com\/ro\/#\/schema\/logo\/image\/","url":"https:\/\/genekor.com\/wp-content\/uploads\/2021\/09\/logo-black.svg","contentUrl":"https:\/\/genekor.com\/wp-content\/uploads\/2021\/09\/logo-black.svg","width":1,"height":1,"caption":"Genekor"},"image":{"@id":"https:\/\/genekor.com\/ro\/#\/schema\/logo\/image\/"},"sameAs":["https:\/\/www.facebook.com\/genekorbiotechnology\/","https:\/\/gr.linkedin.com\/company\/genekor-sa","https:\/\/www.youtube.com\/channel\/UCKC7sMFecVBY-OZAlRBHNzA"]}]}},"_links":{"self":[{"href":"https:\/\/genekor.com\/ro\/wp-json\/wp\/v2\/pages\/7438","targetHints":{"allow":["GET"]}}],"collection":[{"href":"https:\/\/genekor.com\/ro\/wp-json\/wp\/v2\/pages"}],"about":[{"href":"https:\/\/genekor.com\/ro\/wp-json\/wp\/v2\/types\/page"}],"author":[{"embeddable":true,"href":"https:\/\/genekor.com\/ro\/wp-json\/wp\/v2\/users\/5"}],"replies":[{"embeddable":true,"href":"https:\/\/genekor.com\/ro\/wp-json\/wp\/v2\/comments?post=7438"}],"version-history":[{"count":2,"href":"https:\/\/genekor.com\/ro\/wp-json\/wp\/v2\/pages\/7438\/revisions"}],"predecessor-version":[{"id":13478,"href":"https:\/\/genekor.com\/ro\/wp-json\/wp\/v2\/pages\/7438\/revisions\/13478"}],"wp:attachment":[{"href":"https:\/\/genekor.com\/ro\/wp-json\/wp\/v2\/media?parent=7438"}],"curies":[{"name":"wp","href":"https:\/\/api.w.org\/{rel}","templated":true}]}}