{"id":4630,"date":"2021-08-05T12:19:29","date_gmt":"2021-08-05T12:19:29","guid":{"rendered":"https:\/\/genekor.dermtherapy.gr\/%ce%b1%cf%81%cf%87%ce%b9%ce%ba%ce%ae\/"},"modified":"2026-03-17T14:48:31","modified_gmt":"2026-03-17T14:48:31","slug":"pagina-principala","status":"publish","type":"page","link":"https:\/\/genekor.com\/ro\/","title":{"rendered":"Pagina Principala"},"content":{"rendered":"","protected":false},"excerpt":{"rendered":"","protected":false},"author":1,"featured_media":0,"parent":0,"menu_order":0,"comment_status":"closed","ping_status":"closed","template":"","meta":{"_acf_changed":false,"footnotes":""},"class_list":["post-4630","page","type-page","status-publish","hentry"],"acf":[],"yoast_head":"<!-- This site is optimized with the Yoast SEO Premium plugin v24.0 (Yoast SEO v24.0) - https:\/\/yoast.com\/wordpress\/plugins\/seo\/ -->\n<title>Pagina Principala - Genekor<\/title>\n<meta name=\"description\" content=\"Genekor este specializat\u0103 \u00een genetica molecular\u0103, efectu\u00e2nd teste genetice pentru cancer, boli cardiovasculare etc.\" \/>\n<meta name=\"robots\" content=\"index, follow, max-snippet:-1, max-image-preview:large, max-video-preview:-1\" \/>\n<link rel=\"canonical\" href=\"https:\/\/genekor.com\/ro\/\" \/>\n<meta property=\"og:locale\" content=\"ro_RO\" \/>\n<meta property=\"og:type\" content=\"article\" \/>\n<meta property=\"og:title\" content=\"Pagina Principala\" \/>\n<meta property=\"og:description\" content=\"Genekor este specializat\u0103 \u00een genetica molecular\u0103, efectu\u00e2nd teste genetice pentru cancer, boli cardiovasculare etc.\" \/>\n<meta property=\"og:url\" content=\"https:\/\/genekor.com\/ro\/\" \/>\n<meta property=\"og:site_name\" content=\"Genekor\" \/>\n<meta property=\"article:publisher\" content=\"https:\/\/www.facebook.com\/genekorbiotechnology\/\" \/>\n<meta property=\"article:modified_time\" content=\"2026-03-17T14:48:31+00:00\" \/>\n<meta name=\"twitter:card\" content=\"summary_large_image\" \/>\n<meta name=\"twitter:label1\" content=\"Timp estimat pentru citire\" \/>\n\t<meta name=\"twitter:data1\" content=\"3 minute\" \/>\n<script type=\"application\/ld+json\" class=\"yoast-schema-graph\">{\"@context\":\"https:\/\/schema.org\",\"@graph\":[{\"@type\":\"WebPage\",\"@id\":\"https:\/\/genekor.com\/ro\/\",\"url\":\"https:\/\/genekor.com\/ro\/\",\"name\":\"Pagina Principala - Genekor\",\"isPartOf\":{\"@id\":\"https:\/\/genekor.com\/ro\/#website\"},\"datePublished\":\"2021-08-05T12:19:29+00:00\",\"dateModified\":\"2026-03-17T14:48:31+00:00\",\"description\":\"Genekor este specializat\u0103 \u00een genetica molecular\u0103, efectu\u00e2nd teste genetice pentru cancer, boli cardiovasculare etc.\",\"breadcrumb\":{\"@id\":\"https:\/\/genekor.com\/ro\/#breadcrumb\"},\"inLanguage\":\"ro-RO\",\"potentialAction\":[{\"@type\":\"ReadAction\",\"target\":[\"https:\/\/genekor.com\/ro\/\"]}]},{\"@type\":\"BreadcrumbList\",\"@id\":\"https:\/\/genekor.com\/ro\/#breadcrumb\",\"itemListElement\":[{\"@type\":\"ListItem\",\"position\":1,\"name\":\"Home\",\"item\":\"https:\/\/genekor.com\/ro\/\"},{\"@type\":\"ListItem\",\"position\":2,\"name\":\"Pagina Principala\"}]},{\"@type\":\"WebSite\",\"@id\":\"https:\/\/genekor.com\/ro\/#website\",\"url\":\"https:\/\/genekor.com\/ro\/\",\"name\":\"Genekor\",\"description\":\"Medicina personalizat\u0103\",\"publisher\":{\"@id\":\"https:\/\/genekor.com\/ro\/#organization\"},\"potentialAction\":[{\"@type\":\"SearchAction\",\"target\":{\"@type\":\"EntryPoint\",\"urlTemplate\":\"https:\/\/genekor.com\/ro\/?s={search_term_string}\"},\"query-input\":{\"@type\":\"PropertyValueSpecification\",\"valueRequired\":true,\"valueName\":\"search_term_string\"}}],\"inLanguage\":\"ro-RO\"},{\"@type\":\"Organization\",\"@id\":\"https:\/\/genekor.com\/ro\/#organization\",\"name\":\"Genekor\",\"url\":\"https:\/\/genekor.com\/ro\/\",\"logo\":{\"@type\":\"ImageObject\",\"inLanguage\":\"ro-RO\",\"@id\":\"https:\/\/genekor.com\/ro\/#\/schema\/logo\/image\/\",\"url\":\"https:\/\/genekor.com\/wp-content\/uploads\/2021\/09\/logo-black.svg\",\"contentUrl\":\"https:\/\/genekor.com\/wp-content\/uploads\/2021\/09\/logo-black.svg\",\"width\":1,\"height\":1,\"caption\":\"Genekor\"},\"image\":{\"@id\":\"https:\/\/genekor.com\/ro\/#\/schema\/logo\/image\/\"},\"sameAs\":[\"https:\/\/www.facebook.com\/genekorbiotechnology\/\",\"https:\/\/gr.linkedin.com\/company\/genekor-sa\",\"https:\/\/www.youtube.com\/channel\/UCKC7sMFecVBY-OZAlRBHNzA\"]}]}<\/script>\n<!-- \/ Yoast SEO Premium plugin. -->","yoast_head_json":{"title":"Pagina Principala - Genekor","description":"Genekor este specializat\u0103 \u00een genetica molecular\u0103, efectu\u00e2nd teste genetice pentru cancer, boli cardiovasculare etc.","robots":{"index":"index","follow":"follow","max-snippet":"max-snippet:-1","max-image-preview":"max-image-preview:large","max-video-preview":"max-video-preview:-1"},"canonical":"https:\/\/genekor.com\/ro\/","og_locale":"ro_RO","og_type":"article","og_title":"Pagina Principala","og_description":"Genekor este specializat\u0103 \u00een genetica molecular\u0103, efectu\u00e2nd teste genetice pentru cancer, boli cardiovasculare etc.","og_url":"https:\/\/genekor.com\/ro\/","og_site_name":"Genekor","article_publisher":"https:\/\/www.facebook.com\/genekorbiotechnology\/","article_modified_time":"2026-03-17T14:48:31+00:00","twitter_card":"summary_large_image","twitter_misc":{"Timp estimat pentru citire":"3 minute"},"schema":{"@context":"https:\/\/schema.org","@graph":[{"@type":"WebPage","@id":"https:\/\/genekor.com\/ro\/","url":"https:\/\/genekor.com\/ro\/","name":"Pagina Principala - Genekor","isPartOf":{"@id":"https:\/\/genekor.com\/ro\/#website"},"datePublished":"2021-08-05T12:19:29+00:00","dateModified":"2026-03-17T14:48:31+00:00","description":"Genekor este specializat\u0103 \u00een genetica molecular\u0103, efectu\u00e2nd teste genetice pentru cancer, boli cardiovasculare etc.","breadcrumb":{"@id":"https:\/\/genekor.com\/ro\/#breadcrumb"},"inLanguage":"ro-RO","potentialAction":[{"@type":"ReadAction","target":["https:\/\/genekor.com\/ro\/"]}]},{"@type":"BreadcrumbList","@id":"https:\/\/genekor.com\/ro\/#breadcrumb","itemListElement":[{"@type":"ListItem","position":1,"name":"Home","item":"https:\/\/genekor.com\/ro\/"},{"@type":"ListItem","position":2,"name":"Pagina Principala"}]},{"@type":"WebSite","@id":"https:\/\/genekor.com\/ro\/#website","url":"https:\/\/genekor.com\/ro\/","name":"Genekor","description":"Medicina personalizat\u0103","publisher":{"@id":"https:\/\/genekor.com\/ro\/#organization"},"potentialAction":[{"@type":"SearchAction","target":{"@type":"EntryPoint","urlTemplate":"https:\/\/genekor.com\/ro\/?s={search_term_string}"},"query-input":{"@type":"PropertyValueSpecification","valueRequired":true,"valueName":"search_term_string"}}],"inLanguage":"ro-RO"},{"@type":"Organization","@id":"https:\/\/genekor.com\/ro\/#organization","name":"Genekor","url":"https:\/\/genekor.com\/ro\/","logo":{"@type":"ImageObject","inLanguage":"ro-RO","@id":"https:\/\/genekor.com\/ro\/#\/schema\/logo\/image\/","url":"https:\/\/genekor.com\/wp-content\/uploads\/2021\/09\/logo-black.svg","contentUrl":"https:\/\/genekor.com\/wp-content\/uploads\/2021\/09\/logo-black.svg","width":1,"height":1,"caption":"Genekor"},"image":{"@id":"https:\/\/genekor.com\/ro\/#\/schema\/logo\/image\/"},"sameAs":["https:\/\/www.facebook.com\/genekorbiotechnology\/","https:\/\/gr.linkedin.com\/company\/genekor-sa","https:\/\/www.youtube.com\/channel\/UCKC7sMFecVBY-OZAlRBHNzA"]}]}},"_links":{"self":[{"href":"https:\/\/genekor.com\/ro\/wp-json\/wp\/v2\/pages\/4630","targetHints":{"allow":["GET"]}}],"collection":[{"href":"https:\/\/genekor.com\/ro\/wp-json\/wp\/v2\/pages"}],"about":[{"href":"https:\/\/genekor.com\/ro\/wp-json\/wp\/v2\/types\/page"}],"author":[{"embeddable":true,"href":"https:\/\/genekor.com\/ro\/wp-json\/wp\/v2\/users\/1"}],"replies":[{"embeddable":true,"href":"https:\/\/genekor.com\/ro\/wp-json\/wp\/v2\/comments?post=4630"}],"version-history":[{"count":39,"href":"https:\/\/genekor.com\/ro\/wp-json\/wp\/v2\/pages\/4630\/revisions"}],"predecessor-version":[{"id":20329,"href":"https:\/\/genekor.com\/ro\/wp-json\/wp\/v2\/pages\/4630\/revisions\/20329"}],"wp:attachment":[{"href":"https:\/\/genekor.com\/ro\/wp-json\/wp\/v2\/media?parent=4630"}],"curies":[{"name":"wp","href":"https:\/\/api.w.org\/{rel}","templated":true}]}}