{"id":15860,"date":"2023-10-23T13:37:41","date_gmt":"2023-10-23T13:37:41","guid":{"rendered":"https:\/\/genekor.com\/pakalpojumi\/igenome\/"},"modified":"2026-03-11T11:22:56","modified_gmt":"2026-03-11T11:22:56","slug":"igenome","status":"publish","type":"page","link":"https:\/\/genekor.com\/lv\/pakalpojumi\/igenome\/","title":{"rendered":"iGenome\u00ae\u00a0"},"content":{"rendered":"\n<svg id=\"Layer_3\" data-name=\"Layer 1\" xmlns=\"http:\/\/www.w3.org\/2000\/svg\" viewBox=\"0 0 700 718.54\">\n                    <path d=\"M1013.56,788.73a467.43,467.43,0,0,0,77.6-43.87,475.12,475.12,0,0,0,91.07-83.18\" class=\"header-svg\" transform=\"translate(-610 -180.73)\" style=\"fill:none;stroke:#1d1d1b;stroke-linecap:round;stroke-miterlimit:10\"><\/path>\n                    <path d=\"M939.22,639.12A489.75,489.75,0,0,0,1076,520.34\" class=\"header-svg\" transform=\"translate(-610 -180.73)\" style=\"fill:none;stroke:#1d1d1b;stroke-linecap:round;stroke-miterlimit:10\"><\/path>\n                    <path d=\"M839.65,630.08s161.08-107.82,226-189.19\" class=\"header-svg\" transform=\"translate(-610 -180.73)\" style=\"fill:none;stroke:#1d1d1b;stroke-linecap:round;stroke-miterlimit:10\"><\/path>\n                    <path d=\"M813.87,548.42A672.05,672.05,0,0,0,894,490.5a672.73,672.73,0,0,0,62.52-59.91\" class=\"header-svg\" transform=\"translate(-610 -180.73)\" style=\"fill:none;stroke:#1d1d1b;stroke-linecap:round;stroke-miterlimit:10\"><\/path>\n                    <path d=\"M716.59,408.65c62.33-30.42,128.69-74.4,186.28-138.65q7.82-8.72,15-17.47\" class=\"header-svg\" transform=\"translate(-610 -180.73)\" style=\"fill:none;stroke:#1d1d1b;stroke-linecap:round;stroke-miterlimit:10\"><\/path>\n                    <path d=\"M1309.5,659.25c-34.75-12.07-70.12-25.4-107.4-25.73-42.43-.37-78.4,21.28-117.17,35.45-55.12,20.14-116.57,30.38-172.35,12.14s-103-70.92-100.35-129.54c1.83-40.5,25.44-75,45.79-108.45C881.27,404.9,897.48,364,907.8,320.37c9.63-40.63,20.15-102-5.74-137.7\" class=\"header-svg\" transform=\"translate(-610 -180.73)\" style=\"fill:none;stroke:#1d1d1b;stroke-linecap:round;stroke-miterlimit:10\"><\/path>\n                    <path d=\"M610.5,358c29.07,32.62,64.23,62.27,105.39,78.18,49,18.93,92,8.9,137.93-13.17,45.37-21.81,101.94-49.75,153.68-37.24,53.33,12.91,70.81,72.64,69.28,121.26-1.86,59.44-29.17,114.75-47.81,170.12-25.51,75.75-21.83,153,22.09,221.62\" class=\"header-svg\" transform=\"translate(-610 -180.73)\" style=\"fill:none;stroke:#1d1d1b;stroke-linecap:round;stroke-miterlimit:10\"><\/path>\n                    <path d=\"M936.26,820.3c-2.1.33-4.47.54-6.59.79l-7.18.86q-7.17.87-14.34,1.8-14.35,1.86-28.66,3.94-4.57.66-9.14,1.35\" class=\"header-svg\" transform=\"translate(-610 -180.73)\" style=\"fill:none;stroke:#1d1d1b;stroke-linecap:round;stroke-linejoin:round\"><\/path>\n                    <path d=\"M1051.13,252.76c-2.12.18-4.5.07-6.64.09l-7.23.13c-4.81.11-9.63.24-14.45.42q-14.46.53-28.89,1.51-4.62.32-9.22.67\" class=\"header-svg\" transform=\"translate(-610 -180.73)\" style=\"fill:none;stroke:#1d1d1b;stroke-linecap:round;stroke-linejoin:round\"><\/path>\n                    <path d=\"M1020.05,287c-.19-2.12-.08-4.49-.11-6.63,0-2.39-.07-4.8-.12-7.19q-.15-7.2-.42-14.41-.54-14.41-1.51-28.79c-.22-3.07-.44-6.13-.68-9.19\" class=\"header-svg\" transform=\"translate(-610 -180.73)\" style=\"fill:none;stroke:#1d1d1b;stroke-linecap:round;stroke-linejoin:round\"><\/path>\n                    <path d=\"M899.17,630.64a175.89,175.89,0,0,0,10.08,60.21c7.34,20.8,18.38,39.88,29.32,58.94,15.67,27.32,31,57.25,31.54,89.44.19,11.1-1.49,22.42-6.36,32.49-17,35.08-73.65,28.19-100.93,7.74C813,842.13,852.33,771.17,892.77,744.28c8.29-5.51,13-8.43,16.53-10.42\" class=\"header-svg\" transform=\"translate(-610 -180.73)\" style=\"fill:none;stroke:#1d1d1b;stroke-linecap:round;stroke-linejoin:round\"><\/path>\n                    <path d=\"M1017.45,447.46a176,176,0,0,0-8.2-60.5c-6.7-21-17.13-40.43-27.47-59.81C967,299.36,952.58,269,953,236.77c.16-11.09,2.19-22.36,7.37-32.27,18.06-34.54,74.49-25.9,101.12-4.62,48.6,38.86,7.11,108.56-34.15,134.19-8.46,5.26-13.3,8-16.85,9.9\" class=\"header-svg\" transform=\"translate(-610 -180.73)\" style=\"fill:none;stroke:#1d1d1b;stroke-linecap:round;stroke-linejoin:round\"><\/path><\/svg>\n","protected":false},"excerpt":{"rendered":"","protected":false},"author":3,"featured_media":0,"parent":13684,"menu_order":0,"comment_status":"closed","ping_status":"closed","template":"content-page.php","meta":{"_acf_changed":false,"footnotes":""},"class_list":["post-15860","page","type-page","status-publish","hentry"],"acf":[],"yoast_head":"<!-- This site is optimized with the Yoast SEO Premium plugin v24.0 (Yoast SEO v24.0) - https:\/\/yoast.com\/wordpress\/plugins\/seo\/ -->\n<title>iGenome\u00ae\u00a0 \u2013 Visa genoma sekvenc\u0113\u0161ana (WGS) - Genekor<\/title>\n<meta name=\"description\" content=\"Genome\u00ae pied\u0101v\u0101 progres\u012bvu visa genoma sekvenc\u0113\u0161anu (WGS) ar CE-IVD sertific\u0113tu tehnolo\u0123iju, nodro\u0161inot prec\u012bzus rezult\u0101tus 25 darba dien\u0101s.\" \/>\n<meta name=\"robots\" content=\"index, follow, max-snippet:-1, max-image-preview:large, max-video-preview:-1\" \/>\n<link rel=\"canonical\" href=\"https:\/\/genekor.com\/lv\/pakalpojumi\/igenome\/\" \/>\n<meta property=\"og:locale\" content=\"lv_LV\" \/>\n<meta property=\"og:type\" content=\"article\" \/>\n<meta property=\"og:title\" content=\"iGenome\u00ae\u00a0\" \/>\n<meta property=\"og:description\" content=\"Genome\u00ae pied\u0101v\u0101 progres\u012bvu visa genoma sekvenc\u0113\u0161anu (WGS) ar CE-IVD sertific\u0113tu tehnolo\u0123iju, nodro\u0161inot prec\u012bzus rezult\u0101tus 25 darba dien\u0101s.\" \/>\n<meta property=\"og:url\" content=\"https:\/\/genekor.com\/lv\/pakalpojumi\/igenome\/\" \/>\n<meta property=\"og:site_name\" content=\"Genekor\" \/>\n<meta property=\"article:publisher\" content=\"https:\/\/www.facebook.com\/genekorbiotechnology\/\" \/>\n<meta property=\"article:modified_time\" content=\"2026-03-11T11:22:56+00:00\" \/>\n<meta name=\"twitter:card\" content=\"summary_large_image\" \/>\n<meta name=\"twitter:label1\" content=\"Est. reading time\" \/>\n\t<meta name=\"twitter:data1\" content=\"4 minutes\" \/>\n<script type=\"application\/ld+json\" class=\"yoast-schema-graph\">{\"@context\":\"https:\/\/schema.org\",\"@graph\":[{\"@type\":\"WebPage\",\"@id\":\"https:\/\/genekor.com\/lv\/pakalpojumi\/igenome\/\",\"url\":\"https:\/\/genekor.com\/lv\/pakalpojumi\/igenome\/\",\"name\":\"iGenome\u00ae\u00a0 \u2013 Visa genoma sekvenc\u0113\u0161ana (WGS) - Genekor\",\"isPartOf\":{\"@id\":\"https:\/\/genekor.com\/lv\/#website\"},\"datePublished\":\"2023-10-23T13:37:41+00:00\",\"dateModified\":\"2026-03-11T11:22:56+00:00\",\"description\":\"Genome\u00ae pied\u0101v\u0101 progres\u012bvu visa genoma sekvenc\u0113\u0161anu (WGS) ar CE-IVD sertific\u0113tu tehnolo\u0123iju, nodro\u0161inot prec\u012bzus rezult\u0101tus 25 darba dien\u0101s.\",\"breadcrumb\":{\"@id\":\"https:\/\/genekor.com\/lv\/pakalpojumi\/igenome\/#breadcrumb\"},\"inLanguage\":\"lv-LV\",\"potentialAction\":[{\"@type\":\"ReadAction\",\"target\":[\"https:\/\/genekor.com\/lv\/pakalpojumi\/igenome\/\"]}]},{\"@type\":\"BreadcrumbList\",\"@id\":\"https:\/\/genekor.com\/lv\/pakalpojumi\/igenome\/#breadcrumb\",\"itemListElement\":[{\"@type\":\"ListItem\",\"position\":1,\"name\":\"Home\",\"item\":\"https:\/\/genekor.com\/lv\/\"},{\"@type\":\"ListItem\",\"position\":2,\"name\":\"Pakalpojumi\",\"item\":\"https:\/\/genekor.com\/lv\/pakalpojumi\/\"},{\"@type\":\"ListItem\",\"position\":3,\"name\":\"iGenome\u00ae\u00a0\"}]},{\"@type\":\"WebSite\",\"@id\":\"https:\/\/genekor.com\/lv\/#website\",\"url\":\"https:\/\/genekor.com\/lv\/\",\"name\":\"Genekor\",\"description\":\"\u039c\u03bf\u03c1\u03b9\u03b1\u03ba\u03ae \u0393\u03b5\u03bd\u03b5\u03c4\u03b9\u03ba\u03ae\",\"publisher\":{\"@id\":\"https:\/\/genekor.com\/lv\/#organization\"},\"potentialAction\":[{\"@type\":\"SearchAction\",\"target\":{\"@type\":\"EntryPoint\",\"urlTemplate\":\"https:\/\/genekor.com\/lv\/?s={search_term_string}\"},\"query-input\":{\"@type\":\"PropertyValueSpecification\",\"valueRequired\":true,\"valueName\":\"search_term_string\"}}],\"inLanguage\":\"lv-LV\"},{\"@type\":\"Organization\",\"@id\":\"https:\/\/genekor.com\/lv\/#organization\",\"name\":\"Genekor\",\"url\":\"https:\/\/genekor.com\/lv\/\",\"logo\":{\"@type\":\"ImageObject\",\"inLanguage\":\"lv-LV\",\"@id\":\"https:\/\/genekor.com\/lv\/#\/schema\/logo\/image\/\",\"url\":\"https:\/\/genekor.com\/wp-content\/uploads\/2021\/09\/logo-black.svg\",\"contentUrl\":\"https:\/\/genekor.com\/wp-content\/uploads\/2021\/09\/logo-black.svg\",\"width\":1,\"height\":1,\"caption\":\"Genekor\"},\"image\":{\"@id\":\"https:\/\/genekor.com\/lv\/#\/schema\/logo\/image\/\"},\"sameAs\":[\"https:\/\/www.facebook.com\/genekorbiotechnology\/\",\"https:\/\/gr.linkedin.com\/company\/genekor-sa\",\"https:\/\/www.youtube.com\/channel\/UCKC7sMFecVBY-OZAlRBHNzA\"]}]}<\/script>\n<!-- \/ Yoast SEO Premium plugin. -->","yoast_head_json":{"title":"iGenome\u00ae\u00a0 \u2013 Visa genoma sekvenc\u0113\u0161ana (WGS) - Genekor","description":"Genome\u00ae pied\u0101v\u0101 progres\u012bvu visa genoma sekvenc\u0113\u0161anu (WGS) ar CE-IVD sertific\u0113tu tehnolo\u0123iju, nodro\u0161inot prec\u012bzus rezult\u0101tus 25 darba dien\u0101s.","robots":{"index":"index","follow":"follow","max-snippet":"max-snippet:-1","max-image-preview":"max-image-preview:large","max-video-preview":"max-video-preview:-1"},"canonical":"https:\/\/genekor.com\/lv\/pakalpojumi\/igenome\/","og_locale":"lv_LV","og_type":"article","og_title":"iGenome\u00ae\u00a0","og_description":"Genome\u00ae pied\u0101v\u0101 progres\u012bvu visa genoma sekvenc\u0113\u0161anu (WGS) ar CE-IVD sertific\u0113tu tehnolo\u0123iju, nodro\u0161inot prec\u012bzus rezult\u0101tus 25 darba dien\u0101s.","og_url":"https:\/\/genekor.com\/lv\/pakalpojumi\/igenome\/","og_site_name":"Genekor","article_publisher":"https:\/\/www.facebook.com\/genekorbiotechnology\/","article_modified_time":"2026-03-11T11:22:56+00:00","twitter_card":"summary_large_image","twitter_misc":{"Est. reading time":"4 minutes"},"schema":{"@context":"https:\/\/schema.org","@graph":[{"@type":"WebPage","@id":"https:\/\/genekor.com\/lv\/pakalpojumi\/igenome\/","url":"https:\/\/genekor.com\/lv\/pakalpojumi\/igenome\/","name":"iGenome\u00ae\u00a0 \u2013 Visa genoma sekvenc\u0113\u0161ana (WGS) - Genekor","isPartOf":{"@id":"https:\/\/genekor.com\/lv\/#website"},"datePublished":"2023-10-23T13:37:41+00:00","dateModified":"2026-03-11T11:22:56+00:00","description":"Genome\u00ae pied\u0101v\u0101 progres\u012bvu visa genoma sekvenc\u0113\u0161anu (WGS) ar CE-IVD sertific\u0113tu tehnolo\u0123iju, nodro\u0161inot prec\u012bzus rezult\u0101tus 25 darba dien\u0101s.","breadcrumb":{"@id":"https:\/\/genekor.com\/lv\/pakalpojumi\/igenome\/#breadcrumb"},"inLanguage":"lv-LV","potentialAction":[{"@type":"ReadAction","target":["https:\/\/genekor.com\/lv\/pakalpojumi\/igenome\/"]}]},{"@type":"BreadcrumbList","@id":"https:\/\/genekor.com\/lv\/pakalpojumi\/igenome\/#breadcrumb","itemListElement":[{"@type":"ListItem","position":1,"name":"Home","item":"https:\/\/genekor.com\/lv\/"},{"@type":"ListItem","position":2,"name":"Pakalpojumi","item":"https:\/\/genekor.com\/lv\/pakalpojumi\/"},{"@type":"ListItem","position":3,"name":"iGenome\u00ae\u00a0"}]},{"@type":"WebSite","@id":"https:\/\/genekor.com\/lv\/#website","url":"https:\/\/genekor.com\/lv\/","name":"Genekor","description":"\u039c\u03bf\u03c1\u03b9\u03b1\u03ba\u03ae \u0393\u03b5\u03bd\u03b5\u03c4\u03b9\u03ba\u03ae","publisher":{"@id":"https:\/\/genekor.com\/lv\/#organization"},"potentialAction":[{"@type":"SearchAction","target":{"@type":"EntryPoint","urlTemplate":"https:\/\/genekor.com\/lv\/?s={search_term_string}"},"query-input":{"@type":"PropertyValueSpecification","valueRequired":true,"valueName":"search_term_string"}}],"inLanguage":"lv-LV"},{"@type":"Organization","@id":"https:\/\/genekor.com\/lv\/#organization","name":"Genekor","url":"https:\/\/genekor.com\/lv\/","logo":{"@type":"ImageObject","inLanguage":"lv-LV","@id":"https:\/\/genekor.com\/lv\/#\/schema\/logo\/image\/","url":"https:\/\/genekor.com\/wp-content\/uploads\/2021\/09\/logo-black.svg","contentUrl":"https:\/\/genekor.com\/wp-content\/uploads\/2021\/09\/logo-black.svg","width":1,"height":1,"caption":"Genekor"},"image":{"@id":"https:\/\/genekor.com\/lv\/#\/schema\/logo\/image\/"},"sameAs":["https:\/\/www.facebook.com\/genekorbiotechnology\/","https:\/\/gr.linkedin.com\/company\/genekor-sa","https:\/\/www.youtube.com\/channel\/UCKC7sMFecVBY-OZAlRBHNzA"]}]}},"_links":{"self":[{"href":"https:\/\/genekor.com\/lv\/wp-json\/wp\/v2\/pages\/15860","targetHints":{"allow":["GET"]}}],"collection":[{"href":"https:\/\/genekor.com\/lv\/wp-json\/wp\/v2\/pages"}],"about":[{"href":"https:\/\/genekor.com\/lv\/wp-json\/wp\/v2\/types\/page"}],"author":[{"embeddable":true,"href":"https:\/\/genekor.com\/lv\/wp-json\/wp\/v2\/users\/3"}],"replies":[{"embeddable":true,"href":"https:\/\/genekor.com\/lv\/wp-json\/wp\/v2\/comments?post=15860"}],"version-history":[{"count":6,"href":"https:\/\/genekor.com\/lv\/wp-json\/wp\/v2\/pages\/15860\/revisions"}],"predecessor-version":[{"id":20262,"href":"https:\/\/genekor.com\/lv\/wp-json\/wp\/v2\/pages\/15860\/revisions\/20262"}],"up":[{"embeddable":true,"href":"https:\/\/genekor.com\/lv\/wp-json\/wp\/v2\/pages\/13684"}],"wp:attachment":[{"href":"https:\/\/genekor.com\/lv\/wp-json\/wp\/v2\/media?parent=15860"}],"curies":[{"name":"wp","href":"https:\/\/api.w.org\/{rel}","templated":true}]}}