{"id":12854,"date":"2021-08-05T12:19:29","date_gmt":"2021-08-05T12:19:29","guid":{"rendered":"https:\/\/genekor.com\/%ce%b1%cf%81%cf%87%ce%b9%ce%ba%ce%ae\/"},"modified":"2026-03-17T14:48:05","modified_gmt":"2026-03-17T14:48:05","slug":"%ce%b1%cf%81%cf%87%ce%b9%ce%ba%ce%ae","status":"publish","type":"page","link":"https:\/\/genekor.com\/lv\/","title":{"rendered":"S\u0100KUMLAPA"},"content":{"rendered":"","protected":false},"excerpt":{"rendered":"","protected":false},"author":1,"featured_media":0,"parent":0,"menu_order":0,"comment_status":"closed","ping_status":"closed","template":"","meta":{"_acf_changed":false,"footnotes":""},"class_list":["post-12854","page","type-page","status-publish","hentry"],"acf":[],"yoast_head":"<!-- This site is optimized with the Yoast SEO Premium plugin v24.0 (Yoast SEO v24.0) - https:\/\/yoast.com\/wordpress\/plugins\/seo\/ -->\n<title>Molekul\u0101r\u0101 \u0123en\u0113tika - S\u0100KUMLAPA - Genekor<\/title>\n<meta name=\"description\" content=\"\u0397 Genekor \u03b5\u03b9\u03b4\u03b9\u03ba\u03b5\u03cd\u03b5\u03c4\u03b1\u03b9 \u03c3\u03c4\u03b7 \u03bc\u03bf\u03c1\u03b9\u03b1\u03ba\u03ae \u03b2\u03b9\u03bf\u03bb\u03bf\u03b3\u03af\u03b1 \u03ba\u03b1\u03b9 \u03b3\u03b5\u03bd\u03b5\u03c4\u03b9\u03ba\u03ae \u03c0\u03c1\u03b1\u03b3\u03bc\u03b1\u03c4\u03bf\u03c0\u03bf\u03b9\u03ce\u03bd\u03c4\u03b1\u03c2 \u03b3\u03bf\u03bd\u03b9\u03b4\u03b9\u03b1\u03ba\u03ad\u03c2 \u03b5\u03be\u03b5\u03c4\u03ac\u03c3\u03b5\u03b9\u03c2 \u03b3\u03b9\u03b1 \u03c4\u03bf\u03bd \u03ba\u03b1\u03c1\u03ba\u03af\u03bd\u03bf, \u03b3\u03b9\u03b1 \u03ba\u03b1\u03c1\u03b4\u03b9\u03b1\u03b3\u03b3\u03b5\u03b9\u03b1\u03ba\u03ac \u03bd\u03bf\u03c3\u03ae\u03bc\u03b1\u03c4\u03b1 \u03ba.\u03b1.\" \/>\n<meta name=\"robots\" content=\"index, follow, max-snippet:-1, max-image-preview:large, max-video-preview:-1\" \/>\n<link rel=\"canonical\" href=\"https:\/\/genekor.com\/lv\/\" \/>\n<meta property=\"og:locale\" content=\"lv_LV\" \/>\n<meta property=\"og:type\" content=\"article\" \/>\n<meta property=\"og:title\" content=\"S\u0100KUMLAPA\" \/>\n<meta property=\"og:description\" content=\"\u0397 Genekor \u03b5\u03b9\u03b4\u03b9\u03ba\u03b5\u03cd\u03b5\u03c4\u03b1\u03b9 \u03c3\u03c4\u03b7 \u03bc\u03bf\u03c1\u03b9\u03b1\u03ba\u03ae \u03b2\u03b9\u03bf\u03bb\u03bf\u03b3\u03af\u03b1 \u03ba\u03b1\u03b9 \u03b3\u03b5\u03bd\u03b5\u03c4\u03b9\u03ba\u03ae \u03c0\u03c1\u03b1\u03b3\u03bc\u03b1\u03c4\u03bf\u03c0\u03bf\u03b9\u03ce\u03bd\u03c4\u03b1\u03c2 \u03b3\u03bf\u03bd\u03b9\u03b4\u03b9\u03b1\u03ba\u03ad\u03c2 \u03b5\u03be\u03b5\u03c4\u03ac\u03c3\u03b5\u03b9\u03c2 \u03b3\u03b9\u03b1 \u03c4\u03bf\u03bd \u03ba\u03b1\u03c1\u03ba\u03af\u03bd\u03bf, \u03b3\u03b9\u03b1 \u03ba\u03b1\u03c1\u03b4\u03b9\u03b1\u03b3\u03b3\u03b5\u03b9\u03b1\u03ba\u03ac \u03bd\u03bf\u03c3\u03ae\u03bc\u03b1\u03c4\u03b1 \u03ba.\u03b1.\" \/>\n<meta property=\"og:url\" content=\"https:\/\/genekor.com\/lv\/\" \/>\n<meta property=\"og:site_name\" content=\"Genekor\" \/>\n<meta property=\"article:publisher\" content=\"https:\/\/www.facebook.com\/genekorbiotechnology\/\" \/>\n<meta property=\"article:modified_time\" content=\"2026-03-17T14:48:05+00:00\" \/>\n<meta name=\"twitter:card\" content=\"summary_large_image\" \/>\n<meta name=\"twitter:label1\" content=\"Est. reading time\" \/>\n\t<meta name=\"twitter:data1\" content=\"2 minutes\" \/>\n<script type=\"application\/ld+json\" class=\"yoast-schema-graph\">{\"@context\":\"https:\/\/schema.org\",\"@graph\":[{\"@type\":\"WebPage\",\"@id\":\"https:\/\/genekor.com\/lv\/\",\"url\":\"https:\/\/genekor.com\/lv\/\",\"name\":\"Molekul\u0101r\u0101 \u0123en\u0113tika - S\u0100KUMLAPA - Genekor\",\"isPartOf\":{\"@id\":\"https:\/\/genekor.com\/lv\/#website\"},\"datePublished\":\"2021-08-05T12:19:29+00:00\",\"dateModified\":\"2026-03-17T14:48:05+00:00\",\"description\":\"\u0397 Genekor \u03b5\u03b9\u03b4\u03b9\u03ba\u03b5\u03cd\u03b5\u03c4\u03b1\u03b9 \u03c3\u03c4\u03b7 \u03bc\u03bf\u03c1\u03b9\u03b1\u03ba\u03ae \u03b2\u03b9\u03bf\u03bb\u03bf\u03b3\u03af\u03b1 \u03ba\u03b1\u03b9 \u03b3\u03b5\u03bd\u03b5\u03c4\u03b9\u03ba\u03ae \u03c0\u03c1\u03b1\u03b3\u03bc\u03b1\u03c4\u03bf\u03c0\u03bf\u03b9\u03ce\u03bd\u03c4\u03b1\u03c2 \u03b3\u03bf\u03bd\u03b9\u03b4\u03b9\u03b1\u03ba\u03ad\u03c2 \u03b5\u03be\u03b5\u03c4\u03ac\u03c3\u03b5\u03b9\u03c2 \u03b3\u03b9\u03b1 \u03c4\u03bf\u03bd \u03ba\u03b1\u03c1\u03ba\u03af\u03bd\u03bf, \u03b3\u03b9\u03b1 \u03ba\u03b1\u03c1\u03b4\u03b9\u03b1\u03b3\u03b3\u03b5\u03b9\u03b1\u03ba\u03ac \u03bd\u03bf\u03c3\u03ae\u03bc\u03b1\u03c4\u03b1 \u03ba.\u03b1.\",\"breadcrumb\":{\"@id\":\"https:\/\/genekor.com\/lv\/#breadcrumb\"},\"inLanguage\":\"lv-LV\",\"potentialAction\":[{\"@type\":\"ReadAction\",\"target\":[\"https:\/\/genekor.com\/lv\/\"]}]},{\"@type\":\"BreadcrumbList\",\"@id\":\"https:\/\/genekor.com\/lv\/#breadcrumb\",\"itemListElement\":[{\"@type\":\"ListItem\",\"position\":1,\"name\":\"Home\",\"item\":\"https:\/\/genekor.com\/lv\/\"},{\"@type\":\"ListItem\",\"position\":2,\"name\":\"S\u0100KUMLAPA\"}]},{\"@type\":\"WebSite\",\"@id\":\"https:\/\/genekor.com\/lv\/#website\",\"url\":\"https:\/\/genekor.com\/lv\/\",\"name\":\"Genekor\",\"description\":\"\u039c\u03bf\u03c1\u03b9\u03b1\u03ba\u03ae \u0393\u03b5\u03bd\u03b5\u03c4\u03b9\u03ba\u03ae\",\"publisher\":{\"@id\":\"https:\/\/genekor.com\/lv\/#organization\"},\"potentialAction\":[{\"@type\":\"SearchAction\",\"target\":{\"@type\":\"EntryPoint\",\"urlTemplate\":\"https:\/\/genekor.com\/lv\/?s={search_term_string}\"},\"query-input\":{\"@type\":\"PropertyValueSpecification\",\"valueRequired\":true,\"valueName\":\"search_term_string\"}}],\"inLanguage\":\"lv-LV\"},{\"@type\":\"Organization\",\"@id\":\"https:\/\/genekor.com\/lv\/#organization\",\"name\":\"Genekor\",\"url\":\"https:\/\/genekor.com\/lv\/\",\"logo\":{\"@type\":\"ImageObject\",\"inLanguage\":\"lv-LV\",\"@id\":\"https:\/\/genekor.com\/lv\/#\/schema\/logo\/image\/\",\"url\":\"https:\/\/genekor.com\/wp-content\/uploads\/2021\/09\/logo-black.svg\",\"contentUrl\":\"https:\/\/genekor.com\/wp-content\/uploads\/2021\/09\/logo-black.svg\",\"width\":1,\"height\":1,\"caption\":\"Genekor\"},\"image\":{\"@id\":\"https:\/\/genekor.com\/lv\/#\/schema\/logo\/image\/\"},\"sameAs\":[\"https:\/\/www.facebook.com\/genekorbiotechnology\/\",\"https:\/\/gr.linkedin.com\/company\/genekor-sa\",\"https:\/\/www.youtube.com\/channel\/UCKC7sMFecVBY-OZAlRBHNzA\"]}]}<\/script>\n<!-- \/ Yoast SEO Premium plugin. -->","yoast_head_json":{"title":"Molekul\u0101r\u0101 \u0123en\u0113tika - S\u0100KUMLAPA - Genekor","description":"\u0397 Genekor \u03b5\u03b9\u03b4\u03b9\u03ba\u03b5\u03cd\u03b5\u03c4\u03b1\u03b9 \u03c3\u03c4\u03b7 \u03bc\u03bf\u03c1\u03b9\u03b1\u03ba\u03ae \u03b2\u03b9\u03bf\u03bb\u03bf\u03b3\u03af\u03b1 \u03ba\u03b1\u03b9 \u03b3\u03b5\u03bd\u03b5\u03c4\u03b9\u03ba\u03ae \u03c0\u03c1\u03b1\u03b3\u03bc\u03b1\u03c4\u03bf\u03c0\u03bf\u03b9\u03ce\u03bd\u03c4\u03b1\u03c2 \u03b3\u03bf\u03bd\u03b9\u03b4\u03b9\u03b1\u03ba\u03ad\u03c2 \u03b5\u03be\u03b5\u03c4\u03ac\u03c3\u03b5\u03b9\u03c2 \u03b3\u03b9\u03b1 \u03c4\u03bf\u03bd \u03ba\u03b1\u03c1\u03ba\u03af\u03bd\u03bf, \u03b3\u03b9\u03b1 \u03ba\u03b1\u03c1\u03b4\u03b9\u03b1\u03b3\u03b3\u03b5\u03b9\u03b1\u03ba\u03ac \u03bd\u03bf\u03c3\u03ae\u03bc\u03b1\u03c4\u03b1 \u03ba.\u03b1.","robots":{"index":"index","follow":"follow","max-snippet":"max-snippet:-1","max-image-preview":"max-image-preview:large","max-video-preview":"max-video-preview:-1"},"canonical":"https:\/\/genekor.com\/lv\/","og_locale":"lv_LV","og_type":"article","og_title":"S\u0100KUMLAPA","og_description":"\u0397 Genekor \u03b5\u03b9\u03b4\u03b9\u03ba\u03b5\u03cd\u03b5\u03c4\u03b1\u03b9 \u03c3\u03c4\u03b7 \u03bc\u03bf\u03c1\u03b9\u03b1\u03ba\u03ae \u03b2\u03b9\u03bf\u03bb\u03bf\u03b3\u03af\u03b1 \u03ba\u03b1\u03b9 \u03b3\u03b5\u03bd\u03b5\u03c4\u03b9\u03ba\u03ae \u03c0\u03c1\u03b1\u03b3\u03bc\u03b1\u03c4\u03bf\u03c0\u03bf\u03b9\u03ce\u03bd\u03c4\u03b1\u03c2 \u03b3\u03bf\u03bd\u03b9\u03b4\u03b9\u03b1\u03ba\u03ad\u03c2 \u03b5\u03be\u03b5\u03c4\u03ac\u03c3\u03b5\u03b9\u03c2 \u03b3\u03b9\u03b1 \u03c4\u03bf\u03bd \u03ba\u03b1\u03c1\u03ba\u03af\u03bd\u03bf, \u03b3\u03b9\u03b1 \u03ba\u03b1\u03c1\u03b4\u03b9\u03b1\u03b3\u03b3\u03b5\u03b9\u03b1\u03ba\u03ac \u03bd\u03bf\u03c3\u03ae\u03bc\u03b1\u03c4\u03b1 \u03ba.\u03b1.","og_url":"https:\/\/genekor.com\/lv\/","og_site_name":"Genekor","article_publisher":"https:\/\/www.facebook.com\/genekorbiotechnology\/","article_modified_time":"2026-03-17T14:48:05+00:00","twitter_card":"summary_large_image","twitter_misc":{"Est. reading time":"2 minutes"},"schema":{"@context":"https:\/\/schema.org","@graph":[{"@type":"WebPage","@id":"https:\/\/genekor.com\/lv\/","url":"https:\/\/genekor.com\/lv\/","name":"Molekul\u0101r\u0101 \u0123en\u0113tika - S\u0100KUMLAPA - Genekor","isPartOf":{"@id":"https:\/\/genekor.com\/lv\/#website"},"datePublished":"2021-08-05T12:19:29+00:00","dateModified":"2026-03-17T14:48:05+00:00","description":"\u0397 Genekor \u03b5\u03b9\u03b4\u03b9\u03ba\u03b5\u03cd\u03b5\u03c4\u03b1\u03b9 \u03c3\u03c4\u03b7 \u03bc\u03bf\u03c1\u03b9\u03b1\u03ba\u03ae \u03b2\u03b9\u03bf\u03bb\u03bf\u03b3\u03af\u03b1 \u03ba\u03b1\u03b9 \u03b3\u03b5\u03bd\u03b5\u03c4\u03b9\u03ba\u03ae \u03c0\u03c1\u03b1\u03b3\u03bc\u03b1\u03c4\u03bf\u03c0\u03bf\u03b9\u03ce\u03bd\u03c4\u03b1\u03c2 \u03b3\u03bf\u03bd\u03b9\u03b4\u03b9\u03b1\u03ba\u03ad\u03c2 \u03b5\u03be\u03b5\u03c4\u03ac\u03c3\u03b5\u03b9\u03c2 \u03b3\u03b9\u03b1 \u03c4\u03bf\u03bd \u03ba\u03b1\u03c1\u03ba\u03af\u03bd\u03bf, \u03b3\u03b9\u03b1 \u03ba\u03b1\u03c1\u03b4\u03b9\u03b1\u03b3\u03b3\u03b5\u03b9\u03b1\u03ba\u03ac \u03bd\u03bf\u03c3\u03ae\u03bc\u03b1\u03c4\u03b1 \u03ba.\u03b1.","breadcrumb":{"@id":"https:\/\/genekor.com\/lv\/#breadcrumb"},"inLanguage":"lv-LV","potentialAction":[{"@type":"ReadAction","target":["https:\/\/genekor.com\/lv\/"]}]},{"@type":"BreadcrumbList","@id":"https:\/\/genekor.com\/lv\/#breadcrumb","itemListElement":[{"@type":"ListItem","position":1,"name":"Home","item":"https:\/\/genekor.com\/lv\/"},{"@type":"ListItem","position":2,"name":"S\u0100KUMLAPA"}]},{"@type":"WebSite","@id":"https:\/\/genekor.com\/lv\/#website","url":"https:\/\/genekor.com\/lv\/","name":"Genekor","description":"\u039c\u03bf\u03c1\u03b9\u03b1\u03ba\u03ae \u0393\u03b5\u03bd\u03b5\u03c4\u03b9\u03ba\u03ae","publisher":{"@id":"https:\/\/genekor.com\/lv\/#organization"},"potentialAction":[{"@type":"SearchAction","target":{"@type":"EntryPoint","urlTemplate":"https:\/\/genekor.com\/lv\/?s={search_term_string}"},"query-input":{"@type":"PropertyValueSpecification","valueRequired":true,"valueName":"search_term_string"}}],"inLanguage":"lv-LV"},{"@type":"Organization","@id":"https:\/\/genekor.com\/lv\/#organization","name":"Genekor","url":"https:\/\/genekor.com\/lv\/","logo":{"@type":"ImageObject","inLanguage":"lv-LV","@id":"https:\/\/genekor.com\/lv\/#\/schema\/logo\/image\/","url":"https:\/\/genekor.com\/wp-content\/uploads\/2021\/09\/logo-black.svg","contentUrl":"https:\/\/genekor.com\/wp-content\/uploads\/2021\/09\/logo-black.svg","width":1,"height":1,"caption":"Genekor"},"image":{"@id":"https:\/\/genekor.com\/lv\/#\/schema\/logo\/image\/"},"sameAs":["https:\/\/www.facebook.com\/genekorbiotechnology\/","https:\/\/gr.linkedin.com\/company\/genekor-sa","https:\/\/www.youtube.com\/channel\/UCKC7sMFecVBY-OZAlRBHNzA"]}]}},"_links":{"self":[{"href":"https:\/\/genekor.com\/lv\/wp-json\/wp\/v2\/pages\/12854","targetHints":{"allow":["GET"]}}],"collection":[{"href":"https:\/\/genekor.com\/lv\/wp-json\/wp\/v2\/pages"}],"about":[{"href":"https:\/\/genekor.com\/lv\/wp-json\/wp\/v2\/types\/page"}],"author":[{"embeddable":true,"href":"https:\/\/genekor.com\/lv\/wp-json\/wp\/v2\/users\/1"}],"replies":[{"embeddable":true,"href":"https:\/\/genekor.com\/lv\/wp-json\/wp\/v2\/comments?post=12854"}],"version-history":[{"count":13,"href":"https:\/\/genekor.com\/lv\/wp-json\/wp\/v2\/pages\/12854\/revisions"}],"predecessor-version":[{"id":20327,"href":"https:\/\/genekor.com\/lv\/wp-json\/wp\/v2\/pages\/12854\/revisions\/20327"}],"wp:attachment":[{"href":"https:\/\/genekor.com\/lv\/wp-json\/wp\/v2\/media?parent=12854"}],"curies":[{"name":"wp","href":"https:\/\/api.w.org\/{rel}","templated":true}]}}