{"id":12282,"date":"2021-12-09T10:05:54","date_gmt":"2021-12-09T10:05:54","guid":{"rendered":"https:\/\/genekor.com\/signatera\/"},"modified":"2024-10-07T07:43:04","modified_gmt":"2024-10-07T07:43:04","slug":"signatera","status":"publish","type":"page","link":"https:\/\/genekor.com\/et\/teenused\/signatera\/","title":{"rendered":"Signatera\u00ae"},"content":{"rendered":"\n<svg xmlns=\"http:\/\/www.w3.org\/2000\/svg\" id=\"Layer_3\" data-name=\"Layer 1\" viewbox=\"0 0 398.33 350.52\"><path d=\"M410.45,296.76a4,4,0,0,0,1.88.46,4.72,4.72,0,0,0,1.54-.27,5.13,5.13,0,0,0,3-2.7,3.06,3.06,0,0,0,0-2.53c-.82-1.92-3.38-3-4.44-3.43-2-.74-3.68-.19-4.42,1.46A5.89,5.89,0,0,0,410.45,296.76Z\" class=\"header-svg\" transform=\"translate(-100.83 -124.74)\" style=\"fill:none;stroke:#1d1d1b;stroke-miterlimit:10\"><\/path><path d=\"M426.42,317a5,5,0,0,0,1.08-.11,4.63,4.63,0,0,0,3.41-2.65,4.68,4.68,0,0,0-.71-4.54,4.33,4.33,0,0,0-4.67-1.74,4.28,4.28,0,0,0-3.35,3.34,4.7,4.7,0,0,0,1.14,4.52A4.43,4.43,0,0,0,426.42,317Z\" class=\"header-svg\" transform=\"translate(-100.83 -124.74)\" style=\"fill:none;stroke:#1d1d1b;stroke-miterlimit:10\"><\/path><path d=\"M412.36,344a5.53,5.53,0,0,0-1.9,0c-2.2.41-2.88,2.63-2.58,4.53a4.77,4.77,0,0,0,.84,2.05,4.68,4.68,0,0,0,3.79,1.79h.31a4.22,4.22,0,0,0,3.5-2,4,4,0,0,0-.85-4.76A6,6,0,0,0,412.36,344Z\" class=\"header-svg\" transform=\"translate(-100.83 -124.74)\" style=\"fill:none;stroke:#1d1d1b;stroke-miterlimit:10\"><\/path><path d=\"M427.64,370.55a3.37,3.37,0,0,0-1-.25,3.75,3.75,0,0,0-3.94,1.86,5.79,5.79,0,0,0-.41,1.81c-.21,2.29-.05,5.35,1.92,6.92a3.76,3.76,0,0,0,2.34.79,5.17,5.17,0,0,0,3.38-1.36,5.25,5.25,0,0,0,1.63-4.44A7.26,7.26,0,0,0,427.64,370.55Z\" class=\"header-svg\" transform=\"translate(-100.83 -124.74)\" style=\"fill:none;stroke:#1d1d1b;stroke-miterlimit:10\"><\/path><path d=\"M310.33,330.53a5.49,5.49,0,0,0-3.27-.77,6.67,6.67,0,0,0-2,.43c-1.71.67-2.47,2.29-2,4.33a5.19,5.19,0,0,0,2.71,3.62,4.36,4.36,0,0,0,1.9.42A5.19,5.19,0,0,0,310,338a4.43,4.43,0,0,0,2.43-3.15A4.38,4.38,0,0,0,310.33,330.53Z\" class=\"header-svg\" transform=\"translate(-100.83 -124.74)\" style=\"fill:none;stroke:#1d1d1b;stroke-miterlimit:10\"><\/path><path d=\"M302,364a6.21,6.21,0,0,0-5,.29,4.15,4.15,0,0,0-2,2.82c-.54,2.46.63,5.91,3.17,6.93a4.49,4.49,0,0,0,1.72.33,6.3,6.3,0,0,0,5.39-3.52,4.68,4.68,0,0,0,.19-3.89A5.59,5.59,0,0,0,302,364Z\" class=\"header-svg\" transform=\"translate(-100.83 -124.74)\" style=\"fill:none;stroke:#1d1d1b;stroke-miterlimit:10\"><\/path><path d=\"M165.44,344.6a4.56,4.56,0,0,0,2.93,1,5.26,5.26,0,0,0,4-1.87,3.47,3.47,0,0,0-.63-5.18,5.46,5.46,0,0,0-1.14-.71,12.79,12.79,0,0,0-3.53-1.14c-1.09-.18-2.53.06-3.22,2.17A5.39,5.39,0,0,0,165.44,344.6Z\" class=\"header-svg\" transform=\"translate(-100.83 -124.74)\" style=\"fill:none;stroke:#1d1d1b;stroke-miterlimit:10\"><\/path><path d=\"M189.41,318.29c.22,0,.43,0,.65,0a6.06,6.06,0,0,0,4.36-2.11c1.43-2,.88-4.58-1.4-6.65-.61-.55-2.75-2.36-4.88-2.15a3.26,3.26,0,0,0-2.35,1.37,6.89,6.89,0,0,0-1.18,4c0,1.6,0,3.13,1.24,4.32A5.06,5.06,0,0,0,189.41,318.29Z\" class=\"header-svg\" transform=\"translate(-100.83 -124.74)\" style=\"fill:none;stroke:#1d1d1b;stroke-miterlimit:10\"><\/path><path d=\"M191.91,364.69c-1.12-.67-2.49-.44-4.07.7a9.58,9.58,0,0,0-2.07,2.05,5.28,5.28,0,0,0,.69,7.36,5.36,5.36,0,0,0,3.38,1.21l.49,0c2.06-.2,3.23-1.51,3.59-4C194.23,369.82,194,365.93,191.91,364.69Z\" class=\"header-svg\" transform=\"translate(-100.83 -124.74)\" style=\"fill:none;stroke:#1d1d1b;stroke-miterlimit:10\"><\/path><path d=\"M498.38,419.81c-.09-2.73-.19-5.55-.24-8.32-.15-7.76-.3-17-.3-26.42-.26-17.25-.54-33.28-.88-49q-.27-12.58-.6-25.17-.17-6.42-.34-12.86c0-1.37,0-2.77,0-4.17,0-2.86,0-5.82-.32-8.68-1.42-14-6.76-20.89-16.34-21.1-10.27-.22-21.56-.42-31.86-.6L446,203.72c-1.73-42.55,2.31-67.77,11.67-72.93a.47.47,0,0,0,.23-.54.49.49,0,0,0-.48-.34c-28.13,1.71-83.37-1.18-83.93-1.2a.43.43,0,0,0-.48.38.46.46,0,0,0,.31.53,13.11,13.11,0,0,1,8.58,7.73c1.57,4,1.46,8.55,1.38,12.59l-1.46,113.58c-16.24-.18-34.47-.32-50.67-.45-.11-13.39,1-28.08,1.12-43.33l0-4.78c.05-6.31-.26-13-.56-19.47-.42-8.83-.85-18-.39-26.46,1-19,6.52-31.41,16.81-38a.47.47,0,0,0-.31-.86c-32.6,3.84-95.86-.71-96.5-.76a.46.46,0,0,0-.49.38.47.47,0,0,0,.32.54c8.63,2.71,12.72,12.72,12.18,29.75-1.17,36.32-1.72,69.94-1.64,101.62-16.09-.08-32.13.86-48.07.81-.2-3.42-.41-7.82-.62-11.2-1.19-19.65-2.42-39.95-2.79-60-.42-23.12,1.34-49,17.53-65.27a.49.49,0,0,0,.07-.58.47.47,0,0,0-.55-.2c-17.35,5.84-36.71,5-53.79,4.33l-41.21-1.71h0a.52.52,0,0,0-.52.44.45.45,0,0,0,.42.49,3.21,3.21,0,0,1,.5.36,2.8,2.8,0,0,0,.29.23l1.18.79c.72.48,1.49,1,2.21,1.53a18.22,18.22,0,0,1,3.55,3.46,47.29,47.29,0,0,1,5,7.91,21,21,0,0,1,2.17,6.48c4.66,33.35,3.44,67.93,2.26,101.38-.12,3.41-.24,6.85-.36,10.3l-16-.05c-4.7,0-10,0-14.78,1.65-4.53,1.6-8.15,4.87-10.76,9.71-4.68,8.69-5.35,20.82-5.83,29.68l-.07,1.22c-.65,11.51,0,23.2.65,34.5.26,4.64.54,9.44.71,14.15,1,26.42,1.35,53.16,1.07,79.47-.1,8.61,2,15,6.21,19.09,3.21,3.08,7.87,5,13.86,5.78,1.41.17,2.83.31,4.25.46a.46.46,0,0,0,0,.2l.08,4.82c0,2.63.11,6.24,2.15,8.77a2.56,2.56,0,0,0,1.67,1.08h.19a3.3,3.3,0,0,0,1.41-.42,7.33,7.33,0,0,0,3.43-2.67,7.18,7.18,0,0,0,.55-3.88l-.33-7.07a.5.5,0,0,0,0-.13c11.37.66,22.93.56,34.21.44,6.51-.07,13.23-.13,19.74-.05,28.68.38,57.86.5,86.07.61,22.41.1,45.59.19,68.38.42l20.67.21c19.06.21,38.77.42,58.15.48,4.06,0,8.2.11,12.2.2,4.31.1,8.72.21,13.13.21,2.71,0,5.43,0,8.12-.14,1.12-.05,2.33-.1,3.6-.18-.51,3.37.41,6.79,1.22,9.81.42,1.57,1.66,4.41,3.6,5a2.46,2.46,0,0,0,.76.12,3.12,3.12,0,0,0,2-.86,5.79,5.79,0,0,0,1.75-3.14c.89-3.35,1.78-7.75.87-12.08.74-.13,1.48-.27,2.21-.42,1.24-.26,2.48-.49,3.71-.71,3.7-.66,7.52-1.34,11.1-3.13,5.69-2.86,9.09-8.49,9.58-15.86q0-.66.06-1.32C498.78,431.45,498.58,425.53,498.38,419.81Z\" class=\"header-svg\" transform=\"translate(-100.83 -124.74)\" style=\"fill:none;stroke:#1d1d1b;stroke-miterlimit:10\"><\/path><path d=\"M446.5,229.5c-1.52,2.7-3.41,7-5.68,9.19a10.91,10.91,0,0,1-8.29,3.4,16.37,16.37,0,0,1-4.59-1.32,24.4,24.4,0,0,0-3.53-1.19c-4.42-1-8.75.58-12.93,2.08a34.32,34.32,0,0,1-9.15,2.38c-7.38.48-14.89-4.75-20-8.8\" class=\"header-svg\" transform=\"translate(-100.83 -124.74)\" style=\"fill:none;stroke:#1d1d1b;stroke-miterlimit:10\"><\/path><path d=\"M447.51,263.47c-21.87-.39-43.81.31-65.73.06\" class=\"header-svg\" transform=\"translate(-100.83 -124.74)\" style=\"fill:none;stroke:#1d1d1b;stroke-miterlimit:10\"><\/path><path d=\"M447.55,263.41,452,372.92c.57,14,.44,27.45-7.41,37.19-6.84,8.51-19.26,12.88-33.25,11.7-7-.59-16.54-2.82-22-10.08-3.91-5.18-5-12-5.78-18.44-3.87-32.15-3.15-65.06-2.45-96.87l.72-32.95\" class=\"header-svg\" transform=\"translate(-100.83 -124.74)\" style=\"fill:none;stroke:#1d1d1b;stroke-miterlimit:10\"><\/path><path d=\"M332.51,305.24q.27,5,.56,9.95c.78,13.85,1.58,28.17,2,42.33.5,16.42,1.06,35-7.9,50.51a33.45,33.45,0,0,1-13.33,13.09c-7.77,3.89-21.12,3.72-35.29-8.45-4.62-4-7.53-7.61-9.17-11.45-1.84-4.3-2.18-9.18-2.47-13.48C265,360.29,263.78,332,263.15,302c1.52-.43,4,.28,5.89.82.57.16,1.1.32,1.56.43,3.7.89,7.51-.16,11.19-1.17,4.1-1.13,8-2.2,11.63-.78a18.48,18.48,0,0,1,3.7,2.13,18.83,18.83,0,0,0,4.14,2.32,10.57,10.57,0,0,0,3.53.57c4,0,8.31-1.89,12.52-3.73,5.13-2.25,10.44-4.57,14.9-3.29Q332.35,302.25,332.51,305.24Z\" class=\"header-svg\" transform=\"translate(-100.83 -124.74)\" style=\"fill:none;stroke:#1d1d1b;stroke-miterlimit:10\"><\/path><path d=\"M263.13,302c-.26-12.5-1.4-27.3-1.44-40.42,22.74.1,46.62,1.22,69.54,1.4.1,11.7.37,24.2.93,36.32\" class=\"header-svg\" transform=\"translate(-100.83 -124.74)\" style=\"fill:none;stroke:#1d1d1b;stroke-miterlimit:10\"><\/path><path d=\"M149.38,284.32c4.12,5.18,11.69,9.58,19,9.58a21.17,21.17,0,0,0,7.05-1.18,46.71,46.71,0,0,0,5.69-2.56c3.87-2,7.52-3.79,11.56-3.3,2.95.35,5.62,2,8.2,3.56.64.4,1.28.79,1.93,1.17a13.92,13.92,0,0,0,11.48,1c.46,11.34.74,22.72.67,34-.07,11.12-.11,26.87-.15,40.77,0,15.62-.08,29.11-.14,30,0,.15-1.16,14.71-7.27,20-8.51,7.43-22.42,7.06-31.75,4.48-19.53-5.38-22.06-23.61-23.09-43.42q-.43-8.61-.93-17.23c-1.19-21.34-2.42-43.42-2.4-65.16C149.27,292.15,149.32,288.24,149.38,284.32Z\" class=\"header-svg\" transform=\"translate(-100.83 -124.74)\" style=\"fill:none;stroke:#1d1d1b;stroke-miterlimit:10\"><\/path><path d=\"M149.46,282.74s0,2,0,2c.12-6.84-.69-16.7-.46-23.5l52.56,1.18,12.26,0c.57,9.64.11,20.39.51,30.17\" class=\"header-svg\" transform=\"translate(-100.83 -124.74)\" style=\"fill:none;stroke:#1d1d1b;stroke-miterlimit:10\"><\/path><path d=\"M129.24,457.1s-1-.07-1-.1c2.43.24,6.88.43,9.34.58\" class=\"header-svg\" transform=\"translate(-100.83 -124.74)\" style=\"fill:none;stroke:#1d1d1b;stroke-miterlimit:10\"><\/path><path d=\"M462.61,460c0-.07-1-.14-1-.2,2.62-.17,7.48-.46,10.41-.93h-1\" class=\"header-svg\" transform=\"translate(-100.83 -124.74)\" style=\"fill:none;stroke:#1d1d1b;stroke-miterlimit:10\"><\/path><\/svg>\n","protected":false},"excerpt":{"rendered":"","protected":false},"author":1,"featured_media":0,"parent":12308,"menu_order":0,"comment_status":"closed","ping_status":"closed","template":"content-page.php","meta":{"_acf_changed":false,"footnotes":""},"class_list":["post-12282","page","type-page","status-publish","hentry"],"acf":[],"yoast_head":"<!-- This site is optimized with the Yoast SEO Premium plugin v24.0 (Yoast SEO v24.0) - https:\/\/yoast.com\/wordpress\/plugins\/seo\/ -->\n<title>V\u00e4hi kordumine - Tuvastamine l\u00e4bivaatuse teel Signatera\u00ae - Genekor<\/title>\n<meta name=\"description\" content=\"Signatera\u00ae molekulaartest tuvastab varajase verev\u00e4hi retsidiivi (minimaalne j\u00e4\u00e4khaigus)\" \/>\n<meta name=\"robots\" content=\"index, follow, max-snippet:-1, max-image-preview:large, max-video-preview:-1\" \/>\n<link rel=\"canonical\" href=\"https:\/\/genekor.com\/et\/teenused\/signatera\/\" \/>\n<meta property=\"og:locale\" content=\"et_EE\" \/>\n<meta property=\"og:type\" content=\"article\" \/>\n<meta property=\"og:title\" content=\"Signatera\u00ae\" \/>\n<meta property=\"og:description\" content=\"Signatera\u00ae molekulaartest tuvastab varajase verev\u00e4hi retsidiivi (minimaalne j\u00e4\u00e4khaigus)\" \/>\n<meta property=\"og:url\" content=\"https:\/\/genekor.com\/et\/teenused\/signatera\/\" \/>\n<meta property=\"og:site_name\" content=\"Genekor\" \/>\n<meta property=\"article:publisher\" content=\"https:\/\/www.facebook.com\/genekorbiotechnology\/\" \/>\n<meta property=\"article:modified_time\" content=\"2024-10-07T07:43:04+00:00\" \/>\n<meta name=\"twitter:card\" content=\"summary_large_image\" \/>\n<meta name=\"twitter:label1\" content=\"Est. reading time\" \/>\n\t<meta name=\"twitter:data1\" content=\"3 minutit\" \/>\n<script type=\"application\/ld+json\" class=\"yoast-schema-graph\">{\"@context\":\"https:\/\/schema.org\",\"@graph\":[{\"@type\":\"WebPage\",\"@id\":\"https:\/\/genekor.com\/et\/teenused\/signatera\/\",\"url\":\"https:\/\/genekor.com\/et\/teenused\/signatera\/\",\"name\":\"V\u00e4hi kordumine - Tuvastamine l\u00e4bivaatuse teel Signatera\u00ae - Genekor\",\"isPartOf\":{\"@id\":\"https:\/\/genekor.com\/et\/#website\"},\"datePublished\":\"2021-12-09T10:05:54+00:00\",\"dateModified\":\"2024-10-07T07:43:04+00:00\",\"description\":\"Signatera\u00ae molekulaartest tuvastab varajase verev\u00e4hi retsidiivi (minimaalne j\u00e4\u00e4khaigus)\",\"breadcrumb\":{\"@id\":\"https:\/\/genekor.com\/et\/teenused\/signatera\/#breadcrumb\"},\"inLanguage\":\"et\",\"potentialAction\":[{\"@type\":\"ReadAction\",\"target\":[\"https:\/\/genekor.com\/et\/teenused\/signatera\/\"]}]},{\"@type\":\"BreadcrumbList\",\"@id\":\"https:\/\/genekor.com\/et\/teenused\/signatera\/#breadcrumb\",\"itemListElement\":[{\"@type\":\"ListItem\",\"position\":1,\"name\":\"Home\",\"item\":\"https:\/\/genekor.com\/et\/\"},{\"@type\":\"ListItem\",\"position\":2,\"name\":\"Teenused\",\"item\":\"https:\/\/genekor.com\/et\/teenused\/\"},{\"@type\":\"ListItem\",\"position\":3,\"name\":\"Signatera\u00ae\"}]},{\"@type\":\"WebSite\",\"@id\":\"https:\/\/genekor.com\/et\/#website\",\"url\":\"https:\/\/genekor.com\/et\/\",\"name\":\"Genekor\",\"description\":\"\u039c\u03bf\u03c1\u03b9\u03b1\u03ba\u03ae \u0393\u03b5\u03bd\u03b5\u03c4\u03b9\u03ba\u03ae\",\"publisher\":{\"@id\":\"https:\/\/genekor.com\/et\/#organization\"},\"potentialAction\":[{\"@type\":\"SearchAction\",\"target\":{\"@type\":\"EntryPoint\",\"urlTemplate\":\"https:\/\/genekor.com\/et\/?s={search_term_string}\"},\"query-input\":{\"@type\":\"PropertyValueSpecification\",\"valueRequired\":true,\"valueName\":\"search_term_string\"}}],\"inLanguage\":\"et\"},{\"@type\":\"Organization\",\"@id\":\"https:\/\/genekor.com\/et\/#organization\",\"name\":\"Genekor\",\"url\":\"https:\/\/genekor.com\/et\/\",\"logo\":{\"@type\":\"ImageObject\",\"inLanguage\":\"et\",\"@id\":\"https:\/\/genekor.com\/et\/#\/schema\/logo\/image\/\",\"url\":\"https:\/\/genekor.com\/wp-content\/uploads\/2021\/09\/logo-black.svg\",\"contentUrl\":\"https:\/\/genekor.com\/wp-content\/uploads\/2021\/09\/logo-black.svg\",\"width\":1,\"height\":1,\"caption\":\"Genekor\"},\"image\":{\"@id\":\"https:\/\/genekor.com\/et\/#\/schema\/logo\/image\/\"},\"sameAs\":[\"https:\/\/www.facebook.com\/genekorbiotechnology\/\",\"https:\/\/gr.linkedin.com\/company\/genekor-sa\",\"https:\/\/www.youtube.com\/channel\/UCKC7sMFecVBY-OZAlRBHNzA\"]}]}<\/script>\n<!-- \/ Yoast SEO Premium plugin. -->","yoast_head_json":{"title":"V\u00e4hi kordumine - Tuvastamine l\u00e4bivaatuse teel Signatera\u00ae - Genekor","description":"Signatera\u00ae molekulaartest tuvastab varajase verev\u00e4hi retsidiivi (minimaalne j\u00e4\u00e4khaigus)","robots":{"index":"index","follow":"follow","max-snippet":"max-snippet:-1","max-image-preview":"max-image-preview:large","max-video-preview":"max-video-preview:-1"},"canonical":"https:\/\/genekor.com\/et\/teenused\/signatera\/","og_locale":"et_EE","og_type":"article","og_title":"Signatera\u00ae","og_description":"Signatera\u00ae molekulaartest tuvastab varajase verev\u00e4hi retsidiivi (minimaalne j\u00e4\u00e4khaigus)","og_url":"https:\/\/genekor.com\/et\/teenused\/signatera\/","og_site_name":"Genekor","article_publisher":"https:\/\/www.facebook.com\/genekorbiotechnology\/","article_modified_time":"2024-10-07T07:43:04+00:00","twitter_card":"summary_large_image","twitter_misc":{"Est. reading time":"3 minutit"},"schema":{"@context":"https:\/\/schema.org","@graph":[{"@type":"WebPage","@id":"https:\/\/genekor.com\/et\/teenused\/signatera\/","url":"https:\/\/genekor.com\/et\/teenused\/signatera\/","name":"V\u00e4hi kordumine - Tuvastamine l\u00e4bivaatuse teel Signatera\u00ae - Genekor","isPartOf":{"@id":"https:\/\/genekor.com\/et\/#website"},"datePublished":"2021-12-09T10:05:54+00:00","dateModified":"2024-10-07T07:43:04+00:00","description":"Signatera\u00ae molekulaartest tuvastab varajase verev\u00e4hi retsidiivi (minimaalne j\u00e4\u00e4khaigus)","breadcrumb":{"@id":"https:\/\/genekor.com\/et\/teenused\/signatera\/#breadcrumb"},"inLanguage":"et","potentialAction":[{"@type":"ReadAction","target":["https:\/\/genekor.com\/et\/teenused\/signatera\/"]}]},{"@type":"BreadcrumbList","@id":"https:\/\/genekor.com\/et\/teenused\/signatera\/#breadcrumb","itemListElement":[{"@type":"ListItem","position":1,"name":"Home","item":"https:\/\/genekor.com\/et\/"},{"@type":"ListItem","position":2,"name":"Teenused","item":"https:\/\/genekor.com\/et\/teenused\/"},{"@type":"ListItem","position":3,"name":"Signatera\u00ae"}]},{"@type":"WebSite","@id":"https:\/\/genekor.com\/et\/#website","url":"https:\/\/genekor.com\/et\/","name":"Genekor","description":"\u039c\u03bf\u03c1\u03b9\u03b1\u03ba\u03ae \u0393\u03b5\u03bd\u03b5\u03c4\u03b9\u03ba\u03ae","publisher":{"@id":"https:\/\/genekor.com\/et\/#organization"},"potentialAction":[{"@type":"SearchAction","target":{"@type":"EntryPoint","urlTemplate":"https:\/\/genekor.com\/et\/?s={search_term_string}"},"query-input":{"@type":"PropertyValueSpecification","valueRequired":true,"valueName":"search_term_string"}}],"inLanguage":"et"},{"@type":"Organization","@id":"https:\/\/genekor.com\/et\/#organization","name":"Genekor","url":"https:\/\/genekor.com\/et\/","logo":{"@type":"ImageObject","inLanguage":"et","@id":"https:\/\/genekor.com\/et\/#\/schema\/logo\/image\/","url":"https:\/\/genekor.com\/wp-content\/uploads\/2021\/09\/logo-black.svg","contentUrl":"https:\/\/genekor.com\/wp-content\/uploads\/2021\/09\/logo-black.svg","width":1,"height":1,"caption":"Genekor"},"image":{"@id":"https:\/\/genekor.com\/et\/#\/schema\/logo\/image\/"},"sameAs":["https:\/\/www.facebook.com\/genekorbiotechnology\/","https:\/\/gr.linkedin.com\/company\/genekor-sa","https:\/\/www.youtube.com\/channel\/UCKC7sMFecVBY-OZAlRBHNzA"]}]}},"_links":{"self":[{"href":"https:\/\/genekor.com\/et\/wp-json\/wp\/v2\/pages\/12282","targetHints":{"allow":["GET"]}}],"collection":[{"href":"https:\/\/genekor.com\/et\/wp-json\/wp\/v2\/pages"}],"about":[{"href":"https:\/\/genekor.com\/et\/wp-json\/wp\/v2\/types\/page"}],"author":[{"embeddable":true,"href":"https:\/\/genekor.com\/et\/wp-json\/wp\/v2\/users\/1"}],"replies":[{"embeddable":true,"href":"https:\/\/genekor.com\/et\/wp-json\/wp\/v2\/comments?post=12282"}],"version-history":[{"count":5,"href":"https:\/\/genekor.com\/et\/wp-json\/wp\/v2\/pages\/12282\/revisions"}],"predecessor-version":[{"id":13028,"href":"https:\/\/genekor.com\/et\/wp-json\/wp\/v2\/pages\/12282\/revisions\/13028"}],"up":[{"embeddable":true,"href":"https:\/\/genekor.com\/et\/wp-json\/wp\/v2\/pages\/12308"}],"wp:attachment":[{"href":"https:\/\/genekor.com\/et\/wp-json\/wp\/v2\/media?parent=12282"}],"curies":[{"name":"wp","href":"https:\/\/api.w.org\/{rel}","templated":true}]}}