{"id":12018,"date":"2021-10-08T18:53:22","date_gmt":"2021-10-08T18:53:22","guid":{"rendered":"https:\/\/genekor.com\/com-pl-i-t-dx-colon\/"},"modified":"2026-01-20T14:11:26","modified_gmt":"2026-01-20T14:11:26","slug":"com-pl-i-t-dx-colon","status":"publish","type":"page","link":"https:\/\/genekor.com\/et\/teenused\/com-pi-it-dx-test\/com-pl-i-t-dx-colon\/","title":{"rendered":"Com.pl.i.t DX\u00ae Colon"},"content":{"rendered":"\n<svg xmlns=\"http:\/\/www.w3.org\/2000\/svg\" id=\"Layer_3\" data-name=\"Layer 1\" viewbox=\"0 0 361.2 337.7\"><path d=\"M475.06,371.58c-3.61-7.69-7.28-13.29-11.56-17.62a34.57,34.57,0,0,0-9.57-6.77,48.63,48.63,0,0,0,10.29-8.45,46.47,46.47,0,0,0,9.4-47.13,37.46,37.46,0,0,0-7.54-13c5-3.33,11.11-8.86,13.18-16.79,2.2-8.47-.79-17.22-3.65-23.9-3.34-7.8-6.82-13.52-10.94-18a35.24,35.24,0,0,0-11-7.94,52.32,52.32,0,0,0,10.23-8.09c6.69-7,10.28-16.92,10.95-30.43.55-10.89-2.79-19.05-11.5-28.15a53,53,0,0,0-11.17-9.42c-7.35-4.29-16.84-4.49-25.39-.52a65.3,65.3,0,0,0-13,8.28,49,49,0,0,0-10.2,11.14,54.26,54.26,0,0,0-8.18-10.53c-7.14-7-17.4-10.82-31.38-11.66-10.8-.66-19.31,2.58-28.36,10.79a23.16,23.16,0,0,0-4.23-4c-7-5-16.11-5.37-23.26-5.1-8.35.31-14.84,1.48-20.42,3.69-7.93,3.14-14.58,9.41-20.27,19.15a46.42,46.42,0,0,0-23.34-22.26c-8.43-3.67-16.7-4.27-23.29-1.71-8,3.13-13.29,10.57-17,16.71-.31.51-.61,1-.91,1.55a61.7,61.7,0,0,0-7.79-5.87c-7-4.54-13-7.31-18.84-8.7-9.26-2.21-19.5-.3-31.31,5.85-9.53,5-14.8,11.87-18.19,23.81a51.84,51.84,0,0,0-2.44,14.18c0,8.39,4.58,16.55,12.21,21.84a63.46,63.46,0,0,0,12.1,6.38,53.52,53.52,0,0,0-12.16,8.28c-7,6.48-11,16.08-12.45,29.32-1.13,10.69,1.7,18.9,9.77,28.32.62.73,1.25,1.46,1.89,2.17-5.45,3.08-12.18,8.35-14.72,16.44s-.07,17,2.42,23.69c2.9,7.84,6.05,13.63,9.88,18.24a34.6,34.6,0,0,0,10.29,8.26,22.37,22.37,0,0,0-4.88,2.77c-6.89,5.19-9.93,13.78-11.8,20.68-2.19,8.07-3,14.61-2.56,20.59.7,9.5,5.65,18.67,15.1,28,7.64,7.57,15.81,10.48,28.22,10.08a52.14,52.14,0,0,0,14.25-2c8-2.57,14.37-9.41,17.08-18.28a64.39,64.39,0,0,0,2.51-15,48.86,48.86,0,0,0-2.85-19.35,45.24,45.24,0,0,0-19.43-23.28,45.23,45.23,0,0,0,11.48-6.66,52,52,0,0,0,10.44-9.91c5-6.73,6.23-16,3.28-24.8a64.25,64.25,0,0,0-6.68-13.67,48.84,48.84,0,0,0-13.56-14.09l-.58-.38a48.74,48.74,0,0,0,12.23-13.51,45.77,45.77,0,0,0-.19-47.34,38.43,38.43,0,0,0-8-9.6,45.76,45.76,0,0,0,13.68-10.45c.45.87.93,1.75,1.41,2.61,5.3,9.35,12.37,14.38,24.42,17.35a52,52,0,0,0,14.26,1.95c8.38-.31,16.38-5.15,21.4-13a57.18,57.18,0,0,0,4.37-8.33,37.25,37.25,0,0,0,3.19,5.6c4.81,6.81,13.16,10.86,22.37,10.86h.18A64,64,0,0,0,308,212.53a48.73,48.73,0,0,0,17.62-8.48,44.39,44.39,0,0,0,7.68-7.52,51.19,51.19,0,0,0,14.88,12.32,48.09,48.09,0,0,0,49.69-2.46,45.76,45.76,0,0,0,4-3c.72,1.31,1.42,2.46,2.12,3.49a41.57,41.57,0,0,0,6,7.05c-1.25.9-2.51,1.89-3.75,2.94a53,53,0,0,0-10.09,10.56c-4.73,7.08-5.5,16.54-2.07,25.32a65.26,65.26,0,0,0,7.46,13.52,49.48,49.48,0,0,0,13.45,12.95l-.05,0c-8.25,5-14.24,13.76-18.32,26.66-3.29,10.4-2.14,19.14,4,30.15A52.71,52.71,0,0,0,408.93,348c.31.31.63.59.95.86a55.35,55.35,0,0,0-4.95,4c-1.34,1.21-3,2.78-4.66,4.5-3.43-6.25-8.67-11-16.86-15.21a53.07,53.07,0,0,0-13.61-5.31c-8.35-1.68-17.39,1.21-24.2,7.72a65.65,65.65,0,0,0-9.66,12.05,49.48,49.48,0,0,0-7.07,18.56,45,45,0,0,0-.55,8.9,29.26,29.26,0,0,0-4.62.28,65.8,65.8,0,0,0-14.86,4.19,49.62,49.62,0,0,0-16.54,11,46.48,46.48,0,0,0-11,46.79c2.8,8.9,7.84,15.64,14.19,19a28.53,28.53,0,0,0,13.43,3,61,61,0,0,0,10.67-1.08c8.36-1.48,14.72-3.56,20-6.56,8.41-4.75,14.7-13.26,19.22-26a36.94,36.94,0,0,0,1.95-8.29,24.44,24.44,0,0,0,8.9.52c8.68-1.19,15.63-7.29,20.71-12.47A68.58,68.58,0,0,0,401,401.12c.33.46.66.92,1,1.36a49.45,49.45,0,0,0,14.92,13.09,46.45,46.45,0,0,0,48-1.58c7.87-5,13.06-11.65,14.63-18.66C481.45,386.79,478.15,378.15,475.06,371.58Z\" class=\"header-svg\" transform=\"translate(-119.4 -131.15)\" style=\"fill:none;stroke:#1d1d1b;stroke-miterlimit:10\"><\/path><\/svg>\n\n\n\n<p><\/p>\n","protected":false},"excerpt":{"rendered":"","protected":false},"author":1,"featured_media":0,"parent":12312,"menu_order":0,"comment_status":"closed","ping_status":"closed","template":"content-page.php","meta":{"_acf_changed":false,"footnotes":""},"class_list":["post-12018","page","type-page","status-publish","hentry"],"acf":[],"yoast_head":"<!-- This site is optimized with the Yoast SEO Premium plugin v24.0 (Yoast SEO v24.0) - https:\/\/yoast.com\/wordpress\/plugins\/seo\/ -->\n<title>K\u00e4\u00e4rsoolev\u00e4hi ravi - Com.pl.i.t DX\u00ae Colon - Genekor<\/title>\n<meta name=\"description\" content=\"Com.pl.i.t DX\u00ae k\u00e4\u00e4rsoole kasvaja molekulaarse profileerimise anal\u00fc\u00fcsi uuring k\u00e4\u00e4rsoolev\u00e4hi isikup\u00e4rastatud raviks\" \/>\n<meta name=\"robots\" content=\"index, follow, max-snippet:-1, max-image-preview:large, max-video-preview:-1\" \/>\n<link rel=\"canonical\" href=\"https:\/\/genekor.com\/et\/teenused\/com-pi-it-dx-test\/com-pl-i-t-dx-colon\/\" \/>\n<meta property=\"og:locale\" content=\"et_EE\" \/>\n<meta property=\"og:type\" content=\"article\" \/>\n<meta property=\"og:title\" content=\"Com.pl.i.t DX\u00ae Colon\" \/>\n<meta property=\"og:description\" content=\"Com.pl.i.t DX\u00ae k\u00e4\u00e4rsoole kasvaja molekulaarse profileerimise anal\u00fc\u00fcsi uuring k\u00e4\u00e4rsoolev\u00e4hi isikup\u00e4rastatud raviks\" \/>\n<meta property=\"og:url\" content=\"https:\/\/genekor.com\/et\/teenused\/com-pi-it-dx-test\/com-pl-i-t-dx-colon\/\" \/>\n<meta property=\"og:site_name\" content=\"Genekor\" \/>\n<meta property=\"article:publisher\" content=\"https:\/\/www.facebook.com\/genekorbiotechnology\/\" \/>\n<meta property=\"article:modified_time\" content=\"2026-01-20T14:11:26+00:00\" \/>\n<meta name=\"twitter:card\" content=\"summary_large_image\" \/>\n<meta name=\"twitter:label1\" content=\"Est. reading time\" \/>\n\t<meta name=\"twitter:data1\" content=\"3 minutit\" \/>\n<script type=\"application\/ld+json\" class=\"yoast-schema-graph\">{\"@context\":\"https:\/\/schema.org\",\"@graph\":[{\"@type\":\"WebPage\",\"@id\":\"https:\/\/genekor.com\/et\/teenused\/com-pi-it-dx-test\/com-pl-i-t-dx-colon\/\",\"url\":\"https:\/\/genekor.com\/et\/teenused\/com-pi-it-dx-test\/com-pl-i-t-dx-colon\/\",\"name\":\"K\u00e4\u00e4rsoolev\u00e4hi ravi - Com.pl.i.t DX\u00ae Colon - Genekor\",\"isPartOf\":{\"@id\":\"https:\/\/genekor.com\/et\/#website\"},\"datePublished\":\"2021-10-08T18:53:22+00:00\",\"dateModified\":\"2026-01-20T14:11:26+00:00\",\"description\":\"Com.pl.i.t DX\u00ae k\u00e4\u00e4rsoole kasvaja molekulaarse profileerimise anal\u00fc\u00fcsi uuring k\u00e4\u00e4rsoolev\u00e4hi isikup\u00e4rastatud raviks\",\"breadcrumb\":{\"@id\":\"https:\/\/genekor.com\/et\/teenused\/com-pi-it-dx-test\/com-pl-i-t-dx-colon\/#breadcrumb\"},\"inLanguage\":\"et\",\"potentialAction\":[{\"@type\":\"ReadAction\",\"target\":[\"https:\/\/genekor.com\/et\/teenused\/com-pi-it-dx-test\/com-pl-i-t-dx-colon\/\"]}]},{\"@type\":\"BreadcrumbList\",\"@id\":\"https:\/\/genekor.com\/et\/teenused\/com-pi-it-dx-test\/com-pl-i-t-dx-colon\/#breadcrumb\",\"itemListElement\":[{\"@type\":\"ListItem\",\"position\":1,\"name\":\"Home\",\"item\":\"https:\/\/genekor.com\/et\/\"},{\"@type\":\"ListItem\",\"position\":2,\"name\":\"Teenused\",\"item\":\"https:\/\/genekor.com\/et\/teenused\/\"},{\"@type\":\"ListItem\",\"position\":3,\"name\":\"Com.PI.it DX\u00ae Test\",\"item\":\"https:\/\/genekor.com\/et\/teenused\/com-pi-it-dx-test\/\"},{\"@type\":\"ListItem\",\"position\":4,\"name\":\"Com.pl.i.t DX\u00ae Colon\"}]},{\"@type\":\"WebSite\",\"@id\":\"https:\/\/genekor.com\/et\/#website\",\"url\":\"https:\/\/genekor.com\/et\/\",\"name\":\"Genekor\",\"description\":\"\u039c\u03bf\u03c1\u03b9\u03b1\u03ba\u03ae \u0393\u03b5\u03bd\u03b5\u03c4\u03b9\u03ba\u03ae\",\"publisher\":{\"@id\":\"https:\/\/genekor.com\/et\/#organization\"},\"potentialAction\":[{\"@type\":\"SearchAction\",\"target\":{\"@type\":\"EntryPoint\",\"urlTemplate\":\"https:\/\/genekor.com\/et\/?s={search_term_string}\"},\"query-input\":{\"@type\":\"PropertyValueSpecification\",\"valueRequired\":true,\"valueName\":\"search_term_string\"}}],\"inLanguage\":\"et\"},{\"@type\":\"Organization\",\"@id\":\"https:\/\/genekor.com\/et\/#organization\",\"name\":\"Genekor\",\"url\":\"https:\/\/genekor.com\/et\/\",\"logo\":{\"@type\":\"ImageObject\",\"inLanguage\":\"et\",\"@id\":\"https:\/\/genekor.com\/et\/#\/schema\/logo\/image\/\",\"url\":\"https:\/\/genekor.com\/wp-content\/uploads\/2021\/09\/logo-black.svg\",\"contentUrl\":\"https:\/\/genekor.com\/wp-content\/uploads\/2021\/09\/logo-black.svg\",\"width\":1,\"height\":1,\"caption\":\"Genekor\"},\"image\":{\"@id\":\"https:\/\/genekor.com\/et\/#\/schema\/logo\/image\/\"},\"sameAs\":[\"https:\/\/www.facebook.com\/genekorbiotechnology\/\",\"https:\/\/gr.linkedin.com\/company\/genekor-sa\",\"https:\/\/www.youtube.com\/channel\/UCKC7sMFecVBY-OZAlRBHNzA\"]}]}<\/script>\n<!-- \/ Yoast SEO Premium plugin. -->","yoast_head_json":{"title":"K\u00e4\u00e4rsoolev\u00e4hi ravi - Com.pl.i.t DX\u00ae Colon - Genekor","description":"Com.pl.i.t DX\u00ae k\u00e4\u00e4rsoole kasvaja molekulaarse profileerimise anal\u00fc\u00fcsi uuring k\u00e4\u00e4rsoolev\u00e4hi isikup\u00e4rastatud raviks","robots":{"index":"index","follow":"follow","max-snippet":"max-snippet:-1","max-image-preview":"max-image-preview:large","max-video-preview":"max-video-preview:-1"},"canonical":"https:\/\/genekor.com\/et\/teenused\/com-pi-it-dx-test\/com-pl-i-t-dx-colon\/","og_locale":"et_EE","og_type":"article","og_title":"Com.pl.i.t DX\u00ae Colon","og_description":"Com.pl.i.t DX\u00ae k\u00e4\u00e4rsoole kasvaja molekulaarse profileerimise anal\u00fc\u00fcsi uuring k\u00e4\u00e4rsoolev\u00e4hi isikup\u00e4rastatud raviks","og_url":"https:\/\/genekor.com\/et\/teenused\/com-pi-it-dx-test\/com-pl-i-t-dx-colon\/","og_site_name":"Genekor","article_publisher":"https:\/\/www.facebook.com\/genekorbiotechnology\/","article_modified_time":"2026-01-20T14:11:26+00:00","twitter_card":"summary_large_image","twitter_misc":{"Est. reading time":"3 minutit"},"schema":{"@context":"https:\/\/schema.org","@graph":[{"@type":"WebPage","@id":"https:\/\/genekor.com\/et\/teenused\/com-pi-it-dx-test\/com-pl-i-t-dx-colon\/","url":"https:\/\/genekor.com\/et\/teenused\/com-pi-it-dx-test\/com-pl-i-t-dx-colon\/","name":"K\u00e4\u00e4rsoolev\u00e4hi ravi - Com.pl.i.t DX\u00ae Colon - Genekor","isPartOf":{"@id":"https:\/\/genekor.com\/et\/#website"},"datePublished":"2021-10-08T18:53:22+00:00","dateModified":"2026-01-20T14:11:26+00:00","description":"Com.pl.i.t DX\u00ae k\u00e4\u00e4rsoole kasvaja molekulaarse profileerimise anal\u00fc\u00fcsi uuring k\u00e4\u00e4rsoolev\u00e4hi isikup\u00e4rastatud raviks","breadcrumb":{"@id":"https:\/\/genekor.com\/et\/teenused\/com-pi-it-dx-test\/com-pl-i-t-dx-colon\/#breadcrumb"},"inLanguage":"et","potentialAction":[{"@type":"ReadAction","target":["https:\/\/genekor.com\/et\/teenused\/com-pi-it-dx-test\/com-pl-i-t-dx-colon\/"]}]},{"@type":"BreadcrumbList","@id":"https:\/\/genekor.com\/et\/teenused\/com-pi-it-dx-test\/com-pl-i-t-dx-colon\/#breadcrumb","itemListElement":[{"@type":"ListItem","position":1,"name":"Home","item":"https:\/\/genekor.com\/et\/"},{"@type":"ListItem","position":2,"name":"Teenused","item":"https:\/\/genekor.com\/et\/teenused\/"},{"@type":"ListItem","position":3,"name":"Com.PI.it DX\u00ae Test","item":"https:\/\/genekor.com\/et\/teenused\/com-pi-it-dx-test\/"},{"@type":"ListItem","position":4,"name":"Com.pl.i.t DX\u00ae Colon"}]},{"@type":"WebSite","@id":"https:\/\/genekor.com\/et\/#website","url":"https:\/\/genekor.com\/et\/","name":"Genekor","description":"\u039c\u03bf\u03c1\u03b9\u03b1\u03ba\u03ae \u0393\u03b5\u03bd\u03b5\u03c4\u03b9\u03ba\u03ae","publisher":{"@id":"https:\/\/genekor.com\/et\/#organization"},"potentialAction":[{"@type":"SearchAction","target":{"@type":"EntryPoint","urlTemplate":"https:\/\/genekor.com\/et\/?s={search_term_string}"},"query-input":{"@type":"PropertyValueSpecification","valueRequired":true,"valueName":"search_term_string"}}],"inLanguage":"et"},{"@type":"Organization","@id":"https:\/\/genekor.com\/et\/#organization","name":"Genekor","url":"https:\/\/genekor.com\/et\/","logo":{"@type":"ImageObject","inLanguage":"et","@id":"https:\/\/genekor.com\/et\/#\/schema\/logo\/image\/","url":"https:\/\/genekor.com\/wp-content\/uploads\/2021\/09\/logo-black.svg","contentUrl":"https:\/\/genekor.com\/wp-content\/uploads\/2021\/09\/logo-black.svg","width":1,"height":1,"caption":"Genekor"},"image":{"@id":"https:\/\/genekor.com\/et\/#\/schema\/logo\/image\/"},"sameAs":["https:\/\/www.facebook.com\/genekorbiotechnology\/","https:\/\/gr.linkedin.com\/company\/genekor-sa","https:\/\/www.youtube.com\/channel\/UCKC7sMFecVBY-OZAlRBHNzA"]}]}},"_links":{"self":[{"href":"https:\/\/genekor.com\/et\/wp-json\/wp\/v2\/pages\/12018","targetHints":{"allow":["GET"]}}],"collection":[{"href":"https:\/\/genekor.com\/et\/wp-json\/wp\/v2\/pages"}],"about":[{"href":"https:\/\/genekor.com\/et\/wp-json\/wp\/v2\/types\/page"}],"author":[{"embeddable":true,"href":"https:\/\/genekor.com\/et\/wp-json\/wp\/v2\/users\/1"}],"replies":[{"embeddable":true,"href":"https:\/\/genekor.com\/et\/wp-json\/wp\/v2\/comments?post=12018"}],"version-history":[{"count":10,"href":"https:\/\/genekor.com\/et\/wp-json\/wp\/v2\/pages\/12018\/revisions"}],"predecessor-version":[{"id":19344,"href":"https:\/\/genekor.com\/et\/wp-json\/wp\/v2\/pages\/12018\/revisions\/19344"}],"up":[{"embeddable":true,"href":"https:\/\/genekor.com\/et\/wp-json\/wp\/v2\/pages\/12312"}],"wp:attachment":[{"href":"https:\/\/genekor.com\/et\/wp-json\/wp\/v2\/media?parent=12018"}],"curies":[{"name":"wp","href":"https:\/\/api.w.org\/{rel}","templated":true}]}}