{"id":11004,"date":"2024-01-09T13:21:32","date_gmt":"2024-01-09T13:21:32","guid":{"rendered":"https:\/\/genekor.com\/gliogene\/"},"modified":"2026-01-22T14:12:47","modified_gmt":"2026-01-22T14:12:47","slug":"gliogene","status":"publish","type":"page","link":"https:\/\/genekor.com\/cs\/testy\/gliogene\/","title":{"rendered":"Gliogene\u00ae"},"content":{"rendered":"\n<?xml version=\"1.0\" encoding=\"utf-8\"???????>\n<!-- Generator: Adobe Illustrator 26.4.1, SVG Export Plug-In . SVG Version: 6.00 Build 0) -->\n<svg version=\"1.1\" id=\"Layer_3\" xmlns=\"http:\/\/www.w3.org\/2000\/svg\" x=\"0px\" y=\"0px\" viewbox=\"0 0 800 800\" style=\"enable-background:new 0 0 800 800;\" space=\"preserve\" xmlns:xlink=\"http:\/\/www.w3.org\/1999\/xlink\">\n<path style=\"fill:none;stroke:#000000;stroke-width:3;stroke-miterlimit:10;\" d=\"M502.11,668.04L502.11,668.04 c11.84-13.29,13.72-31.55,9.44-48.32c-4.72-18.5-16.21-33.44-30.19-46.02c-15.36-13.82-32.95-24.97-47.88-39.29 c-13.6-13.04-25.57-30.75-27.17-50.01c-1.64-19.81,9.54-36.42,26.41-45.94c19.09-10.77,42.15-11.41,63.52-11.03 c20.16,0.36,41.23,2.72,59.11,12.73c15.26,8.54,26.63,23.23,29.5,40.69c2.71,16.49-4.66,32.56-19.76,40.14 c-14.54,7.3-32.49,5.87-47.6,1.26c-18.62-5.68-34.47-17.87-50.53-28.43c-17.38-11.43-35.45-21.08-56.39-23.62 c-43.56-5.28-84.73,15.67-127.85,17.2c-18.26,0.65-37.3-1.8-53.13-11.51c-16.06-9.86-26.06-26.38-29.64-44.66 c-3.81-19.44-0.02-39.49,8.48-57.2c4.45-9.26,10.04-17.99,16.4-26.05c6.08-7.71,12.74-15.38,20.51-21.42 c7.08-5.5,15.84-10.54,24.99-11.09c8.7-0.52,16.94,3.98,19.96,12.41c2.8,7.83,1.18,17.1-4.44,23.3c-6.03,6.63-15.15,9.67-23.97,9.27 c-17.42-0.77-30.73-15.49-35.26-31.44c-5.02-17.68,1.27-36.03,13.02-49.61c13.51-15.61,33.03-25.1,53.33-27.97 c21.46-3.03,42.9,2.29,62.33,11.27c39.18,18.1,71.49,48.98,112.99,62.41c18.49,5.98,40.24,8.85,58.78,1.53 c14.54-5.74,29.5-18.36,28.29-35.52c-1.11-15.78-14.5-25.66-28.84-29.28c-17.11-4.33-34.75-0.6-50.61,6.41 c-17.88,7.9-33.32,20.85-44.3,37.01c-11.86,17.45-18.43,37.81-24.85,57.72c-11.18,34.63-26.03,78.35-66.17,87.52 c-16.13,3.69-34.67,0.57-45.48-12.91c-10.97-13.67-10.36-33.78-3.17-49.02c8.2-17.36,25.01-28.63,42.68-34.83 c19.1-6.7,39.83-8.56,59.97-7.77c41.8,1.64,82.04,16.4,118.31,36.58c18.47,10.28,36.11,22.04,53,34.74 c16.68,12.54,32.07,27.19,50.22,37.66c16.59,9.57,36.38,14.82,54.7,6.81c15.68-6.85,26.53-21.85,31.55-37.84 c5.94-18.93,2.91-39.27-4.21-57.44c-3.96-10.1-9.05-19.71-14.74-28.93c-5.36-8.69-11.1-17.24-17.78-24.98 c-12.89-14.95-31.5-27.04-52.06-24.73c-17.1,1.92-32,15.59-32.31,33.44c-0.29,16.22,13.46,26.87,28.7,27.68 c16.95,0.9,31.21-9.41,38.21-24.46c7.95-17.08,7.54-37.05,3.44-55.09c-4.27-18.82-13.25-36.52-25.75-51.21 c-25.88-30.44-67.48-45.71-106.93-39.75c-17.3,2.61-36.56,10.83-43.67,28.07c-5.75,13.96-2.53,33.26,12.41,39.99 c14.71,6.63,31.75-3,39.19-16.03c9.9-17.34,2.04-38.65-9.1-53.29c-21.98-28.89-58.75-44.84-94.52-46.03 c-17.77-0.59-35.71,2.47-52.12,9.37c-16.45,6.92-33.46,18.34-39.03,36.24c-4.49,14.43,1.45,33.34,16.13,39.38 c16.68,6.86,34.96-7.11,37.65-23.76c3.16-19.62-10.24-37.22-26.81-46.02c-16.8-8.93-37.02-11.95-55.88-11.4 c-36.66,1.05-73.02,16.76-98.19,43.58c-12.47,13.28-26.72,33.52-19.63,52.71c3,8.12,9.4,15.14,17.68,18.01 c7.11,2.46,15.37,0.87,20.72-4.52c9.6-9.67,7.94-26.89-0.14-36.9C211.7,193.06,188.84,195,173,201.08 c-31.69,12.17-55.01,41.26-64.39,73.36c-4.67,15.99-5.91,32.93-3.26,49.38c2.79,17.29,10.14,37.83,26.59,46.51 c8.16,4.3,18.09,5.42,26.59,1.45c6.84-3.2,11.45-9.92,13.03-17.2c3.58-16.59-6.79-32.09-23.29-35.64 c-18.21-3.91-35.47,5.75-44.83,21.21c-9.28,15.34-11.16,34.37-6.56,51.54c8.45,31.57,37.46,57.43,70.61,58.75\" class=\"header-svg\"><\/path>\n<\/svg>\n\n\n\n<p><\/p>\n","protected":false},"excerpt":{"rendered":"","protected":false},"author":5,"featured_media":0,"parent":11287,"menu_order":0,"comment_status":"closed","ping_status":"closed","template":"content-page.php","meta":{"_acf_changed":false,"footnotes":""},"class_list":["post-11004","page","type-page","status-publish","hentry"],"acf":[],"yoast_head":"<!-- This site is optimized with the Yoast SEO Premium plugin v24.0 (Yoast SEO v24.0) - https:\/\/yoast.com\/wordpress\/plugins\/seo\/ -->\n<title>Gliomy mozgu \u2013 genetick\u00e9 vy\u0161etrenie GlioGene\u00ae | Genekor<\/title>\n<meta name=\"description\" content=\"Vy\u0161etrenie testom GlioGene\u00ae sa odpor\u00fa\u010da u v\u0161etk\u00fdch pacientov s gliomami, bez oh\u013eadu na vek, histologick\u00fd typ \u010di stupe\u0148 n\u00e1doru.\" \/>\n<meta name=\"robots\" content=\"index, follow, max-snippet:-1, max-image-preview:large, max-video-preview:-1\" \/>\n<link rel=\"canonical\" href=\"https:\/\/genekor.com\/cs\/testy\/gliogene\/\" \/>\n<meta property=\"og:locale\" content=\"cs_CZ\" \/>\n<meta property=\"og:type\" content=\"article\" \/>\n<meta property=\"og:title\" content=\"Gliogene\u00ae\" \/>\n<meta property=\"og:description\" content=\"Vy\u0161etrenie testom GlioGene\u00ae sa odpor\u00fa\u010da u v\u0161etk\u00fdch pacientov s gliomami, bez oh\u013eadu na vek, histologick\u00fd typ \u010di stupe\u0148 n\u00e1doru.\" \/>\n<meta property=\"og:url\" content=\"https:\/\/genekor.com\/cs\/testy\/gliogene\/\" \/>\n<meta property=\"og:site_name\" content=\"Genekor\" \/>\n<meta property=\"article:publisher\" content=\"https:\/\/www.facebook.com\/genekorbiotechnology\/\" \/>\n<meta property=\"article:modified_time\" content=\"2026-01-22T14:12:47+00:00\" \/>\n<meta name=\"twitter:card\" content=\"summary_large_image\" \/>\n<meta name=\"twitter:label1\" content=\"Odhadovan\u00e1 doba \u010dten\u00ed\" \/>\n\t<meta name=\"twitter:data1\" content=\"3 minuty\" \/>\n<script type=\"application\/ld+json\" class=\"yoast-schema-graph\">{\"@context\":\"https:\/\/schema.org\",\"@graph\":[{\"@type\":\"WebPage\",\"@id\":\"https:\/\/genekor.com\/cs\/testy\/gliogene\/\",\"url\":\"https:\/\/genekor.com\/cs\/testy\/gliogene\/\",\"name\":\"Gliomy mozgu \u2013 genetick\u00e9 vy\u0161etrenie GlioGene\u00ae | Genekor\",\"isPartOf\":{\"@id\":\"https:\/\/genekor.com\/cs\/#website\"},\"datePublished\":\"2024-01-09T13:21:32+00:00\",\"dateModified\":\"2026-01-22T14:12:47+00:00\",\"description\":\"Vy\u0161etrenie testom GlioGene\u00ae sa odpor\u00fa\u010da u v\u0161etk\u00fdch pacientov s gliomami, bez oh\u013eadu na vek, histologick\u00fd typ \u010di stupe\u0148 n\u00e1doru.\",\"breadcrumb\":{\"@id\":\"https:\/\/genekor.com\/cs\/testy\/gliogene\/#breadcrumb\"},\"inLanguage\":\"cs\",\"potentialAction\":[{\"@type\":\"ReadAction\",\"target\":[\"https:\/\/genekor.com\/cs\/testy\/gliogene\/\"]}]},{\"@type\":\"BreadcrumbList\",\"@id\":\"https:\/\/genekor.com\/cs\/testy\/gliogene\/#breadcrumb\",\"itemListElement\":[{\"@type\":\"ListItem\",\"position\":1,\"name\":\"Home\",\"item\":\"https:\/\/genekor.com\/cs\/\"},{\"@type\":\"ListItem\",\"position\":2,\"name\":\"Testy\",\"item\":\"https:\/\/genekor.com\/cs\/testy\/\"},{\"@type\":\"ListItem\",\"position\":3,\"name\":\"Gliogene\u00ae\"}]},{\"@type\":\"WebSite\",\"@id\":\"https:\/\/genekor.com\/cs\/#website\",\"url\":\"https:\/\/genekor.com\/cs\/\",\"name\":\"Genekor\",\"description\":\"\u039c\u03bf\u03c1\u03b9\u03b1\u03ba\u03ae \u0393\u03b5\u03bd\u03b5\u03c4\u03b9\u03ba\u03ae\",\"publisher\":{\"@id\":\"https:\/\/genekor.com\/cs\/#organization\"},\"potentialAction\":[{\"@type\":\"SearchAction\",\"target\":{\"@type\":\"EntryPoint\",\"urlTemplate\":\"https:\/\/genekor.com\/cs\/?s={search_term_string}\"},\"query-input\":{\"@type\":\"PropertyValueSpecification\",\"valueRequired\":true,\"valueName\":\"search_term_string\"}}],\"inLanguage\":\"cs\"},{\"@type\":\"Organization\",\"@id\":\"https:\/\/genekor.com\/cs\/#organization\",\"name\":\"Genekor\",\"url\":\"https:\/\/genekor.com\/cs\/\",\"logo\":{\"@type\":\"ImageObject\",\"inLanguage\":\"cs\",\"@id\":\"https:\/\/genekor.com\/cs\/#\/schema\/logo\/image\/\",\"url\":\"https:\/\/genekor.com\/wp-content\/uploads\/2021\/09\/logo-black.svg\",\"contentUrl\":\"https:\/\/genekor.com\/wp-content\/uploads\/2021\/09\/logo-black.svg\",\"width\":1,\"height\":1,\"caption\":\"Genekor\"},\"image\":{\"@id\":\"https:\/\/genekor.com\/cs\/#\/schema\/logo\/image\/\"},\"sameAs\":[\"https:\/\/www.facebook.com\/genekorbiotechnology\/\",\"https:\/\/gr.linkedin.com\/company\/genekor-sa\",\"https:\/\/www.youtube.com\/channel\/UCKC7sMFecVBY-OZAlRBHNzA\"]}]}<\/script>\n<!-- \/ Yoast SEO Premium plugin. -->","yoast_head_json":{"title":"Gliomy mozgu \u2013 genetick\u00e9 vy\u0161etrenie GlioGene\u00ae | Genekor","description":"Vy\u0161etrenie testom GlioGene\u00ae sa odpor\u00fa\u010da u v\u0161etk\u00fdch pacientov s gliomami, bez oh\u013eadu na vek, histologick\u00fd typ \u010di stupe\u0148 n\u00e1doru.","robots":{"index":"index","follow":"follow","max-snippet":"max-snippet:-1","max-image-preview":"max-image-preview:large","max-video-preview":"max-video-preview:-1"},"canonical":"https:\/\/genekor.com\/cs\/testy\/gliogene\/","og_locale":"cs_CZ","og_type":"article","og_title":"Gliogene\u00ae","og_description":"Vy\u0161etrenie testom GlioGene\u00ae sa odpor\u00fa\u010da u v\u0161etk\u00fdch pacientov s gliomami, bez oh\u013eadu na vek, histologick\u00fd typ \u010di stupe\u0148 n\u00e1doru.","og_url":"https:\/\/genekor.com\/cs\/testy\/gliogene\/","og_site_name":"Genekor","article_publisher":"https:\/\/www.facebook.com\/genekorbiotechnology\/","article_modified_time":"2026-01-22T14:12:47+00:00","twitter_card":"summary_large_image","twitter_misc":{"Odhadovan\u00e1 doba \u010dten\u00ed":"3 minuty"},"schema":{"@context":"https:\/\/schema.org","@graph":[{"@type":"WebPage","@id":"https:\/\/genekor.com\/cs\/testy\/gliogene\/","url":"https:\/\/genekor.com\/cs\/testy\/gliogene\/","name":"Gliomy mozgu \u2013 genetick\u00e9 vy\u0161etrenie GlioGene\u00ae | Genekor","isPartOf":{"@id":"https:\/\/genekor.com\/cs\/#website"},"datePublished":"2024-01-09T13:21:32+00:00","dateModified":"2026-01-22T14:12:47+00:00","description":"Vy\u0161etrenie testom GlioGene\u00ae sa odpor\u00fa\u010da u v\u0161etk\u00fdch pacientov s gliomami, bez oh\u013eadu na vek, histologick\u00fd typ \u010di stupe\u0148 n\u00e1doru.","breadcrumb":{"@id":"https:\/\/genekor.com\/cs\/testy\/gliogene\/#breadcrumb"},"inLanguage":"cs","potentialAction":[{"@type":"ReadAction","target":["https:\/\/genekor.com\/cs\/testy\/gliogene\/"]}]},{"@type":"BreadcrumbList","@id":"https:\/\/genekor.com\/cs\/testy\/gliogene\/#breadcrumb","itemListElement":[{"@type":"ListItem","position":1,"name":"Home","item":"https:\/\/genekor.com\/cs\/"},{"@type":"ListItem","position":2,"name":"Testy","item":"https:\/\/genekor.com\/cs\/testy\/"},{"@type":"ListItem","position":3,"name":"Gliogene\u00ae"}]},{"@type":"WebSite","@id":"https:\/\/genekor.com\/cs\/#website","url":"https:\/\/genekor.com\/cs\/","name":"Genekor","description":"\u039c\u03bf\u03c1\u03b9\u03b1\u03ba\u03ae \u0393\u03b5\u03bd\u03b5\u03c4\u03b9\u03ba\u03ae","publisher":{"@id":"https:\/\/genekor.com\/cs\/#organization"},"potentialAction":[{"@type":"SearchAction","target":{"@type":"EntryPoint","urlTemplate":"https:\/\/genekor.com\/cs\/?s={search_term_string}"},"query-input":{"@type":"PropertyValueSpecification","valueRequired":true,"valueName":"search_term_string"}}],"inLanguage":"cs"},{"@type":"Organization","@id":"https:\/\/genekor.com\/cs\/#organization","name":"Genekor","url":"https:\/\/genekor.com\/cs\/","logo":{"@type":"ImageObject","inLanguage":"cs","@id":"https:\/\/genekor.com\/cs\/#\/schema\/logo\/image\/","url":"https:\/\/genekor.com\/wp-content\/uploads\/2021\/09\/logo-black.svg","contentUrl":"https:\/\/genekor.com\/wp-content\/uploads\/2021\/09\/logo-black.svg","width":1,"height":1,"caption":"Genekor"},"image":{"@id":"https:\/\/genekor.com\/cs\/#\/schema\/logo\/image\/"},"sameAs":["https:\/\/www.facebook.com\/genekorbiotechnology\/","https:\/\/gr.linkedin.com\/company\/genekor-sa","https:\/\/www.youtube.com\/channel\/UCKC7sMFecVBY-OZAlRBHNzA"]}]}},"_links":{"self":[{"href":"https:\/\/genekor.com\/cs\/wp-json\/wp\/v2\/pages\/11004","targetHints":{"allow":["GET"]}}],"collection":[{"href":"https:\/\/genekor.com\/cs\/wp-json\/wp\/v2\/pages"}],"about":[{"href":"https:\/\/genekor.com\/cs\/wp-json\/wp\/v2\/types\/page"}],"author":[{"embeddable":true,"href":"https:\/\/genekor.com\/cs\/wp-json\/wp\/v2\/users\/5"}],"replies":[{"embeddable":true,"href":"https:\/\/genekor.com\/cs\/wp-json\/wp\/v2\/comments?post=11004"}],"version-history":[{"count":7,"href":"https:\/\/genekor.com\/cs\/wp-json\/wp\/v2\/pages\/11004\/revisions"}],"predecessor-version":[{"id":19413,"href":"https:\/\/genekor.com\/cs\/wp-json\/wp\/v2\/pages\/11004\/revisions\/19413"}],"up":[{"embeddable":true,"href":"https:\/\/genekor.com\/cs\/wp-json\/wp\/v2\/pages\/11287"}],"wp:attachment":[{"href":"https:\/\/genekor.com\/cs\/wp-json\/wp\/v2\/media?parent=11004"}],"curies":[{"name":"wp","href":"https:\/\/api.w.org\/{rel}","templated":true}]}}