{"id":10867,"date":"2021-11-10T10:27:34","date_gmt":"2021-11-10T10:27:34","guid":{"rendered":"https:\/\/genekor.com\/pd-l1\/"},"modified":"2025-10-27T11:07:27","modified_gmt":"2025-10-27T11:07:27","slug":"pd-l1","status":"publish","type":"page","link":"https:\/\/genekor.com\/cs\/testy\/pd-l1\/","title":{"rendered":"PD-L1"},"content":{"rendered":"\n<svg xmlns=\"http:\/\/www.w3.org\/2000\/svg\" id=\"Layer_3\" data-name=\"Layer 1\" viewbox=\"0 0 240.29 126.81\"><path d=\"M331.47,350.56c6.68-.67,30.78-3.93,41.7-23.78a40.69,40.69,0,0,0,3.14-7.34\" class=\"header-svg\" transform=\"translate(-179.86 -236.59)\" style=\"fill:none;stroke:#1d1d1b;stroke-linecap:round;stroke-linejoin:round;stroke-width:0.5px\"><\/path><path d=\"M326.93,343.16s-2.5,12.89-3.38,13.71\" class=\"header-svg\" transform=\"translate(-179.86 -236.59)\" style=\"fill:none;stroke:#1d1d1b;stroke-linecap:round;stroke-linejoin:round;stroke-width:0.5px\"><\/path><path d=\"M308.89,363.16l7.36-2.16a20.78,20.78,0,0,0,3.42-1.22,8.1,8.1,0,0,0,2.17-1.58c.59-.58,1.08-1.37,2-1.33a7.84,7.84,0,0,1,3.07,1.3q3.92,2.19,7.63,4.76\" class=\"header-svg\" transform=\"translate(-179.86 -236.59)\" style=\"fill:none;stroke:#1d1d1b;stroke-linecap:round;stroke-linejoin:round;stroke-width:0.5px\"><\/path><path d=\"M300.11,336.39c-.4-4.11.62-8.55,3-13.28\" class=\"header-svg\" transform=\"translate(-179.86 -236.59)\" style=\"fill:none;stroke:#1d1d1b;stroke-linecap:round;stroke-linejoin:round;stroke-width:0.5px\"><\/path><path d=\"M289.65,319.38c.34,0,.53.4.84.5a1.27,1.27,0,0,0,.64,0,2.65,2.65,0,0,1,1.7.43,4.67,4.67,0,0,0,1.55.44,13.89,13.89,0,0,1,3.58.52l3.83,1.53A2.1,2.1,0,0,0,303,323a4,4,0,0,0,2.13-1.28c.46-.52.72-1.22,1.2-1.71a6,6,0,0,1,1.69-1c1.17-.6,2.31-1.23,3.49-1.8a3.1,3.1,0,0,0,1.6-1.45,7.17,7.17,0,0,1,.43-1.15c.52-.79,1.55-.5,2.08-1.22\" class=\"header-svg\" transform=\"translate(-179.86 -236.59)\" style=\"fill:none;stroke:#1d1d1b;stroke-linecap:round;stroke-linejoin:round;stroke-width:0.5px\"><\/path><path d=\"M279.67,317.42a16.14,16.14,0,0,0,.32,3.8c.28,1.47.52,2.59,1.68,3.54s2.71,1.55,3.89,2.62a7.54,7.54,0,0,0,4.09,2.18\" class=\"header-svg\" transform=\"translate(-179.86 -236.59)\" style=\"fill:none;stroke:#1d1d1b;stroke-linecap:round;stroke-linejoin:round;stroke-width:0.5px\"><\/path><path d=\"M263.64,313.12l16,4.3c1.12-4.89,3.29-8.43,14.4-5.63\" class=\"header-svg\" transform=\"translate(-179.86 -236.59)\" style=\"fill:none;stroke:#1d1d1b;stroke-linecap:round;stroke-linejoin:round;stroke-width:0.5px\"><\/path><path d=\"M247.61,265.73a58.66,58.66,0,0,1,8.67-12.38c11.44-12.84,27.79-19.45,44.07-15.24,4.4,1.14,8.44,3.52,12.94,4.23,8.55,1.35,17,3.53,24.26,9a31.79,31.79,0,0,1,11.92,17.62\" class=\"header-svg\" transform=\"translate(-179.86 -236.59)\" style=\"fill:none;stroke:#1d1d1b;stroke-linecap:round;stroke-linejoin:round;stroke-width:0.5px\"><\/path><path d=\"M328.11,302c-.28-3.34,1.79-5.71,3.42-8.38,2.54-4.18,4.66-8.74,6.9-13.1,1.3-2.54,2.93-5.17,3.71-7.92.59-2.1-.49-3.4-1.42-5.18-.47-.91-.83-2.18.07-3a3.8,3.8,0,0,1,1.44-.67,28.06,28.06,0,0,1,5.66-1c1.41-.11,2.64-.14,3.17-1.58s-.12-3-.74-4.36a3.58,3.58,0,0,1-.35-2.89,3.3,3.3,0,0,1,1.65-1.47c4.42-2.17,10.56-1.54,15.32-1.32a86.66,86.66,0,0,0,10.81-.21c3.08-.25,6.4-1.2,9.46-.79a12.39,12.39,0,0,1,5.3,2.22,15.72,15.72,0,0,1,3,2.6,2.88,2.88,0,0,0,.8.72c.83.4,1.79-.15,2.64-.15A10.24,10.24,0,0,1,402,256c5.49,1.74,2.68,7.56,4.54,11.45,1.13,2.36,3.21,4.26,4.63,6.45,1.57,2.42,3.3,4.9,4.09,7.71,1.23,4.33,1.5,8.88,2.35,13.29a10.51,10.51,0,0,0,1.88,4.91,1,1,0,0,1,.36.73.89.89,0,0,1-.43.58,14.2,14.2,0,0,1-5.23,1.91,4,4,0,0,0-2.31,1c-1.27,1.44-.12,3.5.23,5.07.94,4.18,1.23,4.36-5.49,4.52-1,0-2,.94-2.68,2.28a15.37,15.37,0,0,1-3,4.5c-1.74,1.71-13.47,6.61-16.48,9.14a18.93,18.93,0,0,0-2,2.5A3,3,0,0,1,379.2,333a10.42,10.42,0,0,1-3-1.78,12.28,12.28,0,0,0-2.78-1.46,28.91,28.91,0,0,0-6-1.42,5.65,5.65,0,0,1-3.06-1,18.41,18.41,0,0,1-2.07-2.66,35.59,35.59,0,0,0-3-3.39c-2.06-2-4.6-3.56-7.59-3.4-5,.26-9.33,1.42-12-2s-3.29-8.56-6.53-9.75S328.3,304.34,328.11,302Z\" class=\"header-svg\" transform=\"translate(-179.86 -236.59)\" style=\"fill:none;stroke:#1d1d1b;stroke-linecap:round;stroke-linejoin:round;stroke-width:0.5px\"><\/path><path d=\"M323.61,303c-.27-3.65,1.8-6.24,3.42-9.16,2.53-4.59,4.66-9.58,6.89-14.35,1.3-2.78,2.93-5.65,3.7-8.66.6-2.3-.48-3.72-1.41-5.68-.47-1-.83-2.38.07-3.23a3.8,3.8,0,0,1,1.44-.74,25.5,25.5,0,0,1,5.65-1.13c1.41-.12,2.64-.16,3.17-1.74s-.12-3.28-.74-4.76a4.22,4.22,0,0,1-.35-3.17,3.4,3.4,0,0,1,1.65-1.61c4.42-2.37,10.54-1.69,15.3-1.44a79.35,79.35,0,0,0,10.79-.24c3.08-.26,6.39-1.31,9.45-.86a11.88,11.88,0,0,1,5.3,2.43,16.66,16.66,0,0,1,3,2.85,3,3,0,0,0,.8.79c.83.43,1.78-.16,2.63-.17a9.65,9.65,0,0,1,3.11.46c5.49,1.9,2.68,8.28,4.54,12.53,1.12,2.58,3.2,4.67,4.62,7.06,1.57,2.65,3.29,5.36,4.09,8.44,1.22,4.74,1.49,9.72,2.34,14.55a12.19,12.19,0,0,0,1.87,5.37,1.19,1.19,0,0,1,.37.8,1,1,0,0,1-.44.63,13.27,13.27,0,0,1-5.21,2.09,3.91,3.91,0,0,0-2.31,1.07c-1.27,1.58-.12,3.83.23,5.55.93,4.57,1.23,4.77-5.48,4.94-1,0-1.95,1-2.68,2.5a17,17,0,0,1-3,4.92c-1.73,1.87-13.45,7.24-16.46,10a21.48,21.48,0,0,0-2.05,2.74,2.8,2.8,0,0,1-3.2,1.18,10.51,10.51,0,0,1-2.95-1.95,12.08,12.08,0,0,0-2.78-1.6,27.43,27.43,0,0,0-6-1.56,5.29,5.29,0,0,1-3.05-1.13,21,21,0,0,1-2.07-2.92,41.23,41.23,0,0,0-3-3.71c-2.06-2.2-4.6-3.89-7.58-3.72-5,.29-9.32,1.56-11.94-2.16s-3.29-9.37-6.52-10.67S323.8,305.54,323.61,303Z\" class=\"header-svg\" transform=\"translate(-179.86 -236.59)\" style=\"fill:none;stroke:#1d1d1b;stroke-linecap:round;stroke-linejoin:round;stroke-width:0.5px\"><\/path><path d=\"M352.2,267.86a3.66,3.66,0,0,1-.34,2.41,4.7,4.7,0,0,1-1,1.18,2.73,2.73,0,0,1-1.58.78,2.08,2.08,0,0,1-1.52-.69,3.51,3.51,0,0,1-.88-3.44,4.11,4.11,0,0,1,.67-1.34,5.24,5.24,0,0,1,.8-.83,1.89,1.89,0,0,1,1.77-.4,3.21,3.21,0,0,1,.91.49A2.54,2.54,0,0,1,352.2,267.86Z\" class=\"header-svg\" transform=\"translate(-179.86 -236.59)\" style=\"fill:none;stroke:#1d1d1b;stroke-linecap:round;stroke-linejoin:round;stroke-width:0.5px\"><\/path><path d=\"M266.9,311.82a4.38,4.38,0,0,1-.4,2.89,5.9,5.9,0,0,1-1.26,1.42,3.25,3.25,0,0,1-1.89.94,2.52,2.52,0,0,1-1.83-.83,4.22,4.22,0,0,1-1.06-4.14,4.57,4.57,0,0,1,.81-1.6,5.68,5.68,0,0,1,1-1,2.28,2.28,0,0,1,2.12-.49,4.48,4.48,0,0,1,1.1.59A3,3,0,0,1,266.9,311.82Z\" class=\"header-svg\" transform=\"translate(-179.86 -236.59)\" style=\"fill:none;stroke:#1d1d1b;stroke-linecap:round;stroke-linejoin:round;stroke-width:0.5px\"><\/path><path d=\"M380.35,318.67a5.4,5.4,0,0,1-.49,3.58,7.24,7.24,0,0,1-1.55,1.76,4.1,4.1,0,0,1-2.35,1.16,3.1,3.1,0,0,1-2.26-1,5.2,5.2,0,0,1-1.31-5.12,5.7,5.7,0,0,1,1-2,7.31,7.31,0,0,1,1.18-1.24,2.87,2.87,0,0,1,2.63-.6,5.47,5.47,0,0,1,1.37.73A3.75,3.75,0,0,1,380.35,318.67Z\" class=\"header-svg\" transform=\"translate(-179.86 -236.59)\" style=\"fill:none;stroke:#1d1d1b;stroke-linecap:round;stroke-linejoin:round;stroke-width:0.5px\"><\/path><path d=\"M254.15,262.77a8.81,8.81,0,0,1-.8,5.8,12,12,0,0,1-2.52,2.85,6.61,6.61,0,0,1-3.8,1.88,5.1,5.1,0,0,1-3.67-1.67,8.43,8.43,0,0,1-2.12-8.3,9.42,9.42,0,0,1,1.61-3.21,12.67,12.67,0,0,1,1.93-2,4.58,4.58,0,0,1,4.26-1,8.59,8.59,0,0,1,2.21,1.19A6,6,0,0,1,254.15,262.77Z\" class=\"header-svg\" transform=\"translate(-179.86 -236.59)\" style=\"fill:none;stroke:#1d1d1b;stroke-linecap:round;stroke-linejoin:round;stroke-width:0.5px\"><\/path><path d=\"M268.37,288.45c1.72,11.85,1.46,24.44-4.86,35.12-4,6.67-9.44,12.23-15.24,17.22-6.71,5.77-14.46,11.06-23,11.44S209.05,348,203.06,342.1a51.11,51.11,0,0,1-12.88-50.24A57,57,0,0,1,200,272.4a74.12,74.12,0,0,1,11.64-12.16c7.4-6,17-8.7,25.81-5.88,4.83,1.55,9.19,4.29,13.38,7.19C260.7,268.37,266.55,276,268.37,288.45Z\" class=\"header-svg\" transform=\"translate(-179.86 -236.59)\" style=\"fill:none;stroke:#1d1d1b;stroke-linecap:round;stroke-linejoin:round;stroke-width:0.5px\"><\/path><path d=\"M271.25,315.79c-5.61,12.43-13.43,24.13-25.45,29.64-7.52,3.45-15.73,4.75-23.87,5.27-9.41.61-19.47,0-27.25-5.8s-11.85-15.65-13.59-25.58c-3.73-21.3,3.26-43.13,18.84-56.71a55.4,55.4,0,0,1,20.41-11.3A70.42,70.42,0,0,1,238,248.24c10.15-.3,20.29,4,26.4,13.07,3.35,4.94,5.55,10.68,7.52,16.43C276.55,291.31,277.17,302.69,271.25,315.79Z\" class=\"header-svg\" transform=\"translate(-179.86 -236.59)\" style=\"fill:none;stroke:#1d1d1b;stroke-linecap:round;stroke-linejoin:round;stroke-width:0.5px\"><\/path><\/svg>\n","protected":false},"excerpt":{"rendered":"","protected":false},"author":1,"featured_media":0,"parent":11287,"menu_order":0,"comment_status":"closed","ping_status":"closed","template":"content-page.php","meta":{"_acf_changed":false,"footnotes":""},"class_list":["post-10867","page","type-page","status-publish","hentry"],"acf":[],"yoast_head":"<!-- This site is optimized with the Yoast SEO Premium plugin v24.0 (Yoast SEO v24.0) - https:\/\/yoast.com\/wordpress\/plugins\/seo\/ -->\n<title>Screening rakoviny plic<\/title>\n<meta name=\"description\" content=\"Odpov\u011b\u010f na imunoterapii\" \/>\n<meta name=\"robots\" content=\"index, follow, max-snippet:-1, max-image-preview:large, max-video-preview:-1\" \/>\n<link rel=\"canonical\" href=\"https:\/\/genekor.com\/cs\/testy\/pd-l1\/\" \/>\n<meta property=\"og:locale\" content=\"cs_CZ\" \/>\n<meta property=\"og:type\" content=\"article\" \/>\n<meta property=\"og:title\" content=\"PD-L1\" \/>\n<meta property=\"og:description\" content=\"Odpov\u011b\u010f na imunoterapii\" \/>\n<meta property=\"og:url\" content=\"https:\/\/genekor.com\/cs\/testy\/pd-l1\/\" \/>\n<meta property=\"og:site_name\" content=\"Genekor\" \/>\n<meta property=\"article:publisher\" content=\"https:\/\/www.facebook.com\/genekorbiotechnology\/\" \/>\n<meta property=\"article:modified_time\" content=\"2025-10-27T11:07:27+00:00\" \/>\n<meta name=\"twitter:card\" content=\"summary_large_image\" \/>\n<meta name=\"twitter:label1\" content=\"Odhadovan\u00e1 doba \u010dten\u00ed\" \/>\n\t<meta name=\"twitter:data1\" content=\"2 minuty\" \/>\n<script type=\"application\/ld+json\" class=\"yoast-schema-graph\">{\"@context\":\"https:\/\/schema.org\",\"@graph\":[{\"@type\":\"WebPage\",\"@id\":\"https:\/\/genekor.com\/cs\/testy\/pd-l1\/\",\"url\":\"https:\/\/genekor.com\/cs\/testy\/pd-l1\/\",\"name\":\"Screening rakoviny plic\",\"isPartOf\":{\"@id\":\"https:\/\/genekor.com\/cs\/#website\"},\"datePublished\":\"2021-11-10T10:27:34+00:00\",\"dateModified\":\"2025-10-27T11:07:27+00:00\",\"description\":\"Odpov\u011b\u010f na imunoterapii\",\"breadcrumb\":{\"@id\":\"https:\/\/genekor.com\/cs\/testy\/pd-l1\/#breadcrumb\"},\"inLanguage\":\"cs\",\"potentialAction\":[{\"@type\":\"ReadAction\",\"target\":[\"https:\/\/genekor.com\/cs\/testy\/pd-l1\/\"]}]},{\"@type\":\"BreadcrumbList\",\"@id\":\"https:\/\/genekor.com\/cs\/testy\/pd-l1\/#breadcrumb\",\"itemListElement\":[{\"@type\":\"ListItem\",\"position\":1,\"name\":\"Home\",\"item\":\"https:\/\/genekor.com\/cs\/\"},{\"@type\":\"ListItem\",\"position\":2,\"name\":\"Testy\",\"item\":\"https:\/\/genekor.com\/cs\/testy\/\"},{\"@type\":\"ListItem\",\"position\":3,\"name\":\"PD-L1\"}]},{\"@type\":\"WebSite\",\"@id\":\"https:\/\/genekor.com\/cs\/#website\",\"url\":\"https:\/\/genekor.com\/cs\/\",\"name\":\"Genekor\",\"description\":\"\u039c\u03bf\u03c1\u03b9\u03b1\u03ba\u03ae \u0393\u03b5\u03bd\u03b5\u03c4\u03b9\u03ba\u03ae\",\"publisher\":{\"@id\":\"https:\/\/genekor.com\/cs\/#organization\"},\"potentialAction\":[{\"@type\":\"SearchAction\",\"target\":{\"@type\":\"EntryPoint\",\"urlTemplate\":\"https:\/\/genekor.com\/cs\/?s={search_term_string}\"},\"query-input\":{\"@type\":\"PropertyValueSpecification\",\"valueRequired\":true,\"valueName\":\"search_term_string\"}}],\"inLanguage\":\"cs\"},{\"@type\":\"Organization\",\"@id\":\"https:\/\/genekor.com\/cs\/#organization\",\"name\":\"Genekor\",\"url\":\"https:\/\/genekor.com\/cs\/\",\"logo\":{\"@type\":\"ImageObject\",\"inLanguage\":\"cs\",\"@id\":\"https:\/\/genekor.com\/cs\/#\/schema\/logo\/image\/\",\"url\":\"https:\/\/genekor.com\/wp-content\/uploads\/2021\/09\/logo-black.svg\",\"contentUrl\":\"https:\/\/genekor.com\/wp-content\/uploads\/2021\/09\/logo-black.svg\",\"width\":1,\"height\":1,\"caption\":\"Genekor\"},\"image\":{\"@id\":\"https:\/\/genekor.com\/cs\/#\/schema\/logo\/image\/\"},\"sameAs\":[\"https:\/\/www.facebook.com\/genekorbiotechnology\/\",\"https:\/\/gr.linkedin.com\/company\/genekor-sa\",\"https:\/\/www.youtube.com\/channel\/UCKC7sMFecVBY-OZAlRBHNzA\"]}]}<\/script>\n<!-- \/ Yoast SEO Premium plugin. -->","yoast_head_json":{"title":"Screening rakoviny plic","description":"Odpov\u011b\u010f na imunoterapii","robots":{"index":"index","follow":"follow","max-snippet":"max-snippet:-1","max-image-preview":"max-image-preview:large","max-video-preview":"max-video-preview:-1"},"canonical":"https:\/\/genekor.com\/cs\/testy\/pd-l1\/","og_locale":"cs_CZ","og_type":"article","og_title":"PD-L1","og_description":"Odpov\u011b\u010f na imunoterapii","og_url":"https:\/\/genekor.com\/cs\/testy\/pd-l1\/","og_site_name":"Genekor","article_publisher":"https:\/\/www.facebook.com\/genekorbiotechnology\/","article_modified_time":"2025-10-27T11:07:27+00:00","twitter_card":"summary_large_image","twitter_misc":{"Odhadovan\u00e1 doba \u010dten\u00ed":"2 minuty"},"schema":{"@context":"https:\/\/schema.org","@graph":[{"@type":"WebPage","@id":"https:\/\/genekor.com\/cs\/testy\/pd-l1\/","url":"https:\/\/genekor.com\/cs\/testy\/pd-l1\/","name":"Screening rakoviny plic","isPartOf":{"@id":"https:\/\/genekor.com\/cs\/#website"},"datePublished":"2021-11-10T10:27:34+00:00","dateModified":"2025-10-27T11:07:27+00:00","description":"Odpov\u011b\u010f na imunoterapii","breadcrumb":{"@id":"https:\/\/genekor.com\/cs\/testy\/pd-l1\/#breadcrumb"},"inLanguage":"cs","potentialAction":[{"@type":"ReadAction","target":["https:\/\/genekor.com\/cs\/testy\/pd-l1\/"]}]},{"@type":"BreadcrumbList","@id":"https:\/\/genekor.com\/cs\/testy\/pd-l1\/#breadcrumb","itemListElement":[{"@type":"ListItem","position":1,"name":"Home","item":"https:\/\/genekor.com\/cs\/"},{"@type":"ListItem","position":2,"name":"Testy","item":"https:\/\/genekor.com\/cs\/testy\/"},{"@type":"ListItem","position":3,"name":"PD-L1"}]},{"@type":"WebSite","@id":"https:\/\/genekor.com\/cs\/#website","url":"https:\/\/genekor.com\/cs\/","name":"Genekor","description":"\u039c\u03bf\u03c1\u03b9\u03b1\u03ba\u03ae \u0393\u03b5\u03bd\u03b5\u03c4\u03b9\u03ba\u03ae","publisher":{"@id":"https:\/\/genekor.com\/cs\/#organization"},"potentialAction":[{"@type":"SearchAction","target":{"@type":"EntryPoint","urlTemplate":"https:\/\/genekor.com\/cs\/?s={search_term_string}"},"query-input":{"@type":"PropertyValueSpecification","valueRequired":true,"valueName":"search_term_string"}}],"inLanguage":"cs"},{"@type":"Organization","@id":"https:\/\/genekor.com\/cs\/#organization","name":"Genekor","url":"https:\/\/genekor.com\/cs\/","logo":{"@type":"ImageObject","inLanguage":"cs","@id":"https:\/\/genekor.com\/cs\/#\/schema\/logo\/image\/","url":"https:\/\/genekor.com\/wp-content\/uploads\/2021\/09\/logo-black.svg","contentUrl":"https:\/\/genekor.com\/wp-content\/uploads\/2021\/09\/logo-black.svg","width":1,"height":1,"caption":"Genekor"},"image":{"@id":"https:\/\/genekor.com\/cs\/#\/schema\/logo\/image\/"},"sameAs":["https:\/\/www.facebook.com\/genekorbiotechnology\/","https:\/\/gr.linkedin.com\/company\/genekor-sa","https:\/\/www.youtube.com\/channel\/UCKC7sMFecVBY-OZAlRBHNzA"]}]}},"_links":{"self":[{"href":"https:\/\/genekor.com\/cs\/wp-json\/wp\/v2\/pages\/10867","targetHints":{"allow":["GET"]}}],"collection":[{"href":"https:\/\/genekor.com\/cs\/wp-json\/wp\/v2\/pages"}],"about":[{"href":"https:\/\/genekor.com\/cs\/wp-json\/wp\/v2\/types\/page"}],"author":[{"embeddable":true,"href":"https:\/\/genekor.com\/cs\/wp-json\/wp\/v2\/users\/1"}],"replies":[{"embeddable":true,"href":"https:\/\/genekor.com\/cs\/wp-json\/wp\/v2\/comments?post=10867"}],"version-history":[{"count":6,"href":"https:\/\/genekor.com\/cs\/wp-json\/wp\/v2\/pages\/10867\/revisions"}],"predecessor-version":[{"id":17901,"href":"https:\/\/genekor.com\/cs\/wp-json\/wp\/v2\/pages\/10867\/revisions\/17901"}],"up":[{"embeddable":true,"href":"https:\/\/genekor.com\/cs\/wp-json\/wp\/v2\/pages\/11287"}],"wp:attachment":[{"href":"https:\/\/genekor.com\/cs\/wp-json\/wp\/v2\/media?parent=10867"}],"curies":[{"name":"wp","href":"https:\/\/api.w.org\/{rel}","templated":true}]}}