{"id":10640,"date":"2021-09-12T14:57:17","date_gmt":"2021-09-12T14:57:17","guid":{"rendered":"https:\/\/genekor.com\/brca-germline\/"},"modified":"2025-10-27T10:59:54","modified_gmt":"2025-10-27T10:59:54","slug":"brca-germline","status":"publish","type":"page","link":"https:\/\/genekor.com\/cs\/brca-test\/brca-germline\/","title":{"rendered":"BRCA Germline"},"content":{"rendered":"\n<svg xmlns=\"http:\/\/www.w3.org\/2000\/svg\" id=\"Layer_3\" data-name=\"Layer 1\" viewbox=\"0 0 294.27 409.43\"><path d=\"M203,292.77c-7.93,10.57-19.63,19.72-30.68,22.32l-.9.2c-2.36.54-4.8,1.1-6.72,2.67-2.12,1.73-3.42,4.63-3.65,8.17-.61,9,4.5,17,9.44,24.79,1.48,2.32,2.88,4.51,4.11,6.71l4.24,7.63c11.59,20.95,23.59,42.61,41.65,59.09A90.71,90.71,0,0,0,282.05,448a97.79,97.79,0,0,0,20-2.11c0,1-.27,3.21-.6,6-1.11,9.27-3,24.79-.49,33.28.71,2.43,2.49,6.72,6.46,8.22a15,15,0,0,0,4.67.72l8.06.33c10.14.38,20.63.78,31,2.5,5.22.87,10.5,2,15.6,3,5.68,1.16,11.55,2.36,17.38,3.28a93.56,93.56,0,0,0,14.58,1c6.12,0,12.3-.44,18.27-1,5-.45,10.13-1.1,15.11-1.93.68-.11,1.44-.21,2.24-.3,3.4-.42,7.63-.94,9.75-3.6,1.52-1.91,1.63-4.59,1.72-6.54,3.09-74,.25-149.4-2.5-222.33-2-51.59-4-104.93-3.83-157.11,0-4.82-.46-9.65-3.94-12.27-2.14-1.62-4.89-1.94-7.76-2.15a457.6,457.6,0,0,0-70.15.23c-2.84.22-5.56.57-7.59,2.31-1.78,1.52-2.63,3.87-3.32,5.76-1.12,3.09-2.27,6.32-3.42,9.55-1.08,3-2.15,7-3.2,9.91\" class=\"header-svg\" transform=\"translate(-153.36 -95.28)\" style=\"fill:none;stroke:#1d1d1b;stroke-miterlimit:10\"><\/path><path d=\"M183.76,310.72c3.65,10.79,2,24.49-4.25,33.53a20.32,20.32,0,0,1-7.59,7c-.18-.29-.36-.58-.55-.87\" class=\"header-svg\" transform=\"translate(-153.36 -95.28)\" style=\"fill:none;stroke:#1d1d1b;stroke-miterlimit:10\"><\/path><path d=\"M174.72,271.44a95.27,95.27,0,0,1-16.88-26.91c-8.12-19.13-1.3-57.45-1.23-57.83v0c1.72-14.83,4.82-26,9.77-35.21,12-22.23,35.65-35.05,57.26-44.66,6.79-3,14.72-6.38,23-8.14a71.58,71.58,0,0,1,14.95-1.52,99.59,99.59,0,0,1,30.62,5.24c14.74,4.78,28.67,12.17,42.14,19.32,3.55,1.88,7.22,3.83,10.12,6.7,3.18,3.14,5.29,7.3,7.19,11.3A269.83,269.83,0,0,1,368,183.85c2.26,8.28,4.55,18.11,4.4,28.17-.28,18-8.62,36.88-23.48,53.27-13.11,14.45-29.64,25.65-46.85,36.79-6.05,3.92-12.9,8.36-20.59,10-8.69,1.87-17.73.08-27-2.09C224.94,303.09,194.84,293.63,174.72,271.44Z\" class=\"header-svg\" transform=\"translate(-153.36 -95.28)\" style=\"fill:none;stroke:#1d1d1b;stroke-miterlimit:10\"><\/path><path d=\"M182.64,178c.63-11.33,2.49-20.5,9.46-28.43,6.2-7.05,14.73-11.46,23-15.72l.27-.15c7.88-4.07,16-8.27,24.5-11.2A63.23,63.23,0,0,1,260.61,119c14.16,0,29.12,4.71,45.81,14.28a84.3,84.3,0,0,1,14.48,9.92c7.87,7,13.29,16.27,18.54,25.21,2.2,3.74,4.47,7.61,5.48,11.89a42.18,42.18,0,0,1,.75,9.9,100.31,100.31,0,0,1-.92,11.82c-.36,2.82-.84,5.69-1.3,8.46-.32,1.94-.65,3.87-.93,5.81a70.06,70.06,0,0,1-3.34,14.63c-1.78,4.7-4.57,8.93-7.27,13-.84,1.27-1.68,2.54-2.5,3.83l-5.68,9c-6.52,10.32-13.23,19.86-23.56,23.16-7.72,2.47-15.81.93-23.63-.56-3.07-.58-6.25-1.19-9.35-1.53a122.12,122.12,0,0,0-15.63-.44c-2,0-4,.05-6,0-18.87-.09-35.79-8.25-45.24-21.84-5.93-8.51-8.67-18.63-11.32-28.43-2.42-8.94-4.93-18.19-6-27.54A125.87,125.87,0,0,1,182.64,178Z\" class=\"header-svg\" transform=\"translate(-153.36 -95.28)\" style=\"fill:none;stroke:#1d1d1b;stroke-miterlimit:10\"><\/path><path d=\"M297.74,222.09c-1.29,6.49,2.68,13.55,9,16.09a10.77,10.77,0,0,0,4,.83,8.3,8.3,0,0,0,.87,0c5.16-.58,8.28-6.33,8.69-11.71.31-4,1.12-14.67-7.71-15.48C305,211.07,299.13,215.11,297.74,222.09Z\" class=\"header-svg\" transform=\"translate(-153.36 -95.28)\" style=\"fill:none;stroke:#1d1d1b;stroke-miterlimit:10\"><\/path><path d=\"M280.65,201.86c11.31-.23,21.42-10.34,21.62-21.65s-9.51-21.79-20.8-22.44l-1.15-.19c-9.85.24-18.33,4-23.37,10.22-5.91,7.35-6.13,18-.48,24.37,2.74,3.07,6.58,4.94,10,6.36,3.73,1.56,8.65,3.33,13.77,3.33Z\" class=\"header-svg\" transform=\"translate(-153.36 -95.28)\" style=\"fill:none;stroke:#1d1d1b;stroke-miterlimit:10\"><\/path><path d=\"M207.67,158.4c-.48,4.06.74,8.59,3.52,13.11,1.91,3.12,3.88,5,6.17,6.05a10.41,10.41,0,0,0,4.25.85,22.11,22.11,0,0,0,8.81-2.32c2.68-1.23,5.59-2.86,6.79-5.74a13.38,13.38,0,0,0,.72-5.07c0-2.75.06-5.86-1-8.68-2.27-6.38-10.1-10.4-17.47-8.94l-3.44.46C211.69,149.15,208.26,153.38,207.67,158.4Z\" class=\"header-svg\" transform=\"translate(-153.36 -95.28)\" style=\"fill:none;stroke:#1d1d1b;stroke-miterlimit:10\"><\/path><path d=\"M225.78,216.15a13.25,13.25,0,0,0,7.34,2.13,13.82,13.82,0,0,0,3.07-.34,11.36,11.36,0,0,0,7.45-5.14c2.38-4,2-8.88,1.46-13.56a12.89,12.89,0,0,0-1.66-5.75c-3.52-5.32-12.48-4.06-17.29-3.38-3.48.49-5.94,3.42-6.93,8.27C217.8,205.31,220.5,212.62,225.78,216.15Z\" class=\"header-svg\" transform=\"translate(-153.36 -95.28)\" style=\"fill:none;stroke:#1d1d1b;stroke-miterlimit:10\"><\/path><path d=\"M239.57,229c-1.92,4.51-2.35,10-1.28,16.46a23.23,23.23,0,0,0,1.78,6.23c3.81,8,13.64,10.82,21.89,10.82h.85c7.27-.17,12.71-2.12,16.16-5.8,4-4.27,4.6-10.16,4.39-14.34-.49-9.78-3.33-16.18-8.69-19.57a41,41,0,0,0-8.22-3.65l-1-.37a36,36,0,0,0-6.68-1.92C250.51,215.59,242.52,222,239.57,229Z\" class=\"header-svg\" transform=\"translate(-153.36 -95.28)\" style=\"fill:none;stroke:#1d1d1b;stroke-miterlimit:10\"><\/path><path d=\"M214.83,231.52a4.65,4.65,0,0,0-.49,2.33,9,9,0,0,0,3.3,6.73,10.43,10.43,0,0,0,6.7,2.55,8.92,8.92,0,0,0,1.16-.08,4,4,0,0,0,3.06-1.73,4,4,0,0,0,.19-3.53c-.7-2-2.7-3.6-4.3-4.87l-.73-.59c-1.72-1.39-3.85-3.12-6.33-2.62a3.81,3.81,0,0,0-2.54,1.78Z\" class=\"header-svg\" transform=\"translate(-153.36 -95.28)\" style=\"fill:none;stroke:#1d1d1b;stroke-miterlimit:10\"><\/path><\/svg>\n\n<p><\/p>\n","protected":false},"excerpt":{"rendered":"","protected":false},"author":1,"featured_media":0,"parent":10803,"menu_order":0,"comment_status":"closed","ping_status":"closed","template":"content-page.php","meta":{"_acf_changed":false,"footnotes":""},"class_list":["post-10640","page","type-page","status-publish","hentry"],"acf":[],"yoast_head":"<!-- This site is optimized with the Yoast SEO Premium plugin v24.0 (Yoast SEO v24.0) - https:\/\/yoast.com\/wordpress\/plugins\/seo\/ -->\n<title>BRCA Germline - Genekor<\/title>\n<meta name=\"description\" content=\"Test BRCA Germline odhaluje mutace v genech, kter\u00e9 se p\u0159ed\u00e1vaj\u00ed z generace na generaci a pod\u00edlej\u00ed se na d\u011bdi\u010dn\u00e9 predispozici k rakovin\u011b.\" \/>\n<meta name=\"robots\" content=\"index, follow, max-snippet:-1, max-image-preview:large, max-video-preview:-1\" \/>\n<link rel=\"canonical\" href=\"https:\/\/genekor.com\/cs\/brca-test\/brca-germline\/\" \/>\n<meta property=\"og:locale\" content=\"cs_CZ\" \/>\n<meta property=\"og:type\" content=\"article\" \/>\n<meta property=\"og:title\" content=\"BRCA Germline\" \/>\n<meta property=\"og:description\" content=\"Test BRCA Germline odhaluje mutace v genech, kter\u00e9 se p\u0159ed\u00e1vaj\u00ed z generace na generaci a pod\u00edlej\u00ed se na d\u011bdi\u010dn\u00e9 predispozici k rakovin\u011b.\" \/>\n<meta property=\"og:url\" content=\"https:\/\/genekor.com\/cs\/brca-test\/brca-germline\/\" \/>\n<meta property=\"og:site_name\" content=\"Genekor\" \/>\n<meta property=\"article:publisher\" content=\"https:\/\/www.facebook.com\/genekorbiotechnology\/\" \/>\n<meta property=\"article:modified_time\" content=\"2025-10-27T10:59:54+00:00\" \/>\n<meta name=\"twitter:card\" content=\"summary_large_image\" \/>\n<meta name=\"twitter:label1\" content=\"Odhadovan\u00e1 doba \u010dten\u00ed\" \/>\n\t<meta name=\"twitter:data1\" content=\"3 minuty\" \/>\n<script type=\"application\/ld+json\" class=\"yoast-schema-graph\">{\"@context\":\"https:\/\/schema.org\",\"@graph\":[{\"@type\":\"WebPage\",\"@id\":\"https:\/\/genekor.com\/cs\/brca-test\/brca-germline\/\",\"url\":\"https:\/\/genekor.com\/cs\/brca-test\/brca-germline\/\",\"name\":\"BRCA Germline - Genekor\",\"isPartOf\":{\"@id\":\"https:\/\/genekor.com\/cs\/#website\"},\"datePublished\":\"2021-09-12T14:57:17+00:00\",\"dateModified\":\"2025-10-27T10:59:54+00:00\",\"description\":\"Test BRCA Germline odhaluje mutace v genech, kter\u00e9 se p\u0159ed\u00e1vaj\u00ed z generace na generaci a pod\u00edlej\u00ed se na d\u011bdi\u010dn\u00e9 predispozici k rakovin\u011b.\",\"breadcrumb\":{\"@id\":\"https:\/\/genekor.com\/cs\/brca-test\/brca-germline\/#breadcrumb\"},\"inLanguage\":\"cs\",\"potentialAction\":[{\"@type\":\"ReadAction\",\"target\":[\"https:\/\/genekor.com\/cs\/brca-test\/brca-germline\/\"]}]},{\"@type\":\"BreadcrumbList\",\"@id\":\"https:\/\/genekor.com\/cs\/brca-test\/brca-germline\/#breadcrumb\",\"itemListElement\":[{\"@type\":\"ListItem\",\"position\":1,\"name\":\"Home\",\"item\":\"https:\/\/genekor.com\/cs\/\"},{\"@type\":\"ListItem\",\"position\":2,\"name\":\"BRCA Test\",\"item\":\"https:\/\/genekor.com\/cs\/brca-test\/\"},{\"@type\":\"ListItem\",\"position\":3,\"name\":\"BRCA Germline\"}]},{\"@type\":\"WebSite\",\"@id\":\"https:\/\/genekor.com\/cs\/#website\",\"url\":\"https:\/\/genekor.com\/cs\/\",\"name\":\"Genekor\",\"description\":\"\u039c\u03bf\u03c1\u03b9\u03b1\u03ba\u03ae \u0393\u03b5\u03bd\u03b5\u03c4\u03b9\u03ba\u03ae\",\"publisher\":{\"@id\":\"https:\/\/genekor.com\/cs\/#organization\"},\"potentialAction\":[{\"@type\":\"SearchAction\",\"target\":{\"@type\":\"EntryPoint\",\"urlTemplate\":\"https:\/\/genekor.com\/cs\/?s={search_term_string}\"},\"query-input\":{\"@type\":\"PropertyValueSpecification\",\"valueRequired\":true,\"valueName\":\"search_term_string\"}}],\"inLanguage\":\"cs\"},{\"@type\":\"Organization\",\"@id\":\"https:\/\/genekor.com\/cs\/#organization\",\"name\":\"Genekor\",\"url\":\"https:\/\/genekor.com\/cs\/\",\"logo\":{\"@type\":\"ImageObject\",\"inLanguage\":\"cs\",\"@id\":\"https:\/\/genekor.com\/cs\/#\/schema\/logo\/image\/\",\"url\":\"https:\/\/genekor.com\/wp-content\/uploads\/2021\/09\/logo-black.svg\",\"contentUrl\":\"https:\/\/genekor.com\/wp-content\/uploads\/2021\/09\/logo-black.svg\",\"width\":1,\"height\":1,\"caption\":\"Genekor\"},\"image\":{\"@id\":\"https:\/\/genekor.com\/cs\/#\/schema\/logo\/image\/\"},\"sameAs\":[\"https:\/\/www.facebook.com\/genekorbiotechnology\/\",\"https:\/\/gr.linkedin.com\/company\/genekor-sa\",\"https:\/\/www.youtube.com\/channel\/UCKC7sMFecVBY-OZAlRBHNzA\"]}]}<\/script>\n<!-- \/ Yoast SEO Premium plugin. -->","yoast_head_json":{"title":"BRCA Germline - Genekor","description":"Test BRCA Germline odhaluje mutace v genech, kter\u00e9 se p\u0159ed\u00e1vaj\u00ed z generace na generaci a pod\u00edlej\u00ed se na d\u011bdi\u010dn\u00e9 predispozici k rakovin\u011b.","robots":{"index":"index","follow":"follow","max-snippet":"max-snippet:-1","max-image-preview":"max-image-preview:large","max-video-preview":"max-video-preview:-1"},"canonical":"https:\/\/genekor.com\/cs\/brca-test\/brca-germline\/","og_locale":"cs_CZ","og_type":"article","og_title":"BRCA Germline","og_description":"Test BRCA Germline odhaluje mutace v genech, kter\u00e9 se p\u0159ed\u00e1vaj\u00ed z generace na generaci a pod\u00edlej\u00ed se na d\u011bdi\u010dn\u00e9 predispozici k rakovin\u011b.","og_url":"https:\/\/genekor.com\/cs\/brca-test\/brca-germline\/","og_site_name":"Genekor","article_publisher":"https:\/\/www.facebook.com\/genekorbiotechnology\/","article_modified_time":"2025-10-27T10:59:54+00:00","twitter_card":"summary_large_image","twitter_misc":{"Odhadovan\u00e1 doba \u010dten\u00ed":"3 minuty"},"schema":{"@context":"https:\/\/schema.org","@graph":[{"@type":"WebPage","@id":"https:\/\/genekor.com\/cs\/brca-test\/brca-germline\/","url":"https:\/\/genekor.com\/cs\/brca-test\/brca-germline\/","name":"BRCA Germline - Genekor","isPartOf":{"@id":"https:\/\/genekor.com\/cs\/#website"},"datePublished":"2021-09-12T14:57:17+00:00","dateModified":"2025-10-27T10:59:54+00:00","description":"Test BRCA Germline odhaluje mutace v genech, kter\u00e9 se p\u0159ed\u00e1vaj\u00ed z generace na generaci a pod\u00edlej\u00ed se na d\u011bdi\u010dn\u00e9 predispozici k rakovin\u011b.","breadcrumb":{"@id":"https:\/\/genekor.com\/cs\/brca-test\/brca-germline\/#breadcrumb"},"inLanguage":"cs","potentialAction":[{"@type":"ReadAction","target":["https:\/\/genekor.com\/cs\/brca-test\/brca-germline\/"]}]},{"@type":"BreadcrumbList","@id":"https:\/\/genekor.com\/cs\/brca-test\/brca-germline\/#breadcrumb","itemListElement":[{"@type":"ListItem","position":1,"name":"Home","item":"https:\/\/genekor.com\/cs\/"},{"@type":"ListItem","position":2,"name":"BRCA Test","item":"https:\/\/genekor.com\/cs\/brca-test\/"},{"@type":"ListItem","position":3,"name":"BRCA Germline"}]},{"@type":"WebSite","@id":"https:\/\/genekor.com\/cs\/#website","url":"https:\/\/genekor.com\/cs\/","name":"Genekor","description":"\u039c\u03bf\u03c1\u03b9\u03b1\u03ba\u03ae \u0393\u03b5\u03bd\u03b5\u03c4\u03b9\u03ba\u03ae","publisher":{"@id":"https:\/\/genekor.com\/cs\/#organization"},"potentialAction":[{"@type":"SearchAction","target":{"@type":"EntryPoint","urlTemplate":"https:\/\/genekor.com\/cs\/?s={search_term_string}"},"query-input":{"@type":"PropertyValueSpecification","valueRequired":true,"valueName":"search_term_string"}}],"inLanguage":"cs"},{"@type":"Organization","@id":"https:\/\/genekor.com\/cs\/#organization","name":"Genekor","url":"https:\/\/genekor.com\/cs\/","logo":{"@type":"ImageObject","inLanguage":"cs","@id":"https:\/\/genekor.com\/cs\/#\/schema\/logo\/image\/","url":"https:\/\/genekor.com\/wp-content\/uploads\/2021\/09\/logo-black.svg","contentUrl":"https:\/\/genekor.com\/wp-content\/uploads\/2021\/09\/logo-black.svg","width":1,"height":1,"caption":"Genekor"},"image":{"@id":"https:\/\/genekor.com\/cs\/#\/schema\/logo\/image\/"},"sameAs":["https:\/\/www.facebook.com\/genekorbiotechnology\/","https:\/\/gr.linkedin.com\/company\/genekor-sa","https:\/\/www.youtube.com\/channel\/UCKC7sMFecVBY-OZAlRBHNzA"]}]}},"_links":{"self":[{"href":"https:\/\/genekor.com\/cs\/wp-json\/wp\/v2\/pages\/10640","targetHints":{"allow":["GET"]}}],"collection":[{"href":"https:\/\/genekor.com\/cs\/wp-json\/wp\/v2\/pages"}],"about":[{"href":"https:\/\/genekor.com\/cs\/wp-json\/wp\/v2\/types\/page"}],"author":[{"embeddable":true,"href":"https:\/\/genekor.com\/cs\/wp-json\/wp\/v2\/users\/1"}],"replies":[{"embeddable":true,"href":"https:\/\/genekor.com\/cs\/wp-json\/wp\/v2\/comments?post=10640"}],"version-history":[{"count":12,"href":"https:\/\/genekor.com\/cs\/wp-json\/wp\/v2\/pages\/10640\/revisions"}],"predecessor-version":[{"id":17896,"href":"https:\/\/genekor.com\/cs\/wp-json\/wp\/v2\/pages\/10640\/revisions\/17896"}],"up":[{"embeddable":true,"href":"https:\/\/genekor.com\/cs\/wp-json\/wp\/v2\/pages\/10803"}],"wp:attachment":[{"href":"https:\/\/genekor.com\/cs\/wp-json\/wp\/v2\/media?parent=10640"}],"curies":[{"name":"wp","href":"https:\/\/api.w.org\/{rel}","templated":true}]}}