{"id":10558,"date":"2021-08-05T12:19:29","date_gmt":"2021-08-05T12:19:29","guid":{"rendered":"https:\/\/genekor.com\/domov\/"},"modified":"2026-03-17T14:46:50","modified_gmt":"2026-03-17T14:46:50","slug":"domov","status":"publish","type":"page","link":"https:\/\/genekor.com\/cs\/","title":{"rendered":"Domov"},"content":{"rendered":"","protected":false},"excerpt":{"rendered":"","protected":false},"author":1,"featured_media":0,"parent":0,"menu_order":0,"comment_status":"closed","ping_status":"closed","template":"","meta":{"_acf_changed":false,"footnotes":""},"class_list":["post-10558","page","type-page","status-publish","hentry"],"acf":[],"yoast_head":"<!-- This site is optimized with the Yoast SEO Premium plugin v24.0 (Yoast SEO v24.0) - https:\/\/yoast.com\/wordpress\/plugins\/seo\/ -->\n<title>Precizn\u00ed medic\u00edna - Genekor Medical \u010cesk\u00e1 republika<\/title>\n<meta name=\"description\" content=\"Precizn\u00ed medic\u00edna je hlavn\u00ed specializac\u00ed Genekoru, kter\u00fd prov\u00e1d\u00ed genetick\u00e9 testy na rakovinu, kardiovaskul\u00e1rn\u00ed onemocn\u011bn\u00ed a dal\u0161\u00ed.\" \/>\n<meta name=\"robots\" content=\"index, follow, max-snippet:-1, max-image-preview:large, max-video-preview:-1\" \/>\n<link rel=\"canonical\" href=\"https:\/\/genekor.com\/cs\/\" \/>\n<meta property=\"og:locale\" content=\"cs_CZ\" \/>\n<meta property=\"og:type\" content=\"article\" \/>\n<meta property=\"og:title\" content=\"Domov\" \/>\n<meta property=\"og:description\" content=\"Precizn\u00ed medic\u00edna je hlavn\u00ed specializac\u00ed Genekoru, kter\u00fd prov\u00e1d\u00ed genetick\u00e9 testy na rakovinu, kardiovaskul\u00e1rn\u00ed onemocn\u011bn\u00ed a dal\u0161\u00ed.\" \/>\n<meta property=\"og:url\" content=\"https:\/\/genekor.com\/cs\/\" \/>\n<meta property=\"og:site_name\" content=\"Genekor\" \/>\n<meta property=\"article:publisher\" content=\"https:\/\/www.facebook.com\/genekorbiotechnology\/\" \/>\n<meta property=\"article:modified_time\" content=\"2026-03-17T14:46:50+00:00\" \/>\n<meta name=\"twitter:card\" content=\"summary_large_image\" \/>\n<meta name=\"twitter:label1\" content=\"Odhadovan\u00e1 doba \u010dten\u00ed\" \/>\n\t<meta name=\"twitter:data1\" content=\"3 minuty\" \/>\n<script type=\"application\/ld+json\" class=\"yoast-schema-graph\">{\"@context\":\"https:\/\/schema.org\",\"@graph\":[{\"@type\":\"WebPage\",\"@id\":\"https:\/\/genekor.com\/cs\/\",\"url\":\"https:\/\/genekor.com\/cs\/\",\"name\":\"Precizn\u00ed medic\u00edna - Genekor Medical \u010cesk\u00e1 republika\",\"isPartOf\":{\"@id\":\"https:\/\/genekor.com\/cs\/#website\"},\"datePublished\":\"2021-08-05T12:19:29+00:00\",\"dateModified\":\"2026-03-17T14:46:50+00:00\",\"description\":\"Precizn\u00ed medic\u00edna je hlavn\u00ed specializac\u00ed Genekoru, kter\u00fd prov\u00e1d\u00ed genetick\u00e9 testy na rakovinu, kardiovaskul\u00e1rn\u00ed onemocn\u011bn\u00ed a dal\u0161\u00ed.\",\"breadcrumb\":{\"@id\":\"https:\/\/genekor.com\/cs\/#breadcrumb\"},\"inLanguage\":\"cs\",\"potentialAction\":[{\"@type\":\"ReadAction\",\"target\":[\"https:\/\/genekor.com\/cs\/\"]}]},{\"@type\":\"BreadcrumbList\",\"@id\":\"https:\/\/genekor.com\/cs\/#breadcrumb\",\"itemListElement\":[{\"@type\":\"ListItem\",\"position\":1,\"name\":\"Home\",\"item\":\"https:\/\/genekor.com\/cs\/\"},{\"@type\":\"ListItem\",\"position\":2,\"name\":\"Domov\"}]},{\"@type\":\"WebSite\",\"@id\":\"https:\/\/genekor.com\/cs\/#website\",\"url\":\"https:\/\/genekor.com\/cs\/\",\"name\":\"Genekor\",\"description\":\"\u039c\u03bf\u03c1\u03b9\u03b1\u03ba\u03ae \u0393\u03b5\u03bd\u03b5\u03c4\u03b9\u03ba\u03ae\",\"publisher\":{\"@id\":\"https:\/\/genekor.com\/cs\/#organization\"},\"potentialAction\":[{\"@type\":\"SearchAction\",\"target\":{\"@type\":\"EntryPoint\",\"urlTemplate\":\"https:\/\/genekor.com\/cs\/?s={search_term_string}\"},\"query-input\":{\"@type\":\"PropertyValueSpecification\",\"valueRequired\":true,\"valueName\":\"search_term_string\"}}],\"inLanguage\":\"cs\"},{\"@type\":\"Organization\",\"@id\":\"https:\/\/genekor.com\/cs\/#organization\",\"name\":\"Genekor\",\"url\":\"https:\/\/genekor.com\/cs\/\",\"logo\":{\"@type\":\"ImageObject\",\"inLanguage\":\"cs\",\"@id\":\"https:\/\/genekor.com\/cs\/#\/schema\/logo\/image\/\",\"url\":\"https:\/\/genekor.com\/wp-content\/uploads\/2021\/09\/logo-black.svg\",\"contentUrl\":\"https:\/\/genekor.com\/wp-content\/uploads\/2021\/09\/logo-black.svg\",\"width\":1,\"height\":1,\"caption\":\"Genekor\"},\"image\":{\"@id\":\"https:\/\/genekor.com\/cs\/#\/schema\/logo\/image\/\"},\"sameAs\":[\"https:\/\/www.facebook.com\/genekorbiotechnology\/\",\"https:\/\/gr.linkedin.com\/company\/genekor-sa\",\"https:\/\/www.youtube.com\/channel\/UCKC7sMFecVBY-OZAlRBHNzA\"]}]}<\/script>\n<!-- \/ Yoast SEO Premium plugin. -->","yoast_head_json":{"title":"Precizn\u00ed medic\u00edna - Genekor Medical \u010cesk\u00e1 republika","description":"Precizn\u00ed medic\u00edna je hlavn\u00ed specializac\u00ed Genekoru, kter\u00fd prov\u00e1d\u00ed genetick\u00e9 testy na rakovinu, kardiovaskul\u00e1rn\u00ed onemocn\u011bn\u00ed a dal\u0161\u00ed.","robots":{"index":"index","follow":"follow","max-snippet":"max-snippet:-1","max-image-preview":"max-image-preview:large","max-video-preview":"max-video-preview:-1"},"canonical":"https:\/\/genekor.com\/cs\/","og_locale":"cs_CZ","og_type":"article","og_title":"Domov","og_description":"Precizn\u00ed medic\u00edna je hlavn\u00ed specializac\u00ed Genekoru, kter\u00fd prov\u00e1d\u00ed genetick\u00e9 testy na rakovinu, kardiovaskul\u00e1rn\u00ed onemocn\u011bn\u00ed a dal\u0161\u00ed.","og_url":"https:\/\/genekor.com\/cs\/","og_site_name":"Genekor","article_publisher":"https:\/\/www.facebook.com\/genekorbiotechnology\/","article_modified_time":"2026-03-17T14:46:50+00:00","twitter_card":"summary_large_image","twitter_misc":{"Odhadovan\u00e1 doba \u010dten\u00ed":"3 minuty"},"schema":{"@context":"https:\/\/schema.org","@graph":[{"@type":"WebPage","@id":"https:\/\/genekor.com\/cs\/","url":"https:\/\/genekor.com\/cs\/","name":"Precizn\u00ed medic\u00edna - Genekor Medical \u010cesk\u00e1 republika","isPartOf":{"@id":"https:\/\/genekor.com\/cs\/#website"},"datePublished":"2021-08-05T12:19:29+00:00","dateModified":"2026-03-17T14:46:50+00:00","description":"Precizn\u00ed medic\u00edna je hlavn\u00ed specializac\u00ed Genekoru, kter\u00fd prov\u00e1d\u00ed genetick\u00e9 testy na rakovinu, kardiovaskul\u00e1rn\u00ed onemocn\u011bn\u00ed a dal\u0161\u00ed.","breadcrumb":{"@id":"https:\/\/genekor.com\/cs\/#breadcrumb"},"inLanguage":"cs","potentialAction":[{"@type":"ReadAction","target":["https:\/\/genekor.com\/cs\/"]}]},{"@type":"BreadcrumbList","@id":"https:\/\/genekor.com\/cs\/#breadcrumb","itemListElement":[{"@type":"ListItem","position":1,"name":"Home","item":"https:\/\/genekor.com\/cs\/"},{"@type":"ListItem","position":2,"name":"Domov"}]},{"@type":"WebSite","@id":"https:\/\/genekor.com\/cs\/#website","url":"https:\/\/genekor.com\/cs\/","name":"Genekor","description":"\u039c\u03bf\u03c1\u03b9\u03b1\u03ba\u03ae \u0393\u03b5\u03bd\u03b5\u03c4\u03b9\u03ba\u03ae","publisher":{"@id":"https:\/\/genekor.com\/cs\/#organization"},"potentialAction":[{"@type":"SearchAction","target":{"@type":"EntryPoint","urlTemplate":"https:\/\/genekor.com\/cs\/?s={search_term_string}"},"query-input":{"@type":"PropertyValueSpecification","valueRequired":true,"valueName":"search_term_string"}}],"inLanguage":"cs"},{"@type":"Organization","@id":"https:\/\/genekor.com\/cs\/#organization","name":"Genekor","url":"https:\/\/genekor.com\/cs\/","logo":{"@type":"ImageObject","inLanguage":"cs","@id":"https:\/\/genekor.com\/cs\/#\/schema\/logo\/image\/","url":"https:\/\/genekor.com\/wp-content\/uploads\/2021\/09\/logo-black.svg","contentUrl":"https:\/\/genekor.com\/wp-content\/uploads\/2021\/09\/logo-black.svg","width":1,"height":1,"caption":"Genekor"},"image":{"@id":"https:\/\/genekor.com\/cs\/#\/schema\/logo\/image\/"},"sameAs":["https:\/\/www.facebook.com\/genekorbiotechnology\/","https:\/\/gr.linkedin.com\/company\/genekor-sa","https:\/\/www.youtube.com\/channel\/UCKC7sMFecVBY-OZAlRBHNzA"]}]}},"_links":{"self":[{"href":"https:\/\/genekor.com\/cs\/wp-json\/wp\/v2\/pages\/10558","targetHints":{"allow":["GET"]}}],"collection":[{"href":"https:\/\/genekor.com\/cs\/wp-json\/wp\/v2\/pages"}],"about":[{"href":"https:\/\/genekor.com\/cs\/wp-json\/wp\/v2\/types\/page"}],"author":[{"embeddable":true,"href":"https:\/\/genekor.com\/cs\/wp-json\/wp\/v2\/users\/1"}],"replies":[{"embeddable":true,"href":"https:\/\/genekor.com\/cs\/wp-json\/wp\/v2\/comments?post=10558"}],"version-history":[{"count":12,"href":"https:\/\/genekor.com\/cs\/wp-json\/wp\/v2\/pages\/10558\/revisions"}],"predecessor-version":[{"id":20324,"href":"https:\/\/genekor.com\/cs\/wp-json\/wp\/v2\/pages\/10558\/revisions\/20324"}],"wp:attachment":[{"href":"https:\/\/genekor.com\/cs\/wp-json\/wp\/v2\/media?parent=10558"}],"curies":[{"name":"wp","href":"https:\/\/api.w.org\/{rel}","templated":true}]}}